{"id":1240,"date":"2022-09-08T13:12:46","date_gmt":"2022-09-08T11:12:46","guid":{"rendered":"https:\/\/lerevedegaia.fr\/?page_id=1240"},"modified":"2022-09-20T09:15:16","modified_gmt":"2022-09-20T07:15:16","slug":"page-de-test","status":"publish","type":"page","link":"https:\/\/lerevedegaia.fr\/?page_id=1240","title":{"rendered":"PAGE DE TEST"},"content":{"rendered":"\t\t<div data-elementor-type=\"wp-page\" data-elementor-id=\"1240\" class=\"elementor elementor-1240\">\n\t\t\t\t\t\t\t\t\t<section class=\"elementor-section elementor-top-section elementor-element elementor-element-269029d elementor-section-boxed elementor-section-height-default elementor-section-height-default exad-glass-effect-no exad-sticky-section-no\" data-id=\"269029d\" data-element_type=\"section\">\n\t\t\t\t\t\t<div class=\"elementor-container elementor-column-gap-default\">\n\t\t\t\t\t<div class=\"elementor-column elementor-col-100 elementor-top-column elementor-element elementor-element-669c16f exad-glass-effect-no exad-sticky-section-no\" data-id=\"669c16f\" data-element_type=\"column\">\n\t\t\t<div class=\"elementor-widget-wrap elementor-element-populated\">\n\t\t\t\t\t\t\t\t<div class=\"elementor-element elementor-element-f1221d8 exad-sticky-section-no exad-glass-effect-no elementor-widget elementor-widget-exad-modal-popup\" data-id=\"f1221d8\" data-element_type=\"widget\" data-widget_type=\"exad-modal-popup.default\">\n\t\t\t\t<div class=\"elementor-widget-container\">\n\t\t\t\t\t\n\t\t<div class=\"exad-modal\">\n\t\t\t<div class=\"exad-modal-wrapper\">\n\n\t\t\t\t<div class=\"exad-modal-button exad-modal-btn-fixed-width-no\">\n\t\t\t\t\t<a href=\"#\" class=\"exad-modal-image-action image-modal\" data-exad-modal=\"#exad-modal-f1221d8\" data-exad-overlay=\"yes\" >\n\t\t\t\t\t\t<span class=\"exad-modal-action-icon-left\">\n\t\t\t\t\t\t\t<i aria-hidden=\"true\" class=\"fab fa-wordpress-simple\"><\/i>Click Me\t\t\t\t\t\t<\/span>\n\t\t\t\t\t<\/a>\n\t\t\t\t<\/div>\n\t\t\n\t\t\t\t<div id=\"exad-modal-f1221d8\" class=\"exad-modal-item modal-vimeo top-to-middle shortcode exad-content-overflow-x-yes exad-content-overflow-y-yes\" >\n\t\t\t\t\t<div class=\"exad-modal-content\">\n\t\t\t\t\t\t<div class=\"exad-modal-element \">\n\t\t\t\t\t\t\t\t\t<div data-elementor-type=\"wp-post\" data-elementor-id=\"1393\" class=\"elementor elementor-1393\">\n\t\t\t\t\t\t\t\t\t<section class=\"elementor-section elementor-top-section elementor-element elementor-element-6fddcda elementor-section-boxed elementor-section-height-default elementor-section-height-default exad-glass-effect-no exad-sticky-section-no\" data-id=\"6fddcda\" data-element_type=\"section\">\n\t\t\t\t\t\t<div class=\"elementor-container elementor-column-gap-default\">\n\t\t\t\t\t<div class=\"elementor-column elementor-col-100 elementor-top-column elementor-element elementor-element-ac6c711 exad-glass-effect-no exad-sticky-section-no\" data-id=\"ac6c711\" data-element_type=\"column\">\n\t\t\t<div class=\"elementor-widget-wrap elementor-element-populated\">\n\t\t\t\t\t\t\t\t<section class=\"elementor-section elementor-inner-section elementor-element elementor-element-b38132a elementor-section-boxed elementor-section-height-default elementor-section-height-default exad-glass-effect-no exad-sticky-section-no\" data-id=\"b38132a\" data-element_type=\"section\">\n\t\t\t\t\t\t<div class=\"elementor-container elementor-column-gap-default\">\n\t\t\t\t\t<div class=\"elementor-column elementor-col-100 elementor-inner-column elementor-element elementor-element-c363b63 exad-glass-effect-no exad-sticky-section-no\" data-id=\"c363b63\" data-element_type=\"column\">\n\t\t\t<div class=\"elementor-widget-wrap elementor-element-populated\">\n\t\t\t\t\t\t\t\t<div class=\"elementor-element elementor-element-5efa85d elementor-drop-cap-yes elementor-widget__width-initial elementor-drop-cap-view-default exad-sticky-section-no exad-glass-effect-no elementor-widget elementor-widget-text-editor\" data-id=\"5efa85d\" data-element_type=\"widget\" data-settings=\"{&quot;drop_cap&quot;:&quot;yes&quot;}\" data-widget_type=\"text-editor.default\">\n\t\t\t\t<div class=\"elementor-widget-container\">\n\t\t\t<style>\/*! elementor - v3.8.0 - 30-10-2022 *\/\n.elementor-widget-text-editor.elementor-drop-cap-view-stacked .elementor-drop-cap{background-color:#818a91;color:#fff}.elementor-widget-text-editor.elementor-drop-cap-view-framed .elementor-drop-cap{color:#818a91;border:3px solid;background-color:transparent}.elementor-widget-text-editor:not(.elementor-drop-cap-view-default) .elementor-drop-cap{margin-top:8px}.elementor-widget-text-editor:not(.elementor-drop-cap-view-default) .elementor-drop-cap-letter{width:1em;height:1em}.elementor-widget-text-editor .elementor-drop-cap{float:left;text-align:center;line-height:1;font-size:50px}.elementor-widget-text-editor .elementor-drop-cap-letter{display:inline-block}<\/style>\t\t\t\t<h1 class=\"titre traitementparticulier-non\"><strong>Une \u00e9trange l\u00e9gende bretonne<\/strong><\/h1><p id=\"pa3\" class=\"para\"><em><strong>Le roi Gradlon est en deuil depuis la mort de la reine Malven, native d\u2019un pays non chr\u00e9tien du Nord. De leur union pass\u00e9e est n\u00e9e, sur la mer, une fille\u00a0: Dahut. Sous l\u2019influence d\u2019un saint homme, Corentin, Gradlon peuple sa ville, Quimper, d\u2019\u00e9difices religieux. Devenue adolescente, Dahut exprime une aversion pour la religion chr\u00e9tienne et voue un amour exclusif \u00e0 la mer. Cette passion d\u00e9cide Gradlon \u00e0 b\u00e2tir une cit\u00e9 sur l\u2019onde\u00a0: Ys. Dahut s\u2019efforce ensuite de combattre le culte du Dieu chr\u00e9tien et prend plaisir \u00e0 tuer ses amants. L\u2019\u00e9v\u00eaque Gu\u00e9nol\u00e9 l\u2019exhorte vainement \u00e0 une conduite vertueuse. Appara\u00eet un homme inqui\u00e9tant, l\u2019\u00c9tranger, dont Dahut tombe amoureuse. Il s\u2019agit du Diable. Il pousse Dahut \u00e0 voler les clefs de la digue d\u2019Ys et \u00e0 provoquer la submersion de la cit\u00e9. Fuyant avec son p\u00e8re, Dahut meurt noy\u00e9e apr\u00e8s que Gu\u00e9nol\u00e9 l\u2019ait d\u00e9nonc\u00e9e comme responsable de la catastrophe et lui ait ordonn\u00e9 de retourner \u00e0 la mer.<\/strong><\/em><\/p>\t\t\t\t\t\t<\/div>\n\t\t\t\t<\/div>\n\t\t\t\t\t<\/div>\n\t\t<\/div>\n\t\t\t\t\t\t\t<\/div>\n\t\t<\/section>\n\t\t\t\t\t<\/div>\n\t\t<\/div>\n\t\t\t\t\t\t\t<\/div>\n\t\t<\/section>\n\t\t\t\t\t\t\t<\/div>\n\t\t\n\t\t\t\t\t\t\t<div class=\"exad-close-btn\">\n\t\t\t\t\t\t\t\t<span><\/span>\n\t\t\t\t\t\t\t<\/div>\n\n\t\t\t\t\t\t<\/div>\n\t\t\t\t\t<\/div>\n\t\t\t\t<\/div>\n\t\t\t<\/div>\n\t\t\t<div class=\"exad-modal-overlay\" data-exad_overlay_click_close=\"yes\"><\/div>\n\t\t<\/div>\n\t\t\t<\/div>\n\t\t\t\t<\/div>\n\t\t\t\t\t<\/div>\n\t\t<\/div>\n\t\t\t\t\t\t\t<\/div>\n\t\t<\/section>\n\t\t\t\t<section class=\"elementor-section elementor-top-section elementor-element elementor-element-51639281 elementor-section-content-middle elementor-section-boxed elementor-section-height-default elementor-section-height-default exad-glass-effect-no exad-sticky-section-no\" data-id=\"51639281\" data-element_type=\"section\">\n\t\t\t\t\t\t<div class=\"elementor-container elementor-column-gap-default\">\n\t\t\t\t\t<div class=\"elementor-column elementor-col-33 elementor-top-column elementor-element elementor-element-7a3b9ed exad-glass-effect-no exad-sticky-section-no\" data-id=\"7a3b9ed\" data-element_type=\"column\">\n\t\t\t<div class=\"elementor-widget-wrap elementor-element-populated\">\n\t\t\t\t\t\t\t\t<div class=\"elementor-element elementor-element-5d377816 exad-sticky-section-no exad-glass-effect-no elementor-widget elementor-widget-image\" data-id=\"5d377816\" data-element_type=\"widget\" data-widget_type=\"image.default\">\n\t\t\t\t<div class=\"elementor-widget-container\">\n\t\t\t<style>\/*! elementor - v3.8.0 - 30-10-2022 *\/\n.elementor-widget-image{text-align:center}.elementor-widget-image a{display:inline-block}.elementor-widget-image a img[src$=\".svg\"]{width:48px}.elementor-widget-image img{vertical-align:middle;display:inline-block}<\/style>\t\t\t\t\t\t\t\t\t\t\t\t<img loading=\"lazy\" decoding=\"async\" width=\"141\" height=\"40\" src=\"https:\/\/lerevedegaia.fr\/wp-content\/uploads\/2022\/09\/Header_17_Styles.png\" class=\"attachment-large size-large\" alt=\"\" \/>\t\t\t\t\t\t\t\t\t\t\t\t\t\t\t<\/div>\n\t\t\t\t<\/div>\n\t\t\t\t\t<\/div>\n\t\t<\/div>\n\t\t\t\t<div class=\"elementor-column elementor-col-33 elementor-top-column elementor-element elementor-element-6b1963f9 exad-glass-effect-no exad-sticky-section-no\" data-id=\"6b1963f9\" data-element_type=\"column\">\n\t\t\t<div class=\"elementor-widget-wrap elementor-element-populated\">\n\t\t\t\t\t\t\t\t<div class=\"elementor-element elementor-element-630f1676 exad-sticky-section-no exad-glass-effect-no elementor-widget elementor-widget-ekit-nav-menu\" data-id=\"630f1676\" data-element_type=\"widget\" data-widget_type=\"ekit-nav-menu.default\">\n\t\t\t\t<div class=\"elementor-widget-container\">\n\t\t\t<div class=\"ekit-wid-con ekit_menu_responsive_tablet\" data-hamburger-icon=\"\" data-hamburger-icon-type=\"icon\" data-responsive-breakpoint=\"1024\">            <button class=\"elementskit-menu-hamburger elementskit-menu-toggler\">\n                                    <span class=\"elementskit-menu-hamburger-icon\"><\/span><span class=\"elementskit-menu-hamburger-icon\"><\/span><span class=\"elementskit-menu-hamburger-icon\"><\/span>\n                            <\/button>\n            <div id=\"ekit-megamenu-navigation\" class=\"elementskit-menu-container elementskit-menu-offcanvas-elements elementskit-navbar-nav-default elementskit_line_arrow ekit-nav-menu-one-page-no ekit-nav-dropdown-hover\"><ul id=\"menu-navigation\" class=\"elementskit-navbar-nav elementskit-menu-po-center submenu-click-on-icon\"><li id=\"menu-item-842\" class=\"menu-item menu-item-type-post_type menu-item-object-page menu-item-842 nav-item elementskit-mobile-builder-content\" data-vertical-menu=750px><a href=\"https:\/\/lerevedegaia.fr\/?page_id=830\" class=\"ekit-menu-nav-link\">A PROPOS<\/a><\/li>\n<li id=\"menu-item-879\" class=\"menu-item menu-item-type-post_type menu-item-object-page menu-item-879 nav-item elementskit-mobile-builder-content\" data-vertical-menu=750px><a href=\"https:\/\/lerevedegaia.fr\/?page_id=856\" class=\"ekit-menu-nav-link\">LE PROJET<\/a><\/li>\n<li id=\"menu-item-904\" class=\"menu-item menu-item-type-post_type menu-item-object-page menu-item-904 nav-item elementskit-mobile-builder-content\" data-vertical-menu=750px><a href=\"https:\/\/lerevedegaia.fr\/?page_id=883\" class=\"ekit-menu-nav-link\">LE VILLAGE<\/a><\/li>\n<li id=\"menu-item-934\" class=\"menu-item menu-item-type-post_type menu-item-object-page menu-item-934 nav-item elementskit-mobile-builder-content\" data-vertical-menu=750px><a href=\"https:\/\/lerevedegaia.fr\/?page_id=911\" class=\"ekit-menu-nav-link\">LES \u00c9TAPES<\/a><\/li>\n<li id=\"menu-item-971\" class=\"menu-item menu-item-type-post_type menu-item-object-page menu-item-has-children menu-item-971 nav-item elementskit-dropdown-has relative_position elementskit-dropdown-menu-default_width elementskit-mobile-builder-content\" data-vertical-menu=750px><a href=\"https:\/\/lerevedegaia.fr\/?page_id=944\" class=\"ekit-menu-nav-link ekit-menu-dropdown-toggle\">LE CHALLENGE DE ZAZA<i class=\"icon icon-down-arrow1 elementskit-submenu-indicator\"><\/i><\/a>\n<ul class=\"elementskit-dropdown elementskit-submenu-panel\">\n\t<li id=\"menu-item-1218\" class=\"menu-item menu-item-type-post_type menu-item-object-page menu-item-1218 nav-item elementskit-mobile-builder-content\" data-vertical-menu=750px><a href=\"https:\/\/lerevedegaia.fr\/?page_id=1213\" class=\" dropdown-item\">PEINTURE INT\u00c9RIEURE<\/a>\t<li id=\"menu-item-1159\" class=\"menu-item menu-item-type-post_type menu-item-object-page menu-item-1159 nav-item elementskit-mobile-builder-content\" data-vertical-menu=750px><a href=\"https:\/\/lerevedegaia.fr\/?page_id=1154\" class=\" dropdown-item\">LA R\u00c9SINE<\/a>\t<li id=\"menu-item-1230\" class=\"menu-item menu-item-type-post_type menu-item-object-page menu-item-1230 nav-item elementskit-mobile-builder-content\" data-vertical-menu=750px><a href=\"https:\/\/lerevedegaia.fr\/?page_id=1225\" class=\" dropdown-item\">R\u00c9C\u00c9PTION DU GARAGE<\/a>\t<li id=\"menu-item-1209\" class=\"menu-item menu-item-type-post_type menu-item-object-page menu-item-1209 nav-item elementskit-mobile-builder-content\" data-vertical-menu=750px><a href=\"https:\/\/lerevedegaia.fr\/?page_id=1198\" class=\" dropdown-item\">MONTAGE DU GARAGE<\/a>\t<li id=\"menu-item-1098\" class=\"menu-item menu-item-type-post_type menu-item-object-page menu-item-1098 nav-item elementskit-mobile-builder-content\" data-vertical-menu=750px><a href=\"https:\/\/lerevedegaia.fr\/?page_id=1063\" class=\" dropdown-item\">LA LASURE<\/a>\t<li id=\"menu-item-1141\" class=\"menu-item menu-item-type-post_type menu-item-object-page menu-item-1141 nav-item elementskit-mobile-builder-content\" data-vertical-menu=750px><a href=\"https:\/\/lerevedegaia.fr\/?page_id=1102\" class=\" dropdown-item\">\u00c9lectrification du garage<\/a>\t<li id=\"menu-item-1138\" class=\"menu-item menu-item-type-post_type menu-item-object-page menu-item-1138 nav-item elementskit-mobile-builder-content\" data-vertical-menu=750px><a href=\"https:\/\/lerevedegaia.fr\/?page_id=1121\" class=\" dropdown-item\">LA CUISINE<\/a>\t<li id=\"menu-item-1197\" class=\"menu-item menu-item-type-post_type menu-item-object-page menu-item-1197 nav-item elementskit-mobile-builder-content\" data-vertical-menu=750px><a href=\"https:\/\/lerevedegaia.fr\/?page_id=1186\" class=\" dropdown-item\">LES PLACARDS<\/a>\t<li id=\"menu-item-1181\" class=\"menu-item menu-item-type-post_type menu-item-object-page menu-item-1181 nav-item elementskit-mobile-builder-content\" data-vertical-menu=750px><a href=\"https:\/\/lerevedegaia.fr\/?page_id=1173\" class=\" dropdown-item\">LA SALLE DE BAINS<\/a>\t<li id=\"menu-item-2841\" class=\"menu-item menu-item-type-post_type menu-item-object-page menu-item-2841 nav-item elementskit-mobile-builder-content\" data-vertical-menu=750px><a href=\"https:\/\/lerevedegaia.fr\/?page_id=1919\" class=\" dropdown-item\">B.A.L.<\/a><\/ul>\n<\/li>\n<li id=\"menu-item-2891\" class=\"menu-item menu-item-type-post_type menu-item-object-page menu-item-2891 nav-item elementskit-mobile-builder-content\" data-vertical-menu=750px><a href=\"https:\/\/lerevedegaia.fr\/?page_id=989\" class=\"ekit-menu-nav-link\">DOSSIERS<\/a><\/li>\n<li id=\"menu-item-2892\" class=\"menu-item menu-item-type-post_type menu-item-object-page menu-item-2892 nav-item elementskit-mobile-builder-content\" data-vertical-menu=750px><a href=\"https:\/\/lerevedegaia.fr\/?page_id=216\" class=\"ekit-menu-nav-link\">GALERIE<\/a><\/li>\n<li id=\"menu-item-2893\" class=\"menu-item menu-item-type-post_type menu-item-object-page menu-item-2893 nav-item elementskit-mobile-builder-content\" data-vertical-menu=750px><a href=\"https:\/\/lerevedegaia.fr\/?page_id=969\" class=\"ekit-menu-nav-link\">MERCI<\/a><\/li>\n<li id=\"menu-item-2894\" class=\"menu-item menu-item-type-post_type menu-item-object-page menu-item-2894 nav-item elementskit-mobile-builder-content\" data-vertical-menu=750px><a href=\"https:\/\/lerevedegaia.fr\/?page_id=1051\" class=\"ekit-menu-nav-link\">CONTACT<\/a><\/li>\n<li id=\"menu-item-2965\" class=\"menu-item menu-item-type-post_type menu-item-object-page current_page_parent menu-item-2965 nav-item elementskit-mobile-builder-content\" data-vertical-menu=750px><a href=\"https:\/\/lerevedegaia.fr\/?page_id=2945\" class=\"ekit-menu-nav-link\">BLOG<\/a><\/li>\n<\/ul>\n\t\t\t\t<div class=\"elementskit-nav-identity-panel\">\n\t\t\t\t\t<div class=\"elementskit-site-title\">\n\t\t\t\t\t\t<a class=\"elementskit-nav-logo\" href=\"https:\/\/lerevedegaia.fr\" target=\"_self\" rel=\"\">\n                            <img loading=\"lazy\" decoding=\"async\" width=\"1200\" height=\"800\" src=\"https:\/\/lerevedegaia.fr\/wp-content\/uploads\/2022\/09\/placeholder-664.png\" class=\"attachment-full size-full\" alt=\"\" srcset=\"https:\/\/lerevedegaia.fr\/wp-content\/uploads\/2022\/09\/placeholder-664.png 1200w, https:\/\/lerevedegaia.fr\/wp-content\/uploads\/2022\/09\/placeholder-664-300x200.png 300w, https:\/\/lerevedegaia.fr\/wp-content\/uploads\/2022\/09\/placeholder-664-1024x683.png 1024w, https:\/\/lerevedegaia.fr\/wp-content\/uploads\/2022\/09\/placeholder-664-768x512.png 768w\" sizes=\"auto, (max-width: 1200px) 100vw, 1200px\" \/>\n\t\t\t\t\t\t<\/a> \n\t\t\t\t\t<\/div>\n\t\t\t\t\t<button class=\"elementskit-menu-close elementskit-menu-toggler\" type=\"button\">X<\/button>\n\t\t\t\t<\/div>\n\t\t\t<\/div><div class=\"elementskit-menu-overlay elementskit-menu-offcanvas-elements elementskit-menu-toggler ekit-nav-menu--overlay\"><\/div><\/div>\t\t<\/div>\n\t\t\t\t<\/div>\n\t\t\t\t\t<\/div>\n\t\t<\/div>\n\t\t\t\t<div class=\"elementor-column elementor-col-33 elementor-top-column elementor-element elementor-element-79bef2e6 exad-glass-effect-no exad-sticky-section-no\" data-id=\"79bef2e6\" data-element_type=\"column\">\n\t\t\t<div class=\"elementor-widget-wrap elementor-element-populated\">\n\t\t\t\t\t\t\t\t<div class=\"elementor-element elementor-element-51c4c00a elementor-widget__width-auto exad-sticky-section-no exad-glass-effect-no elementor-widget elementor-widget-elementskit-header-search\" data-id=\"51c4c00a\" data-element_type=\"widget\" data-widget_type=\"elementskit-header-search.default\">\n\t\t\t\t<div class=\"elementor-widget-container\">\n\t\t\t<div class=\"ekit-wid-con\" >        <a href=\"#ekit_modal-popup-51c4c00a\" class=\"ekit_navsearch-button ekit-modal-popup\">\n            <i aria-hidden=\"true\" class=\"icon icon-search\"><\/i>        <\/a>\n        <!-- language switcher strart -->\n        <!-- xs modal -->\n        <div class=\"zoom-anim-dialog mfp-hide ekit_modal-searchPanel\" id=\"ekit_modal-popup-51c4c00a\">\n            <div class=\"ekit-search-panel\">\n            <!-- Polylang search - thanks to Alain Melsens -->\n                <form role=\"search\" method=\"get\" class=\"ekit-search-group\" action=\"https:\/\/lerevedegaia.fr\/\">\n                    <input type=\"search\" class=\"ekit_search-field\" placeholder=\"Search...\" value=\"\" name=\"s\" \/>\n                    <button type=\"submit\" class=\"ekit_search-button\">\n                        <i aria-hidden=\"true\" class=\"icon icon-search\"><\/i>                    <\/button>\n                <\/form>\n            <\/div>\n        <\/div><!-- End xs modal -->\n        <!-- end language switcher strart -->\n        <\/div>\t\t<\/div>\n\t\t\t\t<\/div>\n\t\t\t\t<div class=\"elementor-element elementor-element-314e468b elementor-widget__width-auto ekit-off-canvas-position-right exad-sticky-section-no exad-glass-effect-no elementor-widget elementor-widget-elementskit-header-offcanvas\" data-id=\"314e468b\" data-element_type=\"widget\" data-widget_type=\"elementskit-header-offcanvas.default\">\n\t\t\t\t<div class=\"elementor-widget-container\">\n\t\t\t<div class=\"ekit-wid-con\" >        <div class=\"ekit-offcanvas-toggle-wraper\">\n            <a href=\"#\" class=\"ekit_navSidebar-button ekit_offcanvas-sidebar\">\n                <i aria-hidden=\"true\" class=\"icon icon-burger-menu\"><\/i>            <\/a>\n        <\/div>\n        <!-- offset cart strart -->\n        <!-- sidebar cart item -->\n        <div class=\"ekit-sidebar-group info-group\">\n            <div class=\"ekit-overlay ekit-bg-black\"><\/div>\n            <div class=\"ekit-sidebar-widget\">\n                <div class=\"ekit_sidebar-widget-container\">\n                    <div class=\"ekit_widget-heading\">\n                        <a href=\"#\" class=\"ekit_close-side-widget\">\n\n                            <i aria-hidden=\"true\" class=\"fas fa-times\"><\/i>\n                        <\/a>\n                    <\/div>\n                    <div class=\"ekit_sidebar-textwidget\">\n                        \n\t\t<div class=\"widgetarea_warper widgetarea_warper_editable\" data-elementskit-widgetarea-key=\"314e468b\"  data-elementskit-widgetarea-index=\"99\">\n\t\t\t<div class=\"widgetarea_warper_edit\" data-elementskit-widgetarea-key=\"314e468b\" data-elementskit-widgetarea-index=\"99\">\n\t\t\t\t<i class=\"eicon-edit\" aria-hidden=\"true\"><\/i>\n\t\t\t\t<span class=\"elementor-screen-only\">Edit<\/span>\n\t\t\t<\/div>\n\n\t\t\t\t\t\t\t\t<div class=\"elementor-widget-container\">\n\t\t\t\t\tClick here to add content.\t\t\t\t\t<\/div>\n\t\t\t\t\t\t<\/div>\n\t\t \n                    <\/div>\n                <\/div>\n            <\/div>\n        <\/div> <!-- END sidebar widget item -->\n        <!-- END offset cart strart -->\n        <\/div>\t\t<\/div>\n\t\t\t\t<\/div>\n\t\t\t\t\t<\/div>\n\t\t<\/div>\n\t\t\t\t\t\t\t<\/div>\n\t\t<\/section>\n\t\t\t\t\t\t\t<\/div>\n\t\t","protected":false},"excerpt":{"rendered":"<p>Click Me Une \u00e9trange l\u00e9gende bretonne Le roi Gradlon est en deuil depuis la mort de la reine Malven, native d\u2019un pays non chr\u00e9tien du Nord. De leur union pass\u00e9e est n\u00e9e, sur la mer, une fille\u00a0: Dahut. Sous l\u2019influence d\u2019un saint homme, Corentin, Gradlon peuple sa ville, Quimper, d\u2019\u00e9difices religieux. Devenue adolescente, Dahut exprime une aversion pour la religion chr\u00e9tienne et voue un amour exclusif \u00e0 la mer. Cette passion d\u00e9cide Gradlon \u00e0 b\u00e2tir une cit\u00e9 sur l\u2019onde\u00a0: Ys. Dahut s\u2019efforce ensuite de combattre le culte du Dieu chr\u00e9tien et prend plaisir \u00e0 tuer ses amants. L\u2019\u00e9v\u00eaque Gu\u00e9nol\u00e9 l\u2019exhorte\u2026<\/p>\n","protected":false},"author":1,"featured_media":0,"parent":0,"menu_order":0,"comment_status":"closed","ping_status":"closed","template":"","meta":{"footnotes":""},"class_list":["post-1240","page","type-page","status-publish","hentry"],"blocksy_meta":{"styles_descriptor":{"styles":{"desktop":"","tablet":"","mobile":""},"google_fonts":[],"version":5}},"_links":{"self":[{"href":"https:\/\/lerevedegaia.fr\/index.php?rest_route=\/wp\/v2\/pages\/1240","targetHints":{"allow":["GET"]}}],"collection":[{"href":"https:\/\/lerevedegaia.fr\/index.php?rest_route=\/wp\/v2\/pages"}],"about":[{"href":"https:\/\/lerevedegaia.fr\/index.php?rest_route=\/wp\/v2\/types\/page"}],"author":[{"embeddable":true,"href":"https:\/\/lerevedegaia.fr\/index.php?rest_route=\/wp\/v2\/users\/1"}],"replies":[{"embeddable":true,"href":"https:\/\/lerevedegaia.fr\/index.php?rest_route=%2Fwp%2Fv2%2Fcomments&post=1240"}],"version-history":[{"count":52,"href":"https:\/\/lerevedegaia.fr\/index.php?rest_route=\/wp\/v2\/pages\/1240\/revisions"}],"predecessor-version":[{"id":2928,"href":"https:\/\/lerevedegaia.fr\/index.php?rest_route=\/wp\/v2\/pages\/1240\/revisions\/2928"}],"wp:attachment":[{"href":"https:\/\/lerevedegaia.fr\/index.php?rest_route=%2Fwp%2Fv2%2Fmedia&parent=1240"}],"curies":[{"name":"wp","href":"https:\/\/api.w.org\/{rel}","templated":true}]}}