{"id":1586,"date":"2022-09-09T13:50:11","date_gmt":"2022-09-09T11:50:11","guid":{"rendered":"https:\/\/lerevedegaia.fr\/?page_id=1586"},"modified":"2022-09-16T13:47:24","modified_gmt":"2022-09-16T11:47:24","slug":"la-cite-d-ys","status":"publish","type":"page","link":"https:\/\/lerevedegaia.fr\/?page_id=1586","title":{"rendered":"&#8211; La cit\u00e9 d&rsquo; Ys &#8211;"},"content":{"rendered":"\t\t<div data-elementor-type=\"wp-page\" data-elementor-id=\"1586\" class=\"elementor elementor-1586\">\n\t\t\t\t\t\t\t\t\t<section class=\"elementor-section elementor-top-section elementor-element elementor-element-3947559 elementor-section-boxed elementor-section-height-default elementor-section-height-default exad-glass-effect-no exad-sticky-section-no\" data-id=\"3947559\" data-element_type=\"section\">\n\t\t\t\t\t\t<div class=\"elementor-container elementor-column-gap-default\">\n\t\t\t\t\t<div class=\"elementor-column elementor-col-100 elementor-top-column elementor-element elementor-element-930236c exad-glass-effect-no exad-sticky-section-no\" data-id=\"930236c\" data-element_type=\"column\">\n\t\t\t<div class=\"elementor-widget-wrap elementor-element-populated\">\n\t\t\t\t\t\t\t\t<div class=\"elementor-element elementor-element-54431ad exad-sticky-section-no exad-glass-effect-no elementor-widget elementor-widget-image\" data-id=\"54431ad\" data-element_type=\"widget\" data-widget_type=\"image.default\">\n\t\t\t\t<div class=\"elementor-widget-container\">\n\t\t\t<style>\/*! elementor - v3.8.0 - 30-10-2022 *\/\n.elementor-widget-image{text-align:center}.elementor-widget-image a{display:inline-block}.elementor-widget-image a img[src$=\".svg\"]{width:48px}.elementor-widget-image img{vertical-align:middle;display:inline-block}<\/style>\t\t\t\t\t\t\t\t\t<figure class=\"wp-caption\">\n\t\t\t\t\t\t\t\t\t\t<img loading=\"lazy\" decoding=\"async\" width=\"960\" height=\"540\" src=\"https:\/\/lerevedegaia.fr\/wp-content\/uploads\/2022\/09\/ys-citee-engloutie-douarnenez.jpeg\" class=\"attachment-large size-large\" alt=\"\" srcset=\"https:\/\/lerevedegaia.fr\/wp-content\/uploads\/2022\/09\/ys-citee-engloutie-douarnenez.jpeg 960w, https:\/\/lerevedegaia.fr\/wp-content\/uploads\/2022\/09\/ys-citee-engloutie-douarnenez-300x169.jpeg 300w, https:\/\/lerevedegaia.fr\/wp-content\/uploads\/2022\/09\/ys-citee-engloutie-douarnenez-768x432.jpeg 768w, https:\/\/lerevedegaia.fr\/wp-content\/uploads\/2022\/09\/ys-citee-engloutie-douarnenez-800x450.jpeg 800w\" sizes=\"auto, (max-width: 960px) 100vw, 960px\" \/>\t\t\t\t\t\t\t\t\t\t\t<figcaption class=\"widget-image-caption wp-caption-text\">Fouille dans la baie de Douarnenez<\/figcaption>\n\t\t\t\t\t\t\t\t\t\t<\/figure>\n\t\t\t\t\t\t\t\t\t<\/div>\n\t\t\t\t<\/div>\n\t\t\t\t\t<\/div>\n\t\t<\/div>\n\t\t\t\t\t\t\t<\/div>\n\t\t<\/section>\n\t\t\t\t<section class=\"elementor-section elementor-top-section elementor-element elementor-element-a6b337c elementor-section-boxed elementor-section-height-default elementor-section-height-default exad-glass-effect-no exad-sticky-section-no\" data-id=\"a6b337c\" data-element_type=\"section\">\n\t\t\t\t\t\t<div class=\"elementor-container elementor-column-gap-default\">\n\t\t\t\t\t<div class=\"elementor-column elementor-col-100 elementor-top-column elementor-element elementor-element-290ff48 exad-glass-effect-no exad-sticky-section-no\" data-id=\"290ff48\" data-element_type=\"column\">\n\t\t\t<div class=\"elementor-widget-wrap elementor-element-populated\">\n\t\t\t\t\t\t\t\t<div class=\"elementor-element elementor-element-3ec92ee exad-sticky-section-no exad-glass-effect-no elementor-widget elementor-widget-spacer\" data-id=\"3ec92ee\" data-element_type=\"widget\" data-widget_type=\"spacer.default\">\n\t\t\t\t<div class=\"elementor-widget-container\">\n\t\t\t<style>\/*! elementor - v3.8.0 - 30-10-2022 *\/\n.elementor-column .elementor-spacer-inner{height:var(--spacer-size)}.e-con{--container-widget-width:100%}.e-con-inner>.elementor-widget-spacer,.e-con>.elementor-widget-spacer{width:var(--container-widget-width,var(--spacer-size));-ms-flex-item-align:stretch;align-self:stretch;-ms-flex-negative:0;flex-shrink:0}.e-con-inner>.elementor-widget-spacer>.elementor-widget-container,.e-con-inner>.elementor-widget-spacer>.elementor-widget-container>.elementor-spacer,.e-con>.elementor-widget-spacer>.elementor-widget-container,.e-con>.elementor-widget-spacer>.elementor-widget-container>.elementor-spacer{height:100%}.e-con-inner>.elementor-widget-spacer>.elementor-widget-container>.elementor-spacer>.elementor-spacer-inner,.e-con>.elementor-widget-spacer>.elementor-widget-container>.elementor-spacer>.elementor-spacer-inner{height:var(--container-widget-height,var(--spacer-size))}<\/style>\t\t<div class=\"elementor-spacer\">\n\t\t\t<div class=\"elementor-spacer-inner\"><\/div>\n\t\t<\/div>\n\t\t\t\t<\/div>\n\t\t\t\t<\/div>\n\t\t\t\t\t<\/div>\n\t\t<\/div>\n\t\t\t\t\t\t\t<\/div>\n\t\t<\/section>\n\t\t\t\t<section class=\"elementor-section elementor-top-section elementor-element elementor-element-05145da elementor-section-boxed elementor-section-height-default elementor-section-height-default exad-glass-effect-no exad-sticky-section-no\" data-id=\"05145da\" data-element_type=\"section\" data-settings=\"{&quot;background_background&quot;:&quot;slideshow&quot;,&quot;background_slideshow_gallery&quot;:[{&quot;id&quot;:1847,&quot;url&quot;:&quot;https:\\\/\\\/lerevedegaia.fr\\\/wp-content\\\/uploads\\\/2022\\\/09\\\/depositphotos_24064571-stock-photo-old-paper-3.jpeg&quot;}],&quot;background_slideshow_loop&quot;:&quot;yes&quot;,&quot;background_slideshow_slide_duration&quot;:5000,&quot;background_slideshow_slide_transition&quot;:&quot;fade&quot;,&quot;background_slideshow_transition_duration&quot;:500}\">\n\t\t\t\t\t\t<div class=\"elementor-container elementor-column-gap-default\">\n\t\t\t\t\t<div class=\"elementor-column elementor-col-100 elementor-top-column elementor-element elementor-element-0d8a93a exad-glass-effect-no exad-sticky-section-no\" data-id=\"0d8a93a\" data-element_type=\"column\">\n\t\t\t<div class=\"elementor-widget-wrap elementor-element-populated\">\n\t\t\t\t\t\t\t\t<div class=\"elementor-element elementor-element-29df4d9 elementor-drop-cap-yes elementor-drop-cap-view-default exad-sticky-section-no exad-glass-effect-no elementor-widget elementor-widget-text-editor\" data-id=\"29df4d9\" data-element_type=\"widget\" data-settings=\"{&quot;drop_cap&quot;:&quot;yes&quot;}\" data-widget_type=\"text-editor.default\">\n\t\t\t\t<div class=\"elementor-widget-container\">\n\t\t\t<style>\/*! elementor - v3.8.0 - 30-10-2022 *\/\n.elementor-widget-text-editor.elementor-drop-cap-view-stacked .elementor-drop-cap{background-color:#818a91;color:#fff}.elementor-widget-text-editor.elementor-drop-cap-view-framed .elementor-drop-cap{color:#818a91;border:3px solid;background-color:transparent}.elementor-widget-text-editor:not(.elementor-drop-cap-view-default) .elementor-drop-cap{margin-top:8px}.elementor-widget-text-editor:not(.elementor-drop-cap-view-default) .elementor-drop-cap-letter{width:1em;height:1em}.elementor-widget-text-editor .elementor-drop-cap{float:left;text-align:center;line-height:1;font-size:50px}.elementor-widget-text-editor .elementor-drop-cap-letter{display:inline-block}<\/style>\t\t\t\t<p>La <strong>cit\u00e9 d\u2019Ys<\/strong> (ou <strong>Is<\/strong>), ville issue des <strong>contes bretons<\/strong>, a connu selon les l\u00e9gendes le m\u00eame sort que l\u2019<a title=\"Atlantide\" href=\"https:\/\/www.dol-celeb.com\/lieux\/atlantide\/\">Atlantide<\/a>, en finissant <strong>engloutie sous les eaux<\/strong>. <strong>Plusieurs r\u00e9cits<\/strong> existent \u00e0 son sujet, mais celui de <strong>Charles Guyot en 1926<\/strong> est <strong>le plus complet <\/strong>; il servira de r\u00e9f\u00e9rence \u00e0 tous ceux qui seront r\u00e9dig\u00e9s par la suite.<\/p><h2>GRADLON ET LA NAISSANCE DE AH\u00c8S<\/h2><p>La l\u00e9gende d\u00e9bute dans les <strong>terres barbares du Nord<\/strong>. Le <strong>duc Gradlon tomba amoureux de la reine ennemie Malgwen<\/strong>, une <strong>sorci\u00e8re<\/strong> montant <strong>Morvarc\u2019h<\/strong>, un <strong>cheval magique<\/strong>. Devenant <strong>amants<\/strong>, <strong>Malgwen aida Gradlon \u00e0 entrer dans la forteresse<\/strong> pour remporter la bataille. La victoire acquise, ils partirent dans le royaume de Gradlon. Mais Malgwen, enceinte, mourut durant le trajet en accouchant. Gradlon arriva au terme de son voyage, avec <strong>sa fille Ah\u00e8s<\/strong>, parfois appel\u00e9e <strong>Dahut<\/strong>.<\/p><h2>FONDATION DE LA CIT\u00c9 ET CHRISTIANISME<\/h2><p>Aimant Ah\u00e8s plus que tout, il <strong>fondit la cit\u00e9 d\u2019Ys pour sa fille dans la baie de Douarnenez<\/strong>. C\u2019\u00e9tait une <strong>ville extraordinaire entour\u00e9e de digues pour la prot\u00e9ger des eaux<\/strong>, avec une <strong>immense porte<\/strong><strong>\u00a0toujours ferm\u00e9e<\/strong> dont <strong>seul Gradlon avait la cl\u00e9<\/strong>. Elle \u00e9tait prosp\u00e8re et les habitants venaient de tous horizons. Les <strong>diff\u00e9rentes cultures<\/strong> s\u2019y m\u00ealaient et <strong>tout le monde y \u00e9tait riche<\/strong>. Elle \u00e9tait <strong>dirig\u00e9e par Gradlon<\/strong> qui veillait \u00e0 ce que <strong>tous les individus soient \u00e9gaux<\/strong> dans la cit\u00e9.<\/p><p>Un jour, les <strong>moines Corentin et Gu\u00e9nol\u00e9<\/strong> arriv\u00e8rent dans la cit\u00e9 pour <strong>b\u00e2tir une \u00e9glise<\/strong>. Gradlon refusa qu\u2019elle se tienne dans la cit\u00e9 afin de respecter le <strong>principe d\u2019universalit\u00e9 de la ville<\/strong>. Cependant, il leur permit de l\u2019\u00e9riger \u00e0 l\u2019ext\u00e9rieur, ce que les moines accept\u00e8rent, comprenant ses raisons. Tout se passait bien et les deux moines \u00e9taient heureux de vivre dans un lieu tel que celui-l\u00e0. Ils finirent m\u00eame par <strong>devenir amis avec Gradlon<\/strong> qui peu \u00e0 peu se convertit au christianisme.<\/p><h2>LES AMANTS DE AH\u00c8S<\/h2><p>Seulement, <strong>Ah\u00e8s profitait pleinement de ce qu\u2019offrait la cit\u00e9. Elle <\/strong>\u00e9tait aussi <strong>belle<\/strong> que sa m\u00e8re et lui ressemblait beaucoup (on dit que <strong>Malgwen lui avait donn\u00e9 ses traits avant de mourir<\/strong>). Ainsi, elle choisissait <strong>tous les soirs un amant<\/strong>, qu\u2019<strong>elle tuait aux premi\u00e8res lueurs du jour<\/strong>. Corentin et Gu\u00e9nol\u00e9 ne cessaient de pr\u00e9venir Gradlon que le comportement d\u2019<strong>Ah\u00e8s entra\u00eenerait la chute de la cit\u00e9<\/strong>, mais Gradlon refusait de les \u00e9couter.<\/p><p>Un soir, Ah\u00e8s choisit un nouvel amant qu\u2019elle voulait masqu\u00e9 comme d\u2019habitude. Le matin, au moment de le tuer, il enleva son masque. Alors, elle d\u00e9couvrit un <strong>homme aux cheveux \u00e9carlates et d\u2019une beaut\u00e9 qui la fascina<\/strong>. Elle en tomba amoureuse et <strong>lui promit corps et \u00e2me pour rester avec lui<\/strong>. L\u2019homme lui demanda la <strong>cl\u00e9 de la cit\u00e9<\/strong>, <strong>accroch\u00e9e au cou de Gradlon<\/strong> en \u00e9change. La nuit suivante, Ah\u00e8s entra dans la chambre de son p\u00e8re et lui <strong>d\u00e9roba la cl\u00e9 pendant son sommeil<\/strong>, ignorant qu\u2019elle avait <strong>pactis\u00e9 avec le diable<\/strong>. Puis elle alla \u00e0 l\u2019entr\u00e9e de la cit\u00e9 rejoindre son bel amant et lui donna la cl\u00e9. Avec celle-ci, il <strong>ouvrit la porte et les eaux s\u2019engouffr\u00e8rent dans la ville<\/strong>.<\/p><h2>LA FIN DE LA CIT\u00c9<\/h2><p>Gradlon, voyant la cit\u00e9 couler, <strong>monta sur Morvarc\u2019h avec Guenol\u00e9 pour se sauver<\/strong>. Dans leur fuite, il vit Ah\u00e8s compl\u00e8tement perdue et d\u00e9cida de la sauver malgr\u00e9 les r\u00e9ticences de Gu\u00e9nol\u00e9. Mais les eaux \u00e9tant trop fortes, Morvarc\u2019h n\u2019arrivait pas \u00e0 avancer avec trois personnes sur son dos. Gu\u00e9nol\u00e9 insista pour que Gradlon abandonne Ah\u00e8s et arriva \u00e0 le convaincre. Alors, <strong>Gradlon poussa Ah\u00e8s qui tomba dans les flots<\/strong>. Elle fut emport\u00e9e avec la cit\u00e9 et <strong>devint une cr\u00e9ature s\u2019apparentant \u00e0 une <\/strong><a title=\"Sir\u00e8ne\" href=\"https:\/\/www.dol-celeb.com\/races\/sirenes\/\">sir\u00e8ne<\/a>. Les deux hommes partirent ensuite dans le sud o\u00f9 <strong>Gradlon fonda une nouvelle cit\u00e9<\/strong> : <strong>Quimper<\/strong>.<\/p><p>On raconte que <strong>la cit\u00e9 d\u2019Ys dort toujours sous les flots<\/strong> et que les<strong> jours de calme on entend le son de ses clochers<\/strong>. <strong>Son nom donna celui de la capitale Paris<\/strong>, venant de <em>Par Ys<\/em> signifiant en breton <em>Pareille \u00e0 Ys<\/em>.<\/p>\t\t\t\t\t\t<\/div>\n\t\t\t\t<\/div>\n\t\t\t\t\t<\/div>\n\t\t<\/div>\n\t\t\t\t\t\t\t<\/div>\n\t\t<\/section>\n\t\t\t\t<section class=\"elementor-section elementor-top-section elementor-element elementor-element-50bd79d elementor-section-boxed elementor-section-height-default elementor-section-height-default exad-glass-effect-no exad-sticky-section-no\" data-id=\"50bd79d\" data-element_type=\"section\">\n\t\t\t\t\t\t<div class=\"elementor-container elementor-column-gap-default\">\n\t\t\t\t\t<div class=\"elementor-column elementor-col-100 elementor-top-column elementor-element elementor-element-8f86e41 exad-glass-effect-no exad-sticky-section-no\" data-id=\"8f86e41\" data-element_type=\"column\">\n\t\t\t<div class=\"elementor-widget-wrap elementor-element-populated\">\n\t\t\t\t\t\t\t\t<div class=\"elementor-element elementor-element-11e9614 exad-sticky-section-no exad-glass-effect-no elementor-widget elementor-widget-spacer\" data-id=\"11e9614\" data-element_type=\"widget\" data-widget_type=\"spacer.default\">\n\t\t\t\t<div class=\"elementor-widget-container\">\n\t\t\t\t\t<div class=\"elementor-spacer\">\n\t\t\t<div class=\"elementor-spacer-inner\"><\/div>\n\t\t<\/div>\n\t\t\t\t<\/div>\n\t\t\t\t<\/div>\n\t\t\t\t\t<\/div>\n\t\t<\/div>\n\t\t\t\t\t\t\t<\/div>\n\t\t<\/section>\n\t\t\t\t\t\t\t<\/div>\n\t\t","protected":false},"excerpt":{"rendered":"<p>Fouille dans la baie de Douarnenez La cit\u00e9 d\u2019Ys (ou Is), ville issue des contes bretons, a connu selon les l\u00e9gendes le m\u00eame sort que l\u2019Atlantide, en finissant engloutie sous les eaux. Plusieurs r\u00e9cits existent \u00e0 son sujet, mais celui de Charles Guyot en 1926 est le plus complet ; il servira de r\u00e9f\u00e9rence \u00e0 tous ceux qui seront r\u00e9dig\u00e9s par la suite. GRADLON ET LA NAISSANCE DE AH\u00c8S La l\u00e9gende d\u00e9bute dans les terres barbares du Nord. Le duc Gradlon tomba amoureux de la reine ennemie Malgwen, une sorci\u00e8re montant Morvarc\u2019h, un cheval magique. Devenant amants, Malgwen aida Gradlon\u2026<\/p>\n","protected":false},"author":1,"featured_media":0,"parent":989,"menu_order":0,"comment_status":"closed","ping_status":"closed","template":"","meta":{"footnotes":""},"class_list":["post-1586","page","type-page","status-publish","hentry"],"blocksy_meta":{"styles_descriptor":{"styles":{"desktop":"","tablet":"","mobile":""},"google_fonts":[],"version":5}},"_links":{"self":[{"href":"https:\/\/lerevedegaia.fr\/index.php?rest_route=\/wp\/v2\/pages\/1586","targetHints":{"allow":["GET"]}}],"collection":[{"href":"https:\/\/lerevedegaia.fr\/index.php?rest_route=\/wp\/v2\/pages"}],"about":[{"href":"https:\/\/lerevedegaia.fr\/index.php?rest_route=\/wp\/v2\/types\/page"}],"author":[{"embeddable":true,"href":"https:\/\/lerevedegaia.fr\/index.php?rest_route=\/wp\/v2\/users\/1"}],"replies":[{"embeddable":true,"href":"https:\/\/lerevedegaia.fr\/index.php?rest_route=%2Fwp%2Fv2%2Fcomments&post=1586"}],"version-history":[{"count":36,"href":"https:\/\/lerevedegaia.fr\/index.php?rest_route=\/wp\/v2\/pages\/1586\/revisions"}],"predecessor-version":[{"id":2549,"href":"https:\/\/lerevedegaia.fr\/index.php?rest_route=\/wp\/v2\/pages\/1586\/revisions\/2549"}],"up":[{"embeddable":true,"href":"https:\/\/lerevedegaia.fr\/index.php?rest_route=\/wp\/v2\/pages\/989"}],"wp:attachment":[{"href":"https:\/\/lerevedegaia.fr\/index.php?rest_route=%2Fwp%2Fv2%2Fmedia&parent=1586"}],"curies":[{"name":"wp","href":"https:\/\/api.w.org\/{rel}","templated":true}]}}