{"id":1754,"date":"2022-09-10T17:03:44","date_gmt":"2022-09-10T15:03:44","guid":{"rendered":"https:\/\/lerevedegaia.fr\/?page_id=1754"},"modified":"2022-09-27T11:12:50","modified_gmt":"2022-09-27T09:12:50","slug":"les-legendes-bretonnes-la-fee-de-lile-de-loch","status":"publish","type":"page","link":"https:\/\/lerevedegaia.fr\/?page_id=1754","title":{"rendered":"&#8211; La f\u00e9e de l&rsquo;\u00eele de Loc&rsquo;h &#8211;"},"content":{"rendered":"\t\t<div data-elementor-type=\"wp-page\" data-elementor-id=\"1754\" class=\"elementor elementor-1754\">\n\t\t\t\t\t\t\t\t\t<section class=\"elementor-section elementor-top-section elementor-element elementor-element-5ad549a elementor-section-boxed elementor-section-height-default elementor-section-height-default exad-glass-effect-no exad-sticky-section-no\" data-id=\"5ad549a\" data-element_type=\"section\">\n\t\t\t\t\t\t<div class=\"elementor-container elementor-column-gap-default\">\n\t\t\t\t\t<div class=\"elementor-column elementor-col-100 elementor-top-column elementor-element elementor-element-12cc5a6 exad-glass-effect-no exad-sticky-section-no\" data-id=\"12cc5a6\" data-element_type=\"column\">\n\t\t\t<div class=\"elementor-widget-wrap elementor-element-populated\">\n\t\t\t\t\t\t\t\t<div class=\"elementor-element elementor-element-a677d0e exad-sticky-section-no exad-glass-effect-no elementor-widget elementor-widget-image\" data-id=\"a677d0e\" data-element_type=\"widget\" data-widget_type=\"image.default\">\n\t\t\t\t<div class=\"elementor-widget-container\">\n\t\t\t<style>\/*! elementor - v3.8.0 - 30-10-2022 *\/\n.elementor-widget-image{text-align:center}.elementor-widget-image a{display:inline-block}.elementor-widget-image a img[src$=\".svg\"]{width:48px}.elementor-widget-image img{vertical-align:middle;display:inline-block}<\/style>\t\t\t\t\t\t\t\t\t\t\t\t\t<a href=\"https:\/\/lerevedegaia.fr\/wp-content\/uploads\/2022\/09\/depositphotos_7182377-stock-photo-enjoy-the-last-sunbeams.jpeg\" data-elementor-open-lightbox=\"yes\" data-elementor-lightbox-title=\"depositphotos_7182377-stock-photo-enjoy-the-last-sunbeams\" e-action-hash=\"#elementor-action%3Aaction%3Dlightbox%26settings%3DeyJpZCI6MjE2NywidXJsIjoiaHR0cHM6XC9cL2xlcmV2ZWRlZ2FpYS5mclwvd3AtY29udGVudFwvdXBsb2Fkc1wvMjAyMlwvMDlcL2RlcG9zaXRwaG90b3NfNzE4MjM3Ny1zdG9jay1waG90by1lbmpveS10aGUtbGFzdC1zdW5iZWFtcy5qcGVnIn0%3D\">\n\t\t\t\t\t\t\t<img loading=\"lazy\" decoding=\"async\" width=\"600\" height=\"466\" src=\"https:\/\/lerevedegaia.fr\/wp-content\/uploads\/2022\/09\/depositphotos_7182377-stock-photo-enjoy-the-last-sunbeams.jpeg\" class=\"attachment-large size-large\" alt=\"\" srcset=\"https:\/\/lerevedegaia.fr\/wp-content\/uploads\/2022\/09\/depositphotos_7182377-stock-photo-enjoy-the-last-sunbeams.jpeg 600w, https:\/\/lerevedegaia.fr\/wp-content\/uploads\/2022\/09\/depositphotos_7182377-stock-photo-enjoy-the-last-sunbeams-300x233.jpeg 300w\" sizes=\"auto, (max-width: 600px) 100vw, 600px\" \/>\t\t\t\t\t\t\t\t<\/a>\n\t\t\t\t\t\t\t\t\t\t\t\t\t\t\t<\/div>\n\t\t\t\t<\/div>\n\t\t\t\t\t<\/div>\n\t\t<\/div>\n\t\t\t\t\t\t\t<\/div>\n\t\t<\/section>\n\t\t\t\t<section class=\"elementor-section elementor-top-section elementor-element elementor-element-19bde37 elementor-section-boxed elementor-section-height-default elementor-section-height-default exad-glass-effect-no exad-sticky-section-no\" data-id=\"19bde37\" data-element_type=\"section\">\n\t\t\t\t\t\t<div class=\"elementor-container elementor-column-gap-default\">\n\t\t\t\t\t<div class=\"elementor-column elementor-col-100 elementor-top-column elementor-element elementor-element-deb83be exad-glass-effect-no exad-sticky-section-no\" data-id=\"deb83be\" data-element_type=\"column\">\n\t\t\t<div class=\"elementor-widget-wrap elementor-element-populated\">\n\t\t\t\t\t\t\t\t<div class=\"elementor-element elementor-element-94203e9 exad-sticky-section-no exad-glass-effect-no elementor-widget elementor-widget-spacer\" data-id=\"94203e9\" data-element_type=\"widget\" data-widget_type=\"spacer.default\">\n\t\t\t\t<div class=\"elementor-widget-container\">\n\t\t\t<style>\/*! elementor - v3.8.0 - 30-10-2022 *\/\n.elementor-column .elementor-spacer-inner{height:var(--spacer-size)}.e-con{--container-widget-width:100%}.e-con-inner>.elementor-widget-spacer,.e-con>.elementor-widget-spacer{width:var(--container-widget-width,var(--spacer-size));-ms-flex-item-align:stretch;align-self:stretch;-ms-flex-negative:0;flex-shrink:0}.e-con-inner>.elementor-widget-spacer>.elementor-widget-container,.e-con-inner>.elementor-widget-spacer>.elementor-widget-container>.elementor-spacer,.e-con>.elementor-widget-spacer>.elementor-widget-container,.e-con>.elementor-widget-spacer>.elementor-widget-container>.elementor-spacer{height:100%}.e-con-inner>.elementor-widget-spacer>.elementor-widget-container>.elementor-spacer>.elementor-spacer-inner,.e-con>.elementor-widget-spacer>.elementor-widget-container>.elementor-spacer>.elementor-spacer-inner{height:var(--container-widget-height,var(--spacer-size))}<\/style>\t\t<div class=\"elementor-spacer\">\n\t\t\t<div class=\"elementor-spacer-inner\"><\/div>\n\t\t<\/div>\n\t\t\t\t<\/div>\n\t\t\t\t<\/div>\n\t\t\t\t\t<\/div>\n\t\t<\/div>\n\t\t\t\t\t\t\t<\/div>\n\t\t<\/section>\n\t\t\t\t<section class=\"elementor-section elementor-top-section elementor-element elementor-element-684eea0 elementor-section-boxed elementor-section-height-default elementor-section-height-default exad-glass-effect-no exad-sticky-section-no\" data-id=\"684eea0\" data-element_type=\"section\" data-settings=\"{&quot;background_background&quot;:&quot;slideshow&quot;,&quot;background_slideshow_gallery&quot;:[{&quot;id&quot;:1879,&quot;url&quot;:&quot;https:\\\/\\\/lerevedegaia.fr\\\/wp-content\\\/uploads\\\/2022\\\/09\\\/depositphotos_24064571-stock-photo-old-paper-5.jpeg&quot;}],&quot;background_slideshow_loop&quot;:&quot;yes&quot;,&quot;background_slideshow_slide_duration&quot;:5000,&quot;background_slideshow_slide_transition&quot;:&quot;fade&quot;,&quot;background_slideshow_transition_duration&quot;:500}\">\n\t\t\t\t\t\t<div class=\"elementor-container elementor-column-gap-default\">\n\t\t\t\t\t<div class=\"elementor-column elementor-col-100 elementor-top-column elementor-element elementor-element-9ccf656 exad-glass-effect-no exad-sticky-section-no\" data-id=\"9ccf656\" data-element_type=\"column\">\n\t\t\t<div class=\"elementor-widget-wrap elementor-element-populated\">\n\t\t\t\t\t\t\t\t<div class=\"elementor-element elementor-element-b8fadd3 elementor-drop-cap-yes elementor-drop-cap-view-default exad-sticky-section-no exad-glass-effect-no elementor-widget elementor-widget-text-editor\" data-id=\"b8fadd3\" data-element_type=\"widget\" data-settings=\"{&quot;drop_cap&quot;:&quot;yes&quot;}\" data-widget_type=\"text-editor.default\">\n\t\t\t\t<div class=\"elementor-widget-container\">\n\t\t\t<style>\/*! elementor - v3.8.0 - 30-10-2022 *\/\n.elementor-widget-text-editor.elementor-drop-cap-view-stacked .elementor-drop-cap{background-color:#818a91;color:#fff}.elementor-widget-text-editor.elementor-drop-cap-view-framed .elementor-drop-cap{color:#818a91;border:3px solid;background-color:transparent}.elementor-widget-text-editor:not(.elementor-drop-cap-view-default) .elementor-drop-cap{margin-top:8px}.elementor-widget-text-editor:not(.elementor-drop-cap-view-default) .elementor-drop-cap-letter{width:1em;height:1em}.elementor-widget-text-editor .elementor-drop-cap{float:left;text-align:center;line-height:1;font-size:50px}.elementor-widget-text-editor .elementor-drop-cap-letter{display:inline-block}<\/style>\t\t\t\t<div id=\"block-journaleight-content\" class=\"block block-system block-system-main-block\"><div class=\"content\"><article class=\"node node--type-mt-post node--promoted node--view-mode-full clearfix\" data-history-node-id=\"84\"><div class=\"node-content\"><div class=\"node__content clearfix\"><div class=\"clearfix text-formatted field field--name-body field--type-text-with-summary field--label-hidden field__item\"><p>L&rsquo;histoire qui d\u00e9bute \u00e0 Lannilis est celle de Houarn Pogamm et de Bellah Postik, deux jeunes amoureux promis depuis longue date. Malheureusement, la mort de leurs parents les avaient plong\u00e9s dans le d\u00e9nuement, et chacun, tout en travaillant dur, n&rsquo;arrivait pas \u00e0 mettre suffisamment d&rsquo;argent de c\u00f4t\u00e9 pour acheter une petite vache et un cochon maigre et pouvoir ainsi se marier<\/p><p>Las d&rsquo;attendre, Houarn d\u00e9cida de prendre la route en qu\u00eate d&rsquo;une meilleure fortune. Bellah, inqui\u00e8te de le voir ainsi s&rsquo;en aller, lui confia deux des trois reliques qu&rsquo;elle tenait pour seul h\u00e9ritage.<\/p><ul><li>La premi\u00e8re, la clochette de saint Kol\u00e9dok, avait pour objet d&rsquo;avertir proches et amis que vous couriez un grand danger.<\/li><li>La seconde, le couteau de saint Corentin, annulait les mal\u00e9fices des sorciers d\u00e8s qu&rsquo;il entrait en contact avec leurs victimes\u00a0.<\/li><li>La troisi\u00e8me relique, le b\u00e2ton de saint Vouga, elle le garda pour elle car il poss\u00e9dait le pouvoir de vous transporter o\u00f9 vous vouliez.<\/li><\/ul><p>Arrivant dans le Sud-Finist\u00e8re, Houarn entendit parler de la Groac&rsquo;h de l&rsquo;\u00e9tang du Loc&rsquo;h qui se trouvait sur la plus grande des \u00eeles des Gl\u00e9nans. La Groac&rsquo;h -ou la f\u00e9e- \u00e9tait, disait-on, d&rsquo;une richesse incommensurable. Nombreux \u00e9taient les jeunes gens qui avaient tent\u00e9 de s&#8217;emparer de son tr\u00e9sor mais personne n&rsquo;en \u00e9tait jamais revenu.<\/p><h2>Imprudent jeune homme<\/h2><p>N&rsquo;\u00e9coutant gu\u00e8re les conseils de prudence des gens de la r\u00e9gion, Houarn s&#8217;embarqua pour l&rsquo;\u00eele du Loch, bien d\u00e9cid\u00e9 \u00e0 tenter sa chance. Un petit bateau semblait l&rsquo;attendre sur l&rsquo;\u00e9tang. Mais d\u00e8s qu&rsquo;il eut mis les deux pieds dedans, ce dernier plongea au plus profond de l&rsquo;eau. Houarn se retrouva ainsi \u00e0 l&rsquo;entr\u00e9e d&rsquo;un merveilleux palais de coquillages, o\u00f9 l&rsquo;on acc\u00e9dait par un bel escalier de cristal. La f\u00e9e l&rsquo;ensorcela aussit\u00f4t par sa beaut\u00e9 et ses vins savoureux. Elle lui offrit de partager ses richesses s&rsquo;il acceptait de la prendre pour \u00e9pouse.<\/p><p>Houarn, sous le charme, accepta et la f\u00e9e le m\u00e9tamorphosa en grenouille.<\/p><p>Bellah entendit aussit\u00f4t tinter la fameuse clochette de saint Kad\u00e9lok. Son b\u00e2ton magique la conduisit alors aupr\u00e8s du v\u00e9ritable \u00e9poux de la Groc&rsquo;h, lui aussi condamn\u00e9 \u00e0 un triste sort, qui lui donna le secret pour d\u00e9livrer Houarn et tous les autres.<\/p><p>D\u00e9guis\u00e9e en s\u00e9duisant jeune homme, elle se rendit donc sur l&rsquo;\u00eele et d\u00e9jouant le pi\u00e8ge de la sorci\u00e8re, lib\u00e9ra les malheureux captifs apr\u00e8s leur avoir rendu forme humaine.<\/p><p>Houarn et Bellah purent ensuite faire leur choix parmi le tr\u00e9sor et rentr\u00e8rent dans leur pays de Lannilis, fortune faite, et pr\u00eats \u00e0 se marier.<\/p><p>(D&rsquo;apr\u00e8s un texte d&rsquo;Emile Souvestre)<\/p><\/div><\/div><\/div><div id=\"block-aboblock\" class=\"block block-bretagnecom block-abo-block\"><div class=\"content\">\u00a0<\/div><\/div><\/article><\/div><\/div><div id=\"block-texteintroductif\" class=\"block block-bretagnecom block-introductif-block\"><div class=\"content\">\u00a0<\/div><\/div><div id=\"block-views-block-rechercher-un-hebergement-a-proximite-block-1\" class=\"views-element-container block block-views block-views-blockrechercher-un-hebergement-a-proximite-block-1\">\u00a0<\/div>\t\t\t\t\t\t<\/div>\n\t\t\t\t<\/div>\n\t\t\t\t\t<\/div>\n\t\t<\/div>\n\t\t\t\t\t\t\t<\/div>\n\t\t<\/section>\n\t\t\t\t<section class=\"elementor-section elementor-top-section elementor-element elementor-element-edc98e5 elementor-section-boxed elementor-section-height-default elementor-section-height-default exad-glass-effect-no exad-sticky-section-no\" data-id=\"edc98e5\" data-element_type=\"section\">\n\t\t\t\t\t\t<div class=\"elementor-container elementor-column-gap-default\">\n\t\t\t\t\t<div class=\"elementor-column elementor-col-100 elementor-top-column elementor-element elementor-element-b6e6330 exad-glass-effect-no exad-sticky-section-no\" data-id=\"b6e6330\" data-element_type=\"column\">\n\t\t\t<div class=\"elementor-widget-wrap elementor-element-populated\">\n\t\t\t\t\t\t\t\t<div class=\"elementor-element elementor-element-1755bca exad-sticky-section-no exad-glass-effect-no elementor-widget elementor-widget-spacer\" data-id=\"1755bca\" data-element_type=\"widget\" data-widget_type=\"spacer.default\">\n\t\t\t\t<div class=\"elementor-widget-container\">\n\t\t\t\t\t<div class=\"elementor-spacer\">\n\t\t\t<div class=\"elementor-spacer-inner\"><\/div>\n\t\t<\/div>\n\t\t\t\t<\/div>\n\t\t\t\t<\/div>\n\t\t\t\t\t<\/div>\n\t\t<\/div>\n\t\t\t\t\t\t\t<\/div>\n\t\t<\/section>\n\t\t\t\t\t\t\t<\/div>\n\t\t","protected":false},"excerpt":{"rendered":"<p>L&rsquo;histoire qui d\u00e9bute \u00e0 Lannilis est celle de Houarn Pogamm et de Bellah Postik, deux jeunes amoureux promis depuis longue date. Malheureusement, la mort de leurs parents les avaient plong\u00e9s dans le d\u00e9nuement, et chacun, tout en travaillant dur, n&rsquo;arrivait pas \u00e0 mettre suffisamment d&rsquo;argent de c\u00f4t\u00e9 pour acheter une petite vache et un cochon maigre et pouvoir ainsi se marier Las d&rsquo;attendre, Houarn d\u00e9cida de prendre la route en qu\u00eate d&rsquo;une meilleure fortune. Bellah, inqui\u00e8te de le voir ainsi s&rsquo;en aller, lui confia deux des trois reliques qu&rsquo;elle tenait pour seul h\u00e9ritage. La premi\u00e8re, la clochette de saint Kol\u00e9dok,\u2026<\/p>\n","protected":false},"author":1,"featured_media":0,"parent":989,"menu_order":0,"comment_status":"closed","ping_status":"closed","template":"","meta":{"footnotes":""},"class_list":["post-1754","page","type-page","status-publish","hentry"],"blocksy_meta":{"styles_descriptor":{"styles":{"desktop":"","tablet":"","mobile":""},"google_fonts":[],"version":5}},"_links":{"self":[{"href":"https:\/\/lerevedegaia.fr\/index.php?rest_route=\/wp\/v2\/pages\/1754","targetHints":{"allow":["GET"]}}],"collection":[{"href":"https:\/\/lerevedegaia.fr\/index.php?rest_route=\/wp\/v2\/pages"}],"about":[{"href":"https:\/\/lerevedegaia.fr\/index.php?rest_route=\/wp\/v2\/types\/page"}],"author":[{"embeddable":true,"href":"https:\/\/lerevedegaia.fr\/index.php?rest_route=\/wp\/v2\/users\/1"}],"replies":[{"embeddable":true,"href":"https:\/\/lerevedegaia.fr\/index.php?rest_route=%2Fwp%2Fv2%2Fcomments&post=1754"}],"version-history":[{"count":55,"href":"https:\/\/lerevedegaia.fr\/index.php?rest_route=\/wp\/v2\/pages\/1754\/revisions"}],"predecessor-version":[{"id":3256,"href":"https:\/\/lerevedegaia.fr\/index.php?rest_route=\/wp\/v2\/pages\/1754\/revisions\/3256"}],"up":[{"embeddable":true,"href":"https:\/\/lerevedegaia.fr\/index.php?rest_route=\/wp\/v2\/pages\/989"}],"wp:attachment":[{"href":"https:\/\/lerevedegaia.fr\/index.php?rest_route=%2Fwp%2Fv2%2Fmedia&parent=1754"}],"curies":[{"name":"wp","href":"https:\/\/api.w.org\/{rel}","templated":true}]}}