{"id":1782,"date":"2022-09-10T17:33:26","date_gmt":"2022-09-10T15:33:26","guid":{"rendered":"https:\/\/lerevedegaia.fr\/?page_id=1782"},"modified":"2022-09-16T13:48:55","modified_gmt":"2022-09-16T11:48:55","slug":"les-legendes-bretonnes-mona-la-fille-de-la-terre","status":"publish","type":"page","link":"https:\/\/lerevedegaia.fr\/?page_id=1782","title":{"rendered":"&#8211; La l\u00e9gende de l&rsquo; Ankou &#8211;"},"content":{"rendered":"\t\t<div data-elementor-type=\"wp-page\" data-elementor-id=\"1782\" class=\"elementor elementor-1782\">\n\t\t\t\t\t\t\t\t\t<section class=\"elementor-section elementor-top-section elementor-element elementor-element-250cd59 elementor-section-boxed elementor-section-height-default elementor-section-height-default exad-glass-effect-no exad-sticky-section-no\" data-id=\"250cd59\" data-element_type=\"section\">\n\t\t\t\t\t\t<div class=\"elementor-container elementor-column-gap-default\">\n\t\t\t\t\t<div class=\"elementor-column elementor-col-100 elementor-top-column elementor-element elementor-element-46a01df exad-glass-effect-no exad-sticky-section-no\" data-id=\"46a01df\" data-element_type=\"column\">\n\t\t\t<div class=\"elementor-widget-wrap elementor-element-populated\">\n\t\t\t\t\t\t\t\t<div class=\"elementor-element elementor-element-7652777 exad-sticky-section-no exad-glass-effect-no elementor-widget elementor-widget-image\" data-id=\"7652777\" data-element_type=\"widget\" data-widget_type=\"image.default\">\n\t\t\t\t<div class=\"elementor-widget-container\">\n\t\t\t<style>\/*! elementor - v3.8.0 - 30-10-2022 *\/\n.elementor-widget-image{text-align:center}.elementor-widget-image a{display:inline-block}.elementor-widget-image a img[src$=\".svg\"]{width:48px}.elementor-widget-image img{vertical-align:middle;display:inline-block}<\/style>\t\t\t\t\t\t\t\t\t\t\t\t<img loading=\"lazy\" decoding=\"async\" width=\"1024\" height=\"536\" src=\"https:\/\/lerevedegaia.fr\/wp-content\/uploads\/2022\/09\/Capture-decran-2022-09-13-a-12.05.04-1024x536.png\" class=\"attachment-large size-large\" alt=\"\" srcset=\"https:\/\/lerevedegaia.fr\/wp-content\/uploads\/2022\/09\/Capture-decran-2022-09-13-a-12.05.04-1024x536.png 1024w, https:\/\/lerevedegaia.fr\/wp-content\/uploads\/2022\/09\/Capture-decran-2022-09-13-a-12.05.04-300x157.png 300w, https:\/\/lerevedegaia.fr\/wp-content\/uploads\/2022\/09\/Capture-decran-2022-09-13-a-12.05.04-768x402.png 768w, https:\/\/lerevedegaia.fr\/wp-content\/uploads\/2022\/09\/Capture-decran-2022-09-13-a-12.05.04.png 1086w\" sizes=\"auto, (max-width: 1024px) 100vw, 1024px\" \/>\t\t\t\t\t\t\t\t\t\t\t\t\t\t\t<\/div>\n\t\t\t\t<\/div>\n\t\t\t\t\t<\/div>\n\t\t<\/div>\n\t\t\t\t\t\t\t<\/div>\n\t\t<\/section>\n\t\t\t\t<section class=\"elementor-section elementor-top-section elementor-element elementor-element-3d5f565 elementor-section-boxed elementor-section-height-default elementor-section-height-default exad-glass-effect-no exad-sticky-section-no\" data-id=\"3d5f565\" data-element_type=\"section\">\n\t\t\t\t\t\t<div class=\"elementor-container elementor-column-gap-default\">\n\t\t\t\t\t<div class=\"elementor-column elementor-col-100 elementor-top-column elementor-element elementor-element-1731737 exad-glass-effect-no exad-sticky-section-no\" data-id=\"1731737\" data-element_type=\"column\">\n\t\t\t<div class=\"elementor-widget-wrap elementor-element-populated\">\n\t\t\t\t\t\t\t\t<div class=\"elementor-element elementor-element-5f84c7a exad-sticky-section-no exad-glass-effect-no elementor-widget elementor-widget-spacer\" data-id=\"5f84c7a\" data-element_type=\"widget\" data-widget_type=\"spacer.default\">\n\t\t\t\t<div class=\"elementor-widget-container\">\n\t\t\t<style>\/*! elementor - v3.8.0 - 30-10-2022 *\/\n.elementor-column .elementor-spacer-inner{height:var(--spacer-size)}.e-con{--container-widget-width:100%}.e-con-inner>.elementor-widget-spacer,.e-con>.elementor-widget-spacer{width:var(--container-widget-width,var(--spacer-size));-ms-flex-item-align:stretch;align-self:stretch;-ms-flex-negative:0;flex-shrink:0}.e-con-inner>.elementor-widget-spacer>.elementor-widget-container,.e-con-inner>.elementor-widget-spacer>.elementor-widget-container>.elementor-spacer,.e-con>.elementor-widget-spacer>.elementor-widget-container,.e-con>.elementor-widget-spacer>.elementor-widget-container>.elementor-spacer{height:100%}.e-con-inner>.elementor-widget-spacer>.elementor-widget-container>.elementor-spacer>.elementor-spacer-inner,.e-con>.elementor-widget-spacer>.elementor-widget-container>.elementor-spacer>.elementor-spacer-inner{height:var(--container-widget-height,var(--spacer-size))}<\/style>\t\t<div class=\"elementor-spacer\">\n\t\t\t<div class=\"elementor-spacer-inner\"><\/div>\n\t\t<\/div>\n\t\t\t\t<\/div>\n\t\t\t\t<\/div>\n\t\t\t\t\t<\/div>\n\t\t<\/div>\n\t\t\t\t\t\t\t<\/div>\n\t\t<\/section>\n\t\t\t\t<section class=\"elementor-section elementor-top-section elementor-element elementor-element-3478df86 elementor-section-boxed elementor-section-height-default elementor-section-height-default exad-glass-effect-no exad-sticky-section-no\" data-id=\"3478df86\" data-element_type=\"section\" data-settings=\"{&quot;background_background&quot;:&quot;slideshow&quot;,&quot;background_slideshow_gallery&quot;:[{&quot;id&quot;:1843,&quot;url&quot;:&quot;https:\\\/\\\/lerevedegaia.fr\\\/wp-content\\\/uploads\\\/2022\\\/09\\\/depositphotos_24064571-stock-photo-old-paper-2.jpeg&quot;}],&quot;background_slideshow_loop&quot;:&quot;yes&quot;,&quot;background_slideshow_slide_duration&quot;:5000,&quot;background_slideshow_slide_transition&quot;:&quot;fade&quot;,&quot;background_slideshow_transition_duration&quot;:500}\">\n\t\t\t\t\t\t<div class=\"elementor-container elementor-column-gap-default\">\n\t\t\t\t\t<div class=\"elementor-column elementor-col-100 elementor-top-column elementor-element elementor-element-3b70ef58 exad-glass-effect-no exad-sticky-section-no\" data-id=\"3b70ef58\" data-element_type=\"column\">\n\t\t\t<div class=\"elementor-widget-wrap elementor-element-populated\">\n\t\t\t\t\t\t\t\t<div class=\"elementor-element elementor-element-4e7c6b3f elementor-drop-cap-yes elementor-drop-cap-view-default exad-sticky-section-no exad-glass-effect-no elementor-widget elementor-widget-text-editor\" data-id=\"4e7c6b3f\" data-element_type=\"widget\" data-settings=\"{&quot;drop_cap&quot;:&quot;yes&quot;}\" data-widget_type=\"text-editor.default\">\n\t\t\t\t<div class=\"elementor-widget-container\">\n\t\t\t<style>\/*! elementor - v3.8.0 - 30-10-2022 *\/\n.elementor-widget-text-editor.elementor-drop-cap-view-stacked .elementor-drop-cap{background-color:#818a91;color:#fff}.elementor-widget-text-editor.elementor-drop-cap-view-framed .elementor-drop-cap{color:#818a91;border:3px solid;background-color:transparent}.elementor-widget-text-editor:not(.elementor-drop-cap-view-default) .elementor-drop-cap{margin-top:8px}.elementor-widget-text-editor:not(.elementor-drop-cap-view-default) .elementor-drop-cap-letter{width:1em;height:1em}.elementor-widget-text-editor .elementor-drop-cap{float:left;text-align:center;line-height:1;font-size:50px}.elementor-widget-text-editor .elementor-drop-cap-letter{display:inline-block}<\/style>\t\t\t\t<p>L&rsquo;Ankou (an Anko\u00f9) est la mort personnifi\u00e9e et l&rsquo;artisan de la mort (oberour ar maro). Repr\u00e9sent\u00e9 souvent comme un homme tr\u00e8s grand et tr\u00e8s maigre, les cheveux longs et blancs, un large chapeau de feutre noir dissimule son visage, ses yeux sont deux chandelles qui brillent dans les t\u00e9n\u00e8bres de la nuit. Il tient dans la main une faux \u00e0 tranchant tourn\u00e9 en dehors qu&rsquo;il lance en avant pour frapper ses victimes et qu&rsquo;il aiguise avec un os humain.<\/p><p>L&rsquo;Ankou circule la nuit, debout sur sa charrette \u00e0 deux chevaux (karrig an Ankou) dont le grincement des essieux est le pire des pr\u00e9sages, l&rsquo;entendre ou croiser en chemin le sinistre attelage sont des signes annonciateurs de la mort d&rsquo;un proche ou de sa propre mort.<\/p><p>Il sillonne les campagnes en faisant pivoter sa t\u00eate \u00e0 sa guise autour de sa colonne vert\u00e9brale. Ainsi rien ne lui \u00e9chappe et malheur \u00e0 qui se trouve sur la route du funeste convoi.<\/p><p>Accompagn\u00e9 de deux hommes qui l&rsquo;aident dans sa mission, l&rsquo;un tient la bride du cheval de devant, l&rsquo;autre ouvre les barri\u00e8res ou les portes des maisons pour faciliter le passage et dispose sur la charrette les cadavres de victimes fauch\u00e9es.<\/p><p>Des pierres lestent la charrette afin de la faire grincer encore plus, lorsqu&rsquo;un malheureux est fauch\u00e9, quelques pierres sont d\u00e9charg\u00e9es. Pour cette raison, on dit que lors de veill\u00e9es mortuaires on entend parfois un bruit de caillasses, c&rsquo;est l&rsquo;\u00e2me du d\u00e9funt qui remplace une partie du lest sur la charrette de l&rsquo;Ankou.<\/p><p>Il nargue les passants en leur rappelant \u00ab\u00a0Maro han barn ifern ien, Pa ho soign den e tle crena\u00a0\u00bb \u00ab\u00a0La mort, le jugement, l&rsquo;enfer froid, quand l&rsquo;homme y songe, il doit trembler\u00a0\u00bb, ainsi il rappele toujours aux hommes la fin \u00e0 laquelle aucun de nous ne peut se soustraire.<\/p><p>Il n&rsquo;est pas fondamentalement mauvais, et il lui arrive d&rsquo;aider les vivants g\u00e9n\u00e9ralement en les pr\u00e9venant de leur mort afin qu&rsquo;ils mettent leurs affaires en ordre avant de mourir.<\/p><p>Dans chaque paroisse, le dernier mort de l&rsquo;ann\u00e9e devient l&rsquo;Ankou de l&rsquo;ann\u00e9e suivante.<\/p><p>Les bretons nomment la nuit de No\u00ebl la \u00ab\u00a0nuit des Merveilles\u00a0\u00bb. Au cours de cette nuit, durant la messe de minuit, l&rsquo;Ankou a l&rsquo;habitude de fr\u00f4ler de sa cape tous ceux qui ne passeront pas l&rsquo;ann\u00e9e.<\/p>\t\t\t\t\t\t<\/div>\n\t\t\t\t<\/div>\n\t\t\t\t\t<\/div>\n\t\t<\/div>\n\t\t\t\t\t\t\t<\/div>\n\t\t<\/section>\n\t\t\t\t<section class=\"elementor-section elementor-top-section elementor-element elementor-element-62a0142 elementor-section-boxed elementor-section-height-default elementor-section-height-default exad-glass-effect-no exad-sticky-section-no\" data-id=\"62a0142\" data-element_type=\"section\">\n\t\t\t\t\t\t<div class=\"elementor-container elementor-column-gap-default\">\n\t\t\t\t\t<div class=\"elementor-column elementor-col-100 elementor-top-column elementor-element elementor-element-e39bfa5 exad-glass-effect-no exad-sticky-section-no\" data-id=\"e39bfa5\" data-element_type=\"column\">\n\t\t\t<div class=\"elementor-widget-wrap elementor-element-populated\">\n\t\t\t\t\t\t\t\t<div class=\"elementor-element elementor-element-5d61736 exad-sticky-section-no exad-glass-effect-no elementor-widget elementor-widget-spacer\" data-id=\"5d61736\" data-element_type=\"widget\" data-widget_type=\"spacer.default\">\n\t\t\t\t<div class=\"elementor-widget-container\">\n\t\t\t\t\t<div class=\"elementor-spacer\">\n\t\t\t<div class=\"elementor-spacer-inner\"><\/div>\n\t\t<\/div>\n\t\t\t\t<\/div>\n\t\t\t\t<\/div>\n\t\t\t\t\t<\/div>\n\t\t<\/div>\n\t\t\t\t\t\t\t<\/div>\n\t\t<\/section>\n\t\t\t\t\t\t\t<\/div>\n\t\t","protected":false},"excerpt":{"rendered":"<p>L&rsquo;Ankou (an Anko\u00f9) est la mort personnifi\u00e9e et l&rsquo;artisan de la mort (oberour ar maro). Repr\u00e9sent\u00e9 souvent comme un homme tr\u00e8s grand et tr\u00e8s maigre, les cheveux longs et blancs, un large chapeau de feutre noir dissimule son visage, ses yeux sont deux chandelles qui brillent dans les t\u00e9n\u00e8bres de la nuit. Il tient dans la main une faux \u00e0 tranchant tourn\u00e9 en dehors qu&rsquo;il lance en avant pour frapper ses victimes et qu&rsquo;il aiguise avec un os humain. L&rsquo;Ankou circule la nuit, debout sur sa charrette \u00e0 deux chevaux (karrig an Ankou) dont le grincement des essieux est le\u2026<\/p>\n","protected":false},"author":1,"featured_media":0,"parent":989,"menu_order":0,"comment_status":"closed","ping_status":"closed","template":"","meta":{"footnotes":""},"class_list":["post-1782","page","type-page","status-publish","hentry"],"blocksy_meta":{"styles_descriptor":{"styles":{"desktop":"","tablet":"","mobile":""},"google_fonts":[],"version":5}},"_links":{"self":[{"href":"https:\/\/lerevedegaia.fr\/index.php?rest_route=\/wp\/v2\/pages\/1782","targetHints":{"allow":["GET"]}}],"collection":[{"href":"https:\/\/lerevedegaia.fr\/index.php?rest_route=\/wp\/v2\/pages"}],"about":[{"href":"https:\/\/lerevedegaia.fr\/index.php?rest_route=\/wp\/v2\/types\/page"}],"author":[{"embeddable":true,"href":"https:\/\/lerevedegaia.fr\/index.php?rest_route=\/wp\/v2\/users\/1"}],"replies":[{"embeddable":true,"href":"https:\/\/lerevedegaia.fr\/index.php?rest_route=%2Fwp%2Fv2%2Fcomments&post=1782"}],"version-history":[{"count":27,"href":"https:\/\/lerevedegaia.fr\/index.php?rest_route=\/wp\/v2\/pages\/1782\/revisions"}],"predecessor-version":[{"id":2555,"href":"https:\/\/lerevedegaia.fr\/index.php?rest_route=\/wp\/v2\/pages\/1782\/revisions\/2555"}],"up":[{"embeddable":true,"href":"https:\/\/lerevedegaia.fr\/index.php?rest_route=\/wp\/v2\/pages\/989"}],"wp:attachment":[{"href":"https:\/\/lerevedegaia.fr\/index.php?rest_route=%2Fwp%2Fv2%2Fmedia&parent=1782"}],"curies":[{"name":"wp","href":"https:\/\/api.w.org\/{rel}","templated":true}]}}