{"id":1793,"date":"2022-09-10T17:41:30","date_gmt":"2022-09-10T15:41:30","guid":{"rendered":"https:\/\/lerevedegaia.fr\/?page_id=1793"},"modified":"2022-09-16T13:49:27","modified_gmt":"2022-09-16T11:49:27","slug":"les-legendes-bretonnes-le-chateau-de-tremazan","status":"publish","type":"page","link":"https:\/\/lerevedegaia.fr\/?page_id=1793","title":{"rendered":"&#8211; Le ch\u00e2teau de Tr\u00e9mazan &#8211;"},"content":{"rendered":"\t\t<div data-elementor-type=\"wp-page\" data-elementor-id=\"1793\" class=\"elementor elementor-1793\">\n\t\t\t\t\t\t\t\t\t<section class=\"elementor-section elementor-top-section elementor-element elementor-element-082ffe4 elementor-section-boxed elementor-section-height-default elementor-section-height-default exad-glass-effect-no exad-sticky-section-no\" data-id=\"082ffe4\" data-element_type=\"section\">\n\t\t\t\t\t\t<div class=\"elementor-container elementor-column-gap-default\">\n\t\t\t\t\t<div class=\"elementor-column elementor-col-100 elementor-top-column elementor-element elementor-element-229e8ab exad-glass-effect-no exad-sticky-section-no\" data-id=\"229e8ab\" data-element_type=\"column\">\n\t\t\t<div class=\"elementor-widget-wrap elementor-element-populated\">\n\t\t\t\t\t\t\t\t<div class=\"elementor-element elementor-element-a464425 exad-sticky-section-no exad-glass-effect-no elementor-widget elementor-widget-image\" data-id=\"a464425\" data-element_type=\"widget\" data-widget_type=\"image.default\">\n\t\t\t\t<div class=\"elementor-widget-container\">\n\t\t\t<style>\/*! elementor - v3.8.0 - 30-10-2022 *\/\n.elementor-widget-image{text-align:center}.elementor-widget-image a{display:inline-block}.elementor-widget-image a img[src$=\".svg\"]{width:48px}.elementor-widget-image img{vertical-align:middle;display:inline-block}<\/style>\t\t\t\t\t\t\t\t\t<figure class=\"wp-caption\">\n\t\t\t\t\t\t\t\t\t\t<img loading=\"lazy\" decoding=\"async\" width=\"750\" height=\"499\" src=\"https:\/\/lerevedegaia.fr\/wp-content\/uploads\/2022\/09\/1199-une-Tremazan.jpeg\" class=\"attachment-large size-large\" alt=\"\" srcset=\"https:\/\/lerevedegaia.fr\/wp-content\/uploads\/2022\/09\/1199-une-Tremazan.jpeg 750w, https:\/\/lerevedegaia.fr\/wp-content\/uploads\/2022\/09\/1199-une-Tremazan-300x200.jpeg 300w\" sizes=\"auto, (max-width: 750px) 100vw, 750px\" \/>\t\t\t\t\t\t\t\t\t\t\t<figcaption class=\"widget-image-caption wp-caption-text\">Ruine du ch\u00e2teau de Tr\u00e9mazan<\/figcaption>\n\t\t\t\t\t\t\t\t\t\t<\/figure>\n\t\t\t\t\t\t\t\t\t<\/div>\n\t\t\t\t<\/div>\n\t\t\t\t\t<\/div>\n\t\t<\/div>\n\t\t\t\t\t\t\t<\/div>\n\t\t<\/section>\n\t\t\t\t<section class=\"elementor-section elementor-top-section elementor-element elementor-element-2c26e0bd elementor-section-boxed elementor-section-height-default elementor-section-height-default exad-glass-effect-no exad-sticky-section-no\" data-id=\"2c26e0bd\" data-element_type=\"section\" data-settings=\"{&quot;background_background&quot;:&quot;slideshow&quot;,&quot;background_slideshow_gallery&quot;:[{&quot;id&quot;:1839,&quot;url&quot;:&quot;https:\\\/\\\/lerevedegaia.fr\\\/wp-content\\\/uploads\\\/2022\\\/09\\\/depositphotos_24064571-stock-photo-old-paper-1.jpeg&quot;}],&quot;background_slideshow_loop&quot;:&quot;yes&quot;,&quot;background_slideshow_slide_duration&quot;:5000,&quot;background_slideshow_slide_transition&quot;:&quot;fade&quot;,&quot;background_slideshow_transition_duration&quot;:500}\">\n\t\t\t\t\t\t<div class=\"elementor-container elementor-column-gap-default\">\n\t\t\t\t\t<div class=\"elementor-column elementor-col-100 elementor-top-column elementor-element elementor-element-7cae5651 exad-glass-effect-no exad-sticky-section-no\" data-id=\"7cae5651\" data-element_type=\"column\">\n\t\t\t<div class=\"elementor-widget-wrap elementor-element-populated\">\n\t\t\t\t\t\t\t\t<div class=\"elementor-element elementor-element-5838bf22 exad-sticky-section-no exad-glass-effect-no elementor-widget elementor-widget-text-editor\" data-id=\"5838bf22\" data-element_type=\"widget\" data-widget_type=\"text-editor.default\">\n\t\t\t\t<div class=\"elementor-widget-container\">\n\t\t\t<style>\/*! elementor - v3.8.0 - 30-10-2022 *\/\n.elementor-widget-text-editor.elementor-drop-cap-view-stacked .elementor-drop-cap{background-color:#818a91;color:#fff}.elementor-widget-text-editor.elementor-drop-cap-view-framed .elementor-drop-cap{color:#818a91;border:3px solid;background-color:transparent}.elementor-widget-text-editor:not(.elementor-drop-cap-view-default) .elementor-drop-cap{margin-top:8px}.elementor-widget-text-editor:not(.elementor-drop-cap-view-default) .elementor-drop-cap-letter{width:1em;height:1em}.elementor-widget-text-editor .elementor-drop-cap{float:left;text-align:center;line-height:1;font-size:50px}.elementor-widget-text-editor .elementor-drop-cap-letter{display:inline-block}<\/style>\t\t\t\t<p>L&rsquo;histoire, rapport\u00e9e par un texte d&rsquo;Albert Legrand au XVIIe, rappelle la trag\u00e9die qui s&rsquo;y d\u00e9roula au d\u00e9but du VIe si\u00e8cle. Domaine de la famille des du Chastel depuis toujours, il porte encore l&#8217;empreinte du souvenir de Gurguy et Haude de Tr\u00e9mazan. Ayant pass\u00e9 une dizaine d&rsquo;ann\u00e9es au service du roi de France, Gurguy s&rsquo;en revenait dans ses terres bretonnes retrouver sa famille.<\/p><p>Sa mar\u00e2tre, qu&rsquo;il vit en premier lieu, lui en donna quelques nouvelles. Mais ses paroles emplies de fiel et de mensonges dress\u00e8rent un si noir tableau de sa jeune soeur, qu&rsquo;elles mirent Gurguy hors de lui.<\/p><p>L&rsquo;apercevant \u00e0 son arriv\u00e9e, il saisit son \u00e9p\u00e9e et lui trancha la t\u00eate. N\u00e9anmoins, il ne mit pas longtemps \u00e0 comprendre qu&rsquo;il s&rsquo;\u00e9tait tromp\u00e9 ou plut\u00f4t qu&rsquo;on l&rsquo;avait abus\u00e9.<\/p><h2>La t\u00eate tranch\u00e9e<\/h2><p>Alors qu&rsquo;il se consternait de sa m\u00e9prise aupr\u00e8s de son p\u00e8re dans l&rsquo;une des salles du ch\u00e2teau, Haude leur apparut, tenant son chef d\u00e9capit\u00e9 entre les mains. Avec une grande simplicit\u00e9, elle reposa sa t\u00eate \u00e0 sa place initiale et tenta de d\u00e9masquer la tra\u00eetrise de sa mar\u00e2tre. Comme cette derni\u00e8re niait les accusations port\u00e9es par le fr\u00e8re et la soeur, elle fut foudroy\u00e9e par un \u00e9clair divin.<\/p><p>Apr\u00e8s avoir pardonn\u00e9 \u00e0 son fr\u00e8re, Haude s&rsquo;\u00e9vanouit telle une apparition. N\u00e9anmoins, Gurguy demeurait inconsolable. Se repentant aupr\u00e8s de l&rsquo;\u00e9v\u00eaque saint Pol, il fit sur ses conseils une longue p\u00e9nitence.<\/p><p>Ses quarante jours de je\u00fbne le transform\u00e8rent et c&rsquo;est aur\u00e9ol\u00e9 d&rsquo;une couronne de feu qu&rsquo;il vint retrouver l&rsquo;\u00e9v\u00eaque. Ce dernier le rev\u00eatit alors de l&rsquo;habit monastique puis le rebaptisa du nom de Tanguy. Il mena par la suite une vie de saint Homme et, pour mieux se faire pardonner, fonda \u00e9galement l&rsquo;abbaye Saint-Mathieu \u00e0 Plougonvelin.<\/p>\t\t\t\t\t\t<\/div>\n\t\t\t\t<\/div>\n\t\t\t\t\t<\/div>\n\t\t<\/div>\n\t\t\t\t\t\t\t<\/div>\n\t\t<\/section>\n\t\t\t\t<section class=\"elementor-section elementor-top-section elementor-element elementor-element-a4f42c4 elementor-section-boxed elementor-section-height-default elementor-section-height-default exad-glass-effect-no exad-sticky-section-no\" data-id=\"a4f42c4\" data-element_type=\"section\">\n\t\t\t\t\t\t<div class=\"elementor-container elementor-column-gap-default\">\n\t\t\t\t\t<div class=\"elementor-column elementor-col-100 elementor-top-column elementor-element elementor-element-3c48f65 exad-glass-effect-no exad-sticky-section-no\" data-id=\"3c48f65\" data-element_type=\"column\">\n\t\t\t<div class=\"elementor-widget-wrap elementor-element-populated\">\n\t\t\t\t\t\t\t\t<div class=\"elementor-element elementor-element-0b029f1 exad-sticky-section-no exad-glass-effect-no elementor-widget elementor-widget-spacer\" data-id=\"0b029f1\" data-element_type=\"widget\" data-widget_type=\"spacer.default\">\n\t\t\t\t<div class=\"elementor-widget-container\">\n\t\t\t<style>\/*! elementor - v3.8.0 - 30-10-2022 *\/\n.elementor-column .elementor-spacer-inner{height:var(--spacer-size)}.e-con{--container-widget-width:100%}.e-con-inner>.elementor-widget-spacer,.e-con>.elementor-widget-spacer{width:var(--container-widget-width,var(--spacer-size));-ms-flex-item-align:stretch;align-self:stretch;-ms-flex-negative:0;flex-shrink:0}.e-con-inner>.elementor-widget-spacer>.elementor-widget-container,.e-con-inner>.elementor-widget-spacer>.elementor-widget-container>.elementor-spacer,.e-con>.elementor-widget-spacer>.elementor-widget-container,.e-con>.elementor-widget-spacer>.elementor-widget-container>.elementor-spacer{height:100%}.e-con-inner>.elementor-widget-spacer>.elementor-widget-container>.elementor-spacer>.elementor-spacer-inner,.e-con>.elementor-widget-spacer>.elementor-widget-container>.elementor-spacer>.elementor-spacer-inner{height:var(--container-widget-height,var(--spacer-size))}<\/style>\t\t<div class=\"elementor-spacer\">\n\t\t\t<div class=\"elementor-spacer-inner\"><\/div>\n\t\t<\/div>\n\t\t\t\t<\/div>\n\t\t\t\t<\/div>\n\t\t\t\t\t<\/div>\n\t\t<\/div>\n\t\t\t\t\t\t\t<\/div>\n\t\t<\/section>\n\t\t\t\t\t\t\t<\/div>\n\t\t","protected":false},"excerpt":{"rendered":"<p>Ruine du ch\u00e2teau de Tr\u00e9mazan L&rsquo;histoire, rapport\u00e9e par un texte d&rsquo;Albert Legrand au XVIIe, rappelle la trag\u00e9die qui s&rsquo;y d\u00e9roula au d\u00e9but du VIe si\u00e8cle. Domaine de la famille des du Chastel depuis toujours, il porte encore l&#8217;empreinte du souvenir de Gurguy et Haude de Tr\u00e9mazan. Ayant pass\u00e9 une dizaine d&rsquo;ann\u00e9es au service du roi de France, Gurguy s&rsquo;en revenait dans ses terres bretonnes retrouver sa famille. Sa mar\u00e2tre, qu&rsquo;il vit en premier lieu, lui en donna quelques nouvelles. Mais ses paroles emplies de fiel et de mensonges dress\u00e8rent un si noir tableau de sa jeune soeur, qu&rsquo;elles mirent Gurguy\u2026<\/p>\n","protected":false},"author":1,"featured_media":0,"parent":989,"menu_order":0,"comment_status":"closed","ping_status":"closed","template":"","meta":{"footnotes":""},"class_list":["post-1793","page","type-page","status-publish","hentry"],"blocksy_meta":{"styles_descriptor":{"styles":{"desktop":"","tablet":"","mobile":""},"google_fonts":[],"version":5}},"_links":{"self":[{"href":"https:\/\/lerevedegaia.fr\/index.php?rest_route=\/wp\/v2\/pages\/1793","targetHints":{"allow":["GET"]}}],"collection":[{"href":"https:\/\/lerevedegaia.fr\/index.php?rest_route=\/wp\/v2\/pages"}],"about":[{"href":"https:\/\/lerevedegaia.fr\/index.php?rest_route=\/wp\/v2\/types\/page"}],"author":[{"embeddable":true,"href":"https:\/\/lerevedegaia.fr\/index.php?rest_route=\/wp\/v2\/users\/1"}],"replies":[{"embeddable":true,"href":"https:\/\/lerevedegaia.fr\/index.php?rest_route=%2Fwp%2Fv2%2Fcomments&post=1793"}],"version-history":[{"count":22,"href":"https:\/\/lerevedegaia.fr\/index.php?rest_route=\/wp\/v2\/pages\/1793\/revisions"}],"predecessor-version":[{"id":2558,"href":"https:\/\/lerevedegaia.fr\/index.php?rest_route=\/wp\/v2\/pages\/1793\/revisions\/2558"}],"up":[{"embeddable":true,"href":"https:\/\/lerevedegaia.fr\/index.php?rest_route=\/wp\/v2\/pages\/989"}],"wp:attachment":[{"href":"https:\/\/lerevedegaia.fr\/index.php?rest_route=%2Fwp%2Fv2%2Fmedia&parent=1793"}],"curies":[{"name":"wp","href":"https:\/\/api.w.org\/{rel}","templated":true}]}}