{"id":1828,"date":"2022-09-10T18:23:29","date_gmt":"2022-09-10T16:23:29","guid":{"rendered":"https:\/\/lerevedegaia.fr\/?page_id=1828"},"modified":"2022-09-16T13:46:28","modified_gmt":"2022-09-16T11:46:28","slug":"legendes-de-bretagne-l-egnime-du-temple-de-lanleff","status":"publish","type":"page","link":"https:\/\/lerevedegaia.fr\/?page_id=1828","title":{"rendered":"&#8211; L&rsquo; \u00e9gnime du temple de Lanleff &#8211;"},"content":{"rendered":"\t\t<div data-elementor-type=\"wp-page\" data-elementor-id=\"1828\" class=\"elementor elementor-1828\">\n\t\t\t\t\t\t\t\t\t<section class=\"elementor-section elementor-top-section elementor-element elementor-element-3d08cab elementor-section-boxed elementor-section-height-default elementor-section-height-default exad-glass-effect-no exad-sticky-section-no\" data-id=\"3d08cab\" data-element_type=\"section\">\n\t\t\t\t\t\t<div class=\"elementor-container elementor-column-gap-default\">\n\t\t\t\t\t<div class=\"elementor-column elementor-col-100 elementor-top-column elementor-element elementor-element-13c8804 exad-glass-effect-no exad-sticky-section-no\" data-id=\"13c8804\" data-element_type=\"column\">\n\t\t\t<div class=\"elementor-widget-wrap elementor-element-populated\">\n\t\t\t\t\t\t\t\t<div class=\"elementor-element elementor-element-78fcddd exad-sticky-section-no exad-glass-effect-no elementor-widget elementor-widget-image\" data-id=\"78fcddd\" data-element_type=\"widget\" data-widget_type=\"image.default\">\n\t\t\t\t<div class=\"elementor-widget-container\">\n\t\t\t<style>\/*! elementor - v3.8.0 - 30-10-2022 *\/\n.elementor-widget-image{text-align:center}.elementor-widget-image a{display:inline-block}.elementor-widget-image a img[src$=\".svg\"]{width:48px}.elementor-widget-image img{vertical-align:middle;display:inline-block}<\/style>\t\t\t\t\t\t\t\t\t\t\t\t<img loading=\"lazy\" decoding=\"async\" width=\"750\" height=\"499\" src=\"https:\/\/lerevedegaia.fr\/wp-content\/uploads\/2022\/09\/1188-une-Temple-de-Lanleff.jpeg\" class=\"attachment-large size-large\" alt=\"\" srcset=\"https:\/\/lerevedegaia.fr\/wp-content\/uploads\/2022\/09\/1188-une-Temple-de-Lanleff.jpeg 750w, https:\/\/lerevedegaia.fr\/wp-content\/uploads\/2022\/09\/1188-une-Temple-de-Lanleff-300x200.jpeg 300w\" sizes=\"auto, (max-width: 750px) 100vw, 750px\" \/>\t\t\t\t\t\t\t\t\t\t\t\t\t\t\t<\/div>\n\t\t\t\t<\/div>\n\t\t\t\t\t<\/div>\n\t\t<\/div>\n\t\t\t\t\t\t\t<\/div>\n\t\t<\/section>\n\t\t\t\t<section class=\"elementor-section elementor-top-section elementor-element elementor-element-c9da0c4 elementor-section-boxed elementor-section-height-default elementor-section-height-default exad-glass-effect-no exad-sticky-section-no\" data-id=\"c9da0c4\" data-element_type=\"section\">\n\t\t\t\t\t\t<div class=\"elementor-container elementor-column-gap-default\">\n\t\t\t\t\t<div class=\"elementor-column elementor-col-100 elementor-top-column elementor-element elementor-element-29604b8 exad-glass-effect-no exad-sticky-section-no\" data-id=\"29604b8\" data-element_type=\"column\">\n\t\t\t<div class=\"elementor-widget-wrap elementor-element-populated\">\n\t\t\t\t\t\t\t\t<div class=\"elementor-element elementor-element-a622b3a exad-sticky-section-no exad-glass-effect-no elementor-widget elementor-widget-spacer\" data-id=\"a622b3a\" data-element_type=\"widget\" data-widget_type=\"spacer.default\">\n\t\t\t\t<div class=\"elementor-widget-container\">\n\t\t\t<style>\/*! elementor - v3.8.0 - 30-10-2022 *\/\n.elementor-column .elementor-spacer-inner{height:var(--spacer-size)}.e-con{--container-widget-width:100%}.e-con-inner>.elementor-widget-spacer,.e-con>.elementor-widget-spacer{width:var(--container-widget-width,var(--spacer-size));-ms-flex-item-align:stretch;align-self:stretch;-ms-flex-negative:0;flex-shrink:0}.e-con-inner>.elementor-widget-spacer>.elementor-widget-container,.e-con-inner>.elementor-widget-spacer>.elementor-widget-container>.elementor-spacer,.e-con>.elementor-widget-spacer>.elementor-widget-container,.e-con>.elementor-widget-spacer>.elementor-widget-container>.elementor-spacer{height:100%}.e-con-inner>.elementor-widget-spacer>.elementor-widget-container>.elementor-spacer>.elementor-spacer-inner,.e-con>.elementor-widget-spacer>.elementor-widget-container>.elementor-spacer>.elementor-spacer-inner{height:var(--container-widget-height,var(--spacer-size))}<\/style>\t\t<div class=\"elementor-spacer\">\n\t\t\t<div class=\"elementor-spacer-inner\"><\/div>\n\t\t<\/div>\n\t\t\t\t<\/div>\n\t\t\t\t<\/div>\n\t\t\t\t\t<\/div>\n\t\t<\/div>\n\t\t\t\t\t\t\t<\/div>\n\t\t<\/section>\n\t\t\t\t<section class=\"elementor-section elementor-top-section elementor-element elementor-element-c2e00ee elementor-section-boxed elementor-section-height-default elementor-section-height-default exad-glass-effect-no exad-sticky-section-no\" data-id=\"c2e00ee\" data-element_type=\"section\" data-settings=\"{&quot;background_background&quot;:&quot;slideshow&quot;,&quot;background_slideshow_gallery&quot;:[{&quot;id&quot;:1832,&quot;url&quot;:&quot;https:\\\/\\\/lerevedegaia.fr\\\/wp-content\\\/uploads\\\/2022\\\/09\\\/depositphotos_24064571-stock-photo-old-paper.jpeg&quot;}],&quot;background_slideshow_loop&quot;:&quot;yes&quot;,&quot;background_slideshow_slide_duration&quot;:5000,&quot;background_slideshow_slide_transition&quot;:&quot;fade&quot;,&quot;background_slideshow_transition_duration&quot;:500}\">\n\t\t\t\t\t\t<div class=\"elementor-container elementor-column-gap-default\">\n\t\t\t\t\t<div class=\"elementor-column elementor-col-100 elementor-top-column elementor-element elementor-element-3227d16 exad-glass-effect-no exad-sticky-section-no\" data-id=\"3227d16\" data-element_type=\"column\">\n\t\t\t<div class=\"elementor-widget-wrap elementor-element-populated\">\n\t\t\t\t\t\t\t\t<div class=\"elementor-element elementor-element-28e75e0 elementor-drop-cap-yes elementor-drop-cap-view-default exad-sticky-section-no exad-glass-effect-no elementor-widget elementor-widget-text-editor\" data-id=\"28e75e0\" data-element_type=\"widget\" data-settings=\"{&quot;drop_cap&quot;:&quot;yes&quot;}\" data-widget_type=\"text-editor.default\">\n\t\t\t\t<div class=\"elementor-widget-container\">\n\t\t\t<style>\/*! elementor - v3.8.0 - 30-10-2022 *\/\n.elementor-widget-text-editor.elementor-drop-cap-view-stacked .elementor-drop-cap{background-color:#818a91;color:#fff}.elementor-widget-text-editor.elementor-drop-cap-view-framed .elementor-drop-cap{color:#818a91;border:3px solid;background-color:transparent}.elementor-widget-text-editor:not(.elementor-drop-cap-view-default) .elementor-drop-cap{margin-top:8px}.elementor-widget-text-editor:not(.elementor-drop-cap-view-default) .elementor-drop-cap-letter{width:1em;height:1em}.elementor-widget-text-editor .elementor-drop-cap{float:left;text-align:center;line-height:1;font-size:50px}.elementor-widget-text-editor .elementor-drop-cap-letter{display:inline-block}<\/style>\t\t\t\t<div id=\"block-journaleight-content\" class=\"block block-system block-system-main-block\"><div class=\"content\"><article class=\"node node--type-mt-post node--promoted node--view-mode-full clearfix\" data-history-node-id=\"88\"><div class=\"node-content\"><div class=\"node__content clearfix\"><div class=\"clearfix text-formatted field field--name-body field--type-text-with-summary field--label-hidden field__item\"><p>Avec sa construction en rotonde, le temple de Lanleff intrigue depuis des si\u00e8cles. Pas \u00e9tonnant d\u00e8s lors que s&rsquo;y attache le l\u00e9gendaire.<\/p><p>Certains voyaient \u00e0 Lanleff un temple gallo-romain, d&rsquo;autres un baptist\u00e8re m\u00e9rovingien. Quant aux romantiques, ils n&rsquo;ont pas h\u00e9sit\u00e9 \u00e0 qualifier le b\u00e2timent de sanctuaire d&rsquo;origine celtique : les Celtes ont toujours affich\u00e9 un profond respect pour le symbolisme du cercle.<\/p><p>Aujourd&rsquo;hui, tous les chercheurs se rejoignent pour dater la construction de la curieuse \u00e9glise au XIe si\u00e8cle. L&rsquo;\u00e9difice est de style roman, et son magnifique granit rose lui conf\u00e8re une aust\u00e9rit\u00e9 toute monastique. Quant \u00e0 son inspiration en cercle, elle serait plus d&rsquo;origine palestinienne (\u00e0 l&rsquo;imitation du Saint-S\u00e9pulcre de J\u00e9rusalem) que celtique.<\/p><h2>Un troc avec le diable<\/h2><p>Une l\u00e9gende est li\u00e9e au temple de Lanleff. Une pauvre et affreuse femme fit un troc avec le diable : son enfant en \u00e9change de pi\u00e8ces d&rsquo;or. Lucifer conclut l&rsquo;affaire et d\u00e9posa une poign\u00e9e de pi\u00e8ces sur la margelle de la fontaine, sise pr\u00e8s du temple. Puis il saisit l&rsquo;enfant et l&#8217;emporta. Quant la m\u00e8re indigne voulut r\u00e9cup\u00e9rer son butin, elle se br\u00fbla gravement : les pi\u00e8ces sortaient tout juste des flammes de l&rsquo;enfer. Dans un cri de douleur, elle l\u00e2cha l&rsquo;or si convoit\u00e9 et les pi\u00e8ces s&rsquo;incrust\u00e8rent \u00e0 tout jamais dans le granit de la margelle. Si vous passez par Lanleff, rendez-vous \u00e0 la fontaine. Vous mouillerez la margelle et 14 pi\u00e8ces appara\u00eetront.<\/p><p>Mais r\u00e9fl\u00e9chissez bien avant de les saisir et de les empocher&#8230;<\/p><\/div><\/div><\/div><div id=\"block-aboblock\" class=\"block block-bretagnecom block-abo-block\"><div class=\"content\">\u00a0<\/div><\/div><\/article><\/div><\/div><div id=\"block-texteintroductif\" class=\"block block-bretagnecom block-introductif-block\"><div class=\"content\">\u00a0<\/div><\/div><div id=\"block-views-block-rechercher-un-hebergement-a-proximite-block-1\" class=\"views-element-container block block-views block-views-blockrechercher-un-hebergement-a-proximite-block-1\">\u00a0<\/div>\t\t\t\t\t\t<\/div>\n\t\t\t\t<\/div>\n\t\t\t\t\t<\/div>\n\t\t<\/div>\n\t\t\t\t\t\t\t<\/div>\n\t\t<\/section>\n\t\t\t\t<section class=\"elementor-section elementor-top-section elementor-element elementor-element-4b292ca elementor-section-boxed elementor-section-height-default elementor-section-height-default exad-glass-effect-no exad-sticky-section-no\" data-id=\"4b292ca\" data-element_type=\"section\">\n\t\t\t\t\t\t<div class=\"elementor-container elementor-column-gap-default\">\n\t\t\t\t\t<div class=\"elementor-column elementor-col-100 elementor-top-column elementor-element elementor-element-ce2ba20 exad-glass-effect-no exad-sticky-section-no\" data-id=\"ce2ba20\" data-element_type=\"column\">\n\t\t\t<div class=\"elementor-widget-wrap elementor-element-populated\">\n\t\t\t\t\t\t\t\t<div class=\"elementor-element elementor-element-9af1c7d exad-sticky-section-no exad-glass-effect-no elementor-widget elementor-widget-spacer\" data-id=\"9af1c7d\" data-element_type=\"widget\" data-widget_type=\"spacer.default\">\n\t\t\t\t<div class=\"elementor-widget-container\">\n\t\t\t\t\t<div class=\"elementor-spacer\">\n\t\t\t<div class=\"elementor-spacer-inner\"><\/div>\n\t\t<\/div>\n\t\t\t\t<\/div>\n\t\t\t\t<\/div>\n\t\t\t\t\t<\/div>\n\t\t<\/div>\n\t\t\t\t\t\t\t<\/div>\n\t\t<\/section>\n\t\t\t\t\t\t\t<\/div>\n\t\t","protected":false},"excerpt":{"rendered":"<p>Avec sa construction en rotonde, le temple de Lanleff intrigue depuis des si\u00e8cles. Pas \u00e9tonnant d\u00e8s lors que s&rsquo;y attache le l\u00e9gendaire. Certains voyaient \u00e0 Lanleff un temple gallo-romain, d&rsquo;autres un baptist\u00e8re m\u00e9rovingien. Quant aux romantiques, ils n&rsquo;ont pas h\u00e9sit\u00e9 \u00e0 qualifier le b\u00e2timent de sanctuaire d&rsquo;origine celtique : les Celtes ont toujours affich\u00e9 un profond respect pour le symbolisme du cercle. Aujourd&rsquo;hui, tous les chercheurs se rejoignent pour dater la construction de la curieuse \u00e9glise au XIe si\u00e8cle. L&rsquo;\u00e9difice est de style roman, et son magnifique granit rose lui conf\u00e8re une aust\u00e9rit\u00e9 toute monastique. Quant \u00e0 son inspiration en\u2026<\/p>\n","protected":false},"author":1,"featured_media":0,"parent":989,"menu_order":0,"comment_status":"closed","ping_status":"closed","template":"","meta":{"footnotes":""},"class_list":["post-1828","page","type-page","status-publish","hentry"],"blocksy_meta":{"styles_descriptor":{"styles":{"desktop":"","tablet":"","mobile":""},"google_fonts":[],"version":5}},"_links":{"self":[{"href":"https:\/\/lerevedegaia.fr\/index.php?rest_route=\/wp\/v2\/pages\/1828","targetHints":{"allow":["GET"]}}],"collection":[{"href":"https:\/\/lerevedegaia.fr\/index.php?rest_route=\/wp\/v2\/pages"}],"about":[{"href":"https:\/\/lerevedegaia.fr\/index.php?rest_route=\/wp\/v2\/types\/page"}],"author":[{"embeddable":true,"href":"https:\/\/lerevedegaia.fr\/index.php?rest_route=\/wp\/v2\/users\/1"}],"replies":[{"embeddable":true,"href":"https:\/\/lerevedegaia.fr\/index.php?rest_route=%2Fwp%2Fv2%2Fcomments&post=1828"}],"version-history":[{"count":8,"href":"https:\/\/lerevedegaia.fr\/index.php?rest_route=\/wp\/v2\/pages\/1828\/revisions"}],"predecessor-version":[{"id":2543,"href":"https:\/\/lerevedegaia.fr\/index.php?rest_route=\/wp\/v2\/pages\/1828\/revisions\/2543"}],"up":[{"embeddable":true,"href":"https:\/\/lerevedegaia.fr\/index.php?rest_route=\/wp\/v2\/pages\/989"}],"wp:attachment":[{"href":"https:\/\/lerevedegaia.fr\/index.php?rest_route=%2Fwp%2Fv2%2Fmedia&parent=1828"}],"curies":[{"name":"wp","href":"https:\/\/api.w.org\/{rel}","templated":true}]}}