{"id":1853,"date":"2022-09-10T18:39:53","date_gmt":"2022-09-10T16:39:53","guid":{"rendered":"https:\/\/lerevedegaia.fr\/?page_id=1853"},"modified":"2022-09-16T13:49:54","modified_gmt":"2022-09-16T11:49:54","slug":"legendes-bretonnes-le-mythe-d-hartur","status":"publish","type":"page","link":"https:\/\/lerevedegaia.fr\/?page_id=1853","title":{"rendered":"&#8211; Le mythe d&rsquo; Hartur &#8211;"},"content":{"rendered":"\t\t<div data-elementor-type=\"wp-page\" data-elementor-id=\"1853\" class=\"elementor elementor-1853\">\n\t\t\t\t\t\t\t\t\t<section class=\"elementor-section elementor-top-section elementor-element elementor-element-0501eda elementor-section-boxed elementor-section-height-default elementor-section-height-default exad-glass-effect-no exad-sticky-section-no\" data-id=\"0501eda\" data-element_type=\"section\">\n\t\t\t\t\t\t<div class=\"elementor-container elementor-column-gap-default\">\n\t\t\t\t\t<div class=\"elementor-column elementor-col-100 elementor-top-column elementor-element elementor-element-0dcdfc1 exad-glass-effect-no exad-sticky-section-no\" data-id=\"0dcdfc1\" data-element_type=\"column\">\n\t\t\t<div class=\"elementor-widget-wrap elementor-element-populated\">\n\t\t\t\t\t\t\t\t<div class=\"elementor-element elementor-element-d253fe0 exad-sticky-section-no exad-glass-effect-no elementor-widget elementor-widget-image\" data-id=\"d253fe0\" data-element_type=\"widget\" data-widget_type=\"image.default\">\n\t\t\t\t<div class=\"elementor-widget-container\">\n\t\t\t<style>\/*! elementor - v3.8.0 - 30-10-2022 *\/\n.elementor-widget-image{text-align:center}.elementor-widget-image a{display:inline-block}.elementor-widget-image a img[src$=\".svg\"]{width:48px}.elementor-widget-image img{vertical-align:middle;display:inline-block}<\/style>\t\t\t\t\t\t\t\t\t\t\t\t<img loading=\"lazy\" decoding=\"async\" width=\"652\" height=\"381\" src=\"https:\/\/lerevedegaia.fr\/wp-content\/uploads\/2022\/09\/Roi-arthur.jpeg\" class=\"attachment-large size-large\" alt=\"\" srcset=\"https:\/\/lerevedegaia.fr\/wp-content\/uploads\/2022\/09\/Roi-arthur.jpeg 652w, https:\/\/lerevedegaia.fr\/wp-content\/uploads\/2022\/09\/Roi-arthur-300x175.jpeg 300w\" sizes=\"auto, (max-width: 652px) 100vw, 652px\" \/>\t\t\t\t\t\t\t\t\t\t\t\t\t\t\t<\/div>\n\t\t\t\t<\/div>\n\t\t\t\t\t<\/div>\n\t\t<\/div>\n\t\t\t\t\t\t\t<\/div>\n\t\t<\/section>\n\t\t\t\t<section class=\"elementor-section elementor-top-section elementor-element elementor-element-e94f26f elementor-section-boxed elementor-section-height-default elementor-section-height-default exad-glass-effect-no exad-sticky-section-no\" data-id=\"e94f26f\" data-element_type=\"section\">\n\t\t\t\t\t\t<div class=\"elementor-container elementor-column-gap-default\">\n\t\t\t\t\t<div class=\"elementor-column elementor-col-100 elementor-top-column elementor-element elementor-element-ab66ff8 exad-glass-effect-no exad-sticky-section-no\" data-id=\"ab66ff8\" data-element_type=\"column\">\n\t\t\t<div class=\"elementor-widget-wrap elementor-element-populated\">\n\t\t\t\t\t\t\t\t<div class=\"elementor-element elementor-element-f078b44 exad-sticky-section-no exad-glass-effect-no elementor-widget elementor-widget-spacer\" data-id=\"f078b44\" data-element_type=\"widget\" data-widget_type=\"spacer.default\">\n\t\t\t\t<div class=\"elementor-widget-container\">\n\t\t\t<style>\/*! elementor - v3.8.0 - 30-10-2022 *\/\n.elementor-column .elementor-spacer-inner{height:var(--spacer-size)}.e-con{--container-widget-width:100%}.e-con-inner>.elementor-widget-spacer,.e-con>.elementor-widget-spacer{width:var(--container-widget-width,var(--spacer-size));-ms-flex-item-align:stretch;align-self:stretch;-ms-flex-negative:0;flex-shrink:0}.e-con-inner>.elementor-widget-spacer>.elementor-widget-container,.e-con-inner>.elementor-widget-spacer>.elementor-widget-container>.elementor-spacer,.e-con>.elementor-widget-spacer>.elementor-widget-container,.e-con>.elementor-widget-spacer>.elementor-widget-container>.elementor-spacer{height:100%}.e-con-inner>.elementor-widget-spacer>.elementor-widget-container>.elementor-spacer>.elementor-spacer-inner,.e-con>.elementor-widget-spacer>.elementor-widget-container>.elementor-spacer>.elementor-spacer-inner{height:var(--container-widget-height,var(--spacer-size))}<\/style>\t\t<div class=\"elementor-spacer\">\n\t\t\t<div class=\"elementor-spacer-inner\"><\/div>\n\t\t<\/div>\n\t\t\t\t<\/div>\n\t\t\t\t<\/div>\n\t\t\t\t\t<\/div>\n\t\t<\/div>\n\t\t\t\t\t\t\t<\/div>\n\t\t<\/section>\n\t\t\t\t<section class=\"elementor-section elementor-top-section elementor-element elementor-element-ddbf839 elementor-section-boxed elementor-section-height-default elementor-section-height-default exad-glass-effect-no exad-sticky-section-no\" data-id=\"ddbf839\" data-element_type=\"section\" data-settings=\"{&quot;background_background&quot;:&quot;slideshow&quot;,&quot;background_slideshow_gallery&quot;:[{&quot;id&quot;:1847,&quot;url&quot;:&quot;https:\\\/\\\/lerevedegaia.fr\\\/wp-content\\\/uploads\\\/2022\\\/09\\\/depositphotos_24064571-stock-photo-old-paper-3.jpeg&quot;}],&quot;background_slideshow_loop&quot;:&quot;yes&quot;,&quot;background_slideshow_slide_duration&quot;:5000,&quot;background_slideshow_slide_transition&quot;:&quot;fade&quot;,&quot;background_slideshow_transition_duration&quot;:500}\">\n\t\t\t\t\t\t<div class=\"elementor-container elementor-column-gap-default\">\n\t\t\t\t\t<div class=\"elementor-column elementor-col-100 elementor-top-column elementor-element elementor-element-4b7d207 exad-glass-effect-no exad-sticky-section-no\" data-id=\"4b7d207\" data-element_type=\"column\">\n\t\t\t<div class=\"elementor-widget-wrap elementor-element-populated\">\n\t\t\t\t\t\t\t\t<div class=\"elementor-element elementor-element-6ae4518 elementor-drop-cap-yes elementor-drop-cap-view-default exad-sticky-section-no exad-glass-effect-no elementor-widget elementor-widget-text-editor\" data-id=\"6ae4518\" data-element_type=\"widget\" data-settings=\"{&quot;drop_cap&quot;:&quot;yes&quot;}\" data-widget_type=\"text-editor.default\">\n\t\t\t\t<div class=\"elementor-widget-container\">\n\t\t\t<style>\/*! elementor - v3.8.0 - 30-10-2022 *\/\n.elementor-widget-text-editor.elementor-drop-cap-view-stacked .elementor-drop-cap{background-color:#818a91;color:#fff}.elementor-widget-text-editor.elementor-drop-cap-view-framed .elementor-drop-cap{color:#818a91;border:3px solid;background-color:transparent}.elementor-widget-text-editor:not(.elementor-drop-cap-view-default) .elementor-drop-cap{margin-top:8px}.elementor-widget-text-editor:not(.elementor-drop-cap-view-default) .elementor-drop-cap-letter{width:1em;height:1em}.elementor-widget-text-editor .elementor-drop-cap{float:left;text-align:center;line-height:1;font-size:50px}.elementor-widget-text-editor .elementor-drop-cap-letter{display:inline-block}<\/style>\t\t\t\t<div id=\"block-journaleight-content\" class=\"block block-system block-system-main-block\"><div class=\"content\"><article class=\"node node--type-mt-post node--view-mode-full clearfix\" data-history-node-id=\"80\"><div class=\"node-content\"><div class=\"node__content clearfix\"><div class=\"clearfix text-formatted field field--name-body field--type-text-with-summary field--label-hidden field__item\"><p>Merlin, conseiller du roi use de sa magie pour que naisse Arthur, futur roi de grande et petite Bretagne. Apr\u00e8s avoir extrait l&rsquo;\u00e9p\u00e9e Excalibur de son fourreau de pierre, Arthur fonde la Table Ronde et lance ses chevaliers dans l&rsquo;aventure du Graal.<\/p><p>Apr\u00e8s avoir unifi\u00e9 son royaume, Arthur \u00e9pouse Gueni\u00e8vre, fille du roi L\u00e9odegan de Carm\u00e9lide et cr\u00e9e la fraternit\u00e9 de la Table Ronde, autour de laquelle se r\u00e9unit le meilleur de la chevalerie. Les preux chevaliers partagent leur vie entre la cour d&rsquo;Arthur et la solitude sur les chemins p\u00e9rilleux de l&rsquo;aventure. Ils font promesse de ne se d\u00e9rober \u00e0 aucun des dangers ou des enchantements qui se pr\u00e9sentent \u00e0 eux.<\/p><p>La plus fascinante de leurs aventures s&rsquo;ordonne autour de la Qu\u00eate du Graal, une coupe sacr\u00e9e et myst\u00e9rieuse porteuse de tous les bienfaits du monde. De cette coupe, on a souvent pr\u00e9tendu qu&rsquo;elle avait recueilli le sang du Christ. Mais la civilisation chr\u00e9tienne, dans son approche \u00e9sot\u00e9rique, ne saurait se pr\u00e9valoir d&rsquo;aucune paternit\u00e9 sur un symbolisme que l&rsquo;on retrouve tant en Occident (sous sa forme celtique) qu&rsquo;en Orient.<\/p><ul><li><h2>La qu\u00eate du Graal<\/h2><\/li><\/ul><p>Parmi les chevaliers qui partirent \u00e0 sa recherche, on trouve Gauvain, Perceval et surtout le Breton continental <a href=\"https:\/\/www.bretagne.com\/fr\/la-bretagne\/sa-culture\/ses-legendes\/foret-de-broceliande-histoire-et-mythes-legendaires#lancelot\" target=\"_blank\" rel=\"noopener\">Lancelot du Lac<\/a>, ainsi nomm\u00e9 parce qu&rsquo;il a \u00e9t\u00e9 \u00e9lev\u00e9 par Viviane, f\u00e9e des eaux et Dame du Lac. La passion de Lancelot, pourtant le meilleur des chevaliers, pour la reine Gueni\u00e8ve, le rend indigne de trouver le Graal. Perceval, son \u00e9cuyer, apercevra la lumi\u00e8re du Graal mais ne saura pas poser la question qui aurait permis d&rsquo;en percer le secret. Galaad, le fils de Lancelot, en aura la r\u00e9v\u00e9lation, mais il en mourra.<\/p><ul><li><h2>Au chateau de Comper<\/h2><\/li><\/ul><p>Au coeur de la For\u00eat de Broc\u00e9liande, dans un site charg\u00e9 d&rsquo;histoire et de l\u00e9gendes, au <a href=\"https:\/\/www.broceliande-centre-arthurien.com\/\" target=\"_blank\" rel=\"noopener\">Ch\u00e2teau de Comper<\/a>, se trouve aujourd&rsquo;hui le centre de l&rsquo;Imaginaire Arthurien. Un lieu magique o\u00f9, par une volont\u00e9 de quelques passionn\u00e9s, vit encore la l\u00e9gende d&rsquo;Arthur. Le centre s&rsquo;est donn\u00e9 pour vocation d&rsquo;honorer les oeuvres modernes ou anciennes consacr\u00e9es au l\u00e9gendaire de la Table Ronde et d&rsquo;en favoriser la diffusion aupr\u00e8s du public. Le Ch\u00e2teau de Comper, en Broc\u00e9liande, est aujourd&rsquo;hui un lieu de m\u00e9moire extraordinaire, un r\u00e9servoir d&rsquo;images et de r\u00e9f\u00e9rences indispensables, un endroit o\u00f9 la pr\u00e9sence des aventuriers du Graal semble presque r\u00e9elle.<\/p><\/div><\/div><\/div><div id=\"block-aboblock\" class=\"block block-bretagnecom block-abo-block\"><div class=\"content\">\u00a0<\/div><\/div><\/article><\/div><\/div><div id=\"block-texteintroductif\" class=\"block block-bretagnecom block-introductif-block\"><div class=\"content\">\u00a0<\/div><\/div><div id=\"block-views-block-rechercher-un-hebergement-a-proximite-block-1\" class=\"views-element-container block block-views block-views-blockrechercher-un-hebergement-a-proximite-block-1\">\u00a0<\/div>\t\t\t\t\t\t<\/div>\n\t\t\t\t<\/div>\n\t\t\t\t\t<\/div>\n\t\t<\/div>\n\t\t\t\t\t\t\t<\/div>\n\t\t<\/section>\n\t\t\t\t<section class=\"elementor-section elementor-top-section elementor-element elementor-element-5a4f58c elementor-section-boxed elementor-section-height-default elementor-section-height-default exad-glass-effect-no exad-sticky-section-no\" data-id=\"5a4f58c\" data-element_type=\"section\">\n\t\t\t\t\t\t<div class=\"elementor-container elementor-column-gap-default\">\n\t\t\t\t\t<div class=\"elementor-column elementor-col-100 elementor-top-column elementor-element elementor-element-7ff6249 exad-glass-effect-no exad-sticky-section-no\" data-id=\"7ff6249\" data-element_type=\"column\">\n\t\t\t<div class=\"elementor-widget-wrap elementor-element-populated\">\n\t\t\t\t\t\t\t\t<div class=\"elementor-element elementor-element-1a2dd6d exad-sticky-section-no exad-glass-effect-no elementor-widget elementor-widget-spacer\" data-id=\"1a2dd6d\" data-element_type=\"widget\" data-widget_type=\"spacer.default\">\n\t\t\t\t<div class=\"elementor-widget-container\">\n\t\t\t\t\t<div class=\"elementor-spacer\">\n\t\t\t<div class=\"elementor-spacer-inner\"><\/div>\n\t\t<\/div>\n\t\t\t\t<\/div>\n\t\t\t\t<\/div>\n\t\t\t\t\t<\/div>\n\t\t<\/div>\n\t\t\t\t\t\t\t<\/div>\n\t\t<\/section>\n\t\t\t\t\t\t\t<\/div>\n\t\t","protected":false},"excerpt":{"rendered":"<p>Merlin, conseiller du roi use de sa magie pour que naisse Arthur, futur roi de grande et petite Bretagne. Apr\u00e8s avoir extrait l&rsquo;\u00e9p\u00e9e Excalibur de son fourreau de pierre, Arthur fonde la Table Ronde et lance ses chevaliers dans l&rsquo;aventure du Graal. Apr\u00e8s avoir unifi\u00e9 son royaume, Arthur \u00e9pouse Gueni\u00e8vre, fille du roi L\u00e9odegan de Carm\u00e9lide et cr\u00e9e la fraternit\u00e9 de la Table Ronde, autour de laquelle se r\u00e9unit le meilleur de la chevalerie. Les preux chevaliers partagent leur vie entre la cour d&rsquo;Arthur et la solitude sur les chemins p\u00e9rilleux de l&rsquo;aventure. Ils font promesse de ne se d\u00e9rober\u2026<\/p>\n","protected":false},"author":1,"featured_media":0,"parent":989,"menu_order":0,"comment_status":"closed","ping_status":"closed","template":"","meta":{"footnotes":""},"class_list":["post-1853","page","type-page","status-publish","hentry"],"blocksy_meta":{"styles_descriptor":{"styles":{"desktop":"","tablet":"","mobile":""},"google_fonts":[],"version":5}},"_links":{"self":[{"href":"https:\/\/lerevedegaia.fr\/index.php?rest_route=\/wp\/v2\/pages\/1853","targetHints":{"allow":["GET"]}}],"collection":[{"href":"https:\/\/lerevedegaia.fr\/index.php?rest_route=\/wp\/v2\/pages"}],"about":[{"href":"https:\/\/lerevedegaia.fr\/index.php?rest_route=\/wp\/v2\/types\/page"}],"author":[{"embeddable":true,"href":"https:\/\/lerevedegaia.fr\/index.php?rest_route=\/wp\/v2\/users\/1"}],"replies":[{"embeddable":true,"href":"https:\/\/lerevedegaia.fr\/index.php?rest_route=%2Fwp%2Fv2%2Fcomments&post=1853"}],"version-history":[{"count":8,"href":"https:\/\/lerevedegaia.fr\/index.php?rest_route=\/wp\/v2\/pages\/1853\/revisions"}],"predecessor-version":[{"id":2561,"href":"https:\/\/lerevedegaia.fr\/index.php?rest_route=\/wp\/v2\/pages\/1853\/revisions\/2561"}],"up":[{"embeddable":true,"href":"https:\/\/lerevedegaia.fr\/index.php?rest_route=\/wp\/v2\/pages\/989"}],"wp:attachment":[{"href":"https:\/\/lerevedegaia.fr\/index.php?rest_route=%2Fwp%2Fv2%2Fmedia&parent=1853"}],"curies":[{"name":"wp","href":"https:\/\/api.w.org\/{rel}","templated":true}]}}