{"id":2178,"date":"2022-09-13T12:03:56","date_gmt":"2022-09-13T10:03:56","guid":{"rendered":"https:\/\/lerevedegaia.fr\/?page_id=2178"},"modified":"2022-09-13T12:16:25","modified_gmt":"2022-09-13T10:16:25","slug":"mona-la-fille-de-la-terre","status":"publish","type":"page","link":"https:\/\/lerevedegaia.fr\/?page_id=2178","title":{"rendered":"&#8211; Mona la fille de la terre &#8211;"},"content":{"rendered":"\t\t<div data-elementor-type=\"wp-page\" data-elementor-id=\"2178\" class=\"elementor elementor-2178\">\n\t\t\t\t\t\t\t\t\t<section class=\"elementor-section elementor-top-section elementor-element elementor-element-c060448 elementor-section-boxed elementor-section-height-default elementor-section-height-default exad-glass-effect-no exad-sticky-section-no\" data-id=\"c060448\" data-element_type=\"section\">\n\t\t\t\t\t\t<div class=\"elementor-container elementor-column-gap-default\">\n\t\t\t\t\t<div class=\"elementor-column elementor-col-100 elementor-top-column elementor-element elementor-element-9b2a21a exad-glass-effect-no exad-sticky-section-no\" data-id=\"9b2a21a\" data-element_type=\"column\">\n\t\t\t<div class=\"elementor-widget-wrap elementor-element-populated\">\n\t\t\t\t\t\t\t\t<div class=\"elementor-element elementor-element-c578f4a exad-sticky-section-no exad-glass-effect-no elementor-widget elementor-widget-image\" data-id=\"c578f4a\" data-element_type=\"widget\" data-widget_type=\"image.default\">\n\t\t\t\t<div class=\"elementor-widget-container\">\n\t\t\t<style>\/*! elementor - v3.8.0 - 30-10-2022 *\/\n.elementor-widget-image{text-align:center}.elementor-widget-image a{display:inline-block}.elementor-widget-image a img[src$=\".svg\"]{width:48px}.elementor-widget-image img{vertical-align:middle;display:inline-block}<\/style>\t\t\t\t\t\t\t\t\t\t\t\t<img loading=\"lazy\" decoding=\"async\" width=\"1024\" height=\"463\" src=\"https:\/\/lerevedegaia.fr\/wp-content\/uploads\/2022\/09\/Capture-decran-2022-09-13-a-11.57.37-1024x463.png\" class=\"attachment-large size-large\" alt=\"\" srcset=\"https:\/\/lerevedegaia.fr\/wp-content\/uploads\/2022\/09\/Capture-decran-2022-09-13-a-11.57.37-1024x463.png 1024w, https:\/\/lerevedegaia.fr\/wp-content\/uploads\/2022\/09\/Capture-decran-2022-09-13-a-11.57.37-300x136.png 300w, https:\/\/lerevedegaia.fr\/wp-content\/uploads\/2022\/09\/Capture-decran-2022-09-13-a-11.57.37-768x347.png 768w, https:\/\/lerevedegaia.fr\/wp-content\/uploads\/2022\/09\/Capture-decran-2022-09-13-a-11.57.37.png 1057w\" sizes=\"auto, (max-width: 1024px) 100vw, 1024px\" \/>\t\t\t\t\t\t\t\t\t\t\t\t\t\t\t<\/div>\n\t\t\t\t<\/div>\n\t\t\t\t\t<\/div>\n\t\t<\/div>\n\t\t\t\t\t\t\t<\/div>\n\t\t<\/section>\n\t\t\t\t<section class=\"elementor-section elementor-top-section elementor-element elementor-element-587bbb3 elementor-section-boxed elementor-section-height-default elementor-section-height-default exad-glass-effect-no exad-sticky-section-no\" data-id=\"587bbb3\" data-element_type=\"section\">\n\t\t\t\t\t\t<div class=\"elementor-container elementor-column-gap-default\">\n\t\t\t\t\t<div class=\"elementor-column elementor-col-100 elementor-top-column elementor-element elementor-element-f457b2a exad-glass-effect-no exad-sticky-section-no\" data-id=\"f457b2a\" data-element_type=\"column\">\n\t\t\t<div class=\"elementor-widget-wrap elementor-element-populated\">\n\t\t\t\t\t\t\t\t<div class=\"elementor-element elementor-element-1d35ddb exad-sticky-section-no exad-glass-effect-no elementor-widget elementor-widget-spacer\" data-id=\"1d35ddb\" data-element_type=\"widget\" data-widget_type=\"spacer.default\">\n\t\t\t\t<div class=\"elementor-widget-container\">\n\t\t\t<style>\/*! elementor - v3.8.0 - 30-10-2022 *\/\n.elementor-column .elementor-spacer-inner{height:var(--spacer-size)}.e-con{--container-widget-width:100%}.e-con-inner>.elementor-widget-spacer,.e-con>.elementor-widget-spacer{width:var(--container-widget-width,var(--spacer-size));-ms-flex-item-align:stretch;align-self:stretch;-ms-flex-negative:0;flex-shrink:0}.e-con-inner>.elementor-widget-spacer>.elementor-widget-container,.e-con-inner>.elementor-widget-spacer>.elementor-widget-container>.elementor-spacer,.e-con>.elementor-widget-spacer>.elementor-widget-container,.e-con>.elementor-widget-spacer>.elementor-widget-container>.elementor-spacer{height:100%}.e-con-inner>.elementor-widget-spacer>.elementor-widget-container>.elementor-spacer>.elementor-spacer-inner,.e-con>.elementor-widget-spacer>.elementor-widget-container>.elementor-spacer>.elementor-spacer-inner{height:var(--container-widget-height,var(--spacer-size))}<\/style>\t\t<div class=\"elementor-spacer\">\n\t\t\t<div class=\"elementor-spacer-inner\"><\/div>\n\t\t<\/div>\n\t\t\t\t<\/div>\n\t\t\t\t<\/div>\n\t\t\t\t\t<\/div>\n\t\t<\/div>\n\t\t\t\t\t\t\t<\/div>\n\t\t<\/section>\n\t\t\t\t<section class=\"elementor-section elementor-top-section elementor-element elementor-element-c4b1924 elementor-section-boxed elementor-section-height-default elementor-section-height-default exad-glass-effect-no exad-sticky-section-no\" data-id=\"c4b1924\" data-element_type=\"section\" data-settings=\"{&quot;background_background&quot;:&quot;slideshow&quot;,&quot;background_slideshow_gallery&quot;:[{&quot;id&quot;:1847,&quot;url&quot;:&quot;https:\\\/\\\/lerevedegaia.fr\\\/wp-content\\\/uploads\\\/2022\\\/09\\\/depositphotos_24064571-stock-photo-old-paper-3.jpeg&quot;}],&quot;background_slideshow_loop&quot;:&quot;yes&quot;,&quot;background_slideshow_slide_duration&quot;:5000,&quot;background_slideshow_slide_transition&quot;:&quot;fade&quot;,&quot;background_slideshow_transition_duration&quot;:500}\">\n\t\t\t\t\t\t<div class=\"elementor-container elementor-column-gap-default\">\n\t\t\t\t\t<div class=\"elementor-column elementor-col-100 elementor-top-column elementor-element elementor-element-49b9d5db exad-glass-effect-no exad-sticky-section-no\" data-id=\"49b9d5db\" data-element_type=\"column\">\n\t\t\t<div class=\"elementor-widget-wrap elementor-element-populated\">\n\t\t\t\t\t\t\t\t<div class=\"elementor-element elementor-element-4f4be914 elementor-drop-cap-yes elementor-drop-cap-view-default exad-sticky-section-no exad-glass-effect-no elementor-widget elementor-widget-text-editor\" data-id=\"4f4be914\" data-element_type=\"widget\" data-settings=\"{&quot;drop_cap&quot;:&quot;yes&quot;}\" data-widget_type=\"text-editor.default\">\n\t\t\t\t<div class=\"elementor-widget-container\">\n\t\t\t<style>\/*! elementor - v3.8.0 - 30-10-2022 *\/\n.elementor-widget-text-editor.elementor-drop-cap-view-stacked .elementor-drop-cap{background-color:#818a91;color:#fff}.elementor-widget-text-editor.elementor-drop-cap-view-framed .elementor-drop-cap{color:#818a91;border:3px solid;background-color:transparent}.elementor-widget-text-editor:not(.elementor-drop-cap-view-default) .elementor-drop-cap{margin-top:8px}.elementor-widget-text-editor:not(.elementor-drop-cap-view-default) .elementor-drop-cap-letter{width:1em;height:1em}.elementor-widget-text-editor .elementor-drop-cap{float:left;text-align:center;line-height:1;font-size:50px}.elementor-widget-text-editor .elementor-drop-cap-letter{display:inline-block}<\/style>\t\t\t\t<p>Un peuple marin hante les profondeurs ouessantines : les Morgans. Ce sont des hommes et des femmes d\u2019une grande beaut\u00e9. Seule, Mona Kerbili, une jeune Ouessantine qu\u2019on disait belle comme une Morgan\u00e8s, vit leur palais au plus profond de l\u2019oc\u00e9an.<\/p><p>Le roi des Morgans, \u00e9bloui par\u00a0la beaut\u00e9 de Mona Kerbili, saisit l&rsquo;adolescente et l&#8217;emporta au fond de l&rsquo;eau.\u00a0Dans le palais, au milieu des richesses abyssales, Mona, resplendissait. Le vieux roi en \u00e9tait fou amoureux. Son fils aussi&#8230; Le vieux Morgan refusa l&rsquo;alliance des deux jeunes gens. Il for\u00e7a son fils \u00e0 se marier avec l&rsquo;enfant unique d&rsquo;un des grands de sa cour. La noce fut belle : on mangea, on but abondamment.<\/p><p>Or, le soir de la f\u00eate, le p\u00e8re cruel d\u00e9cida de mettre \u00e0 mort Mona, la fille de la terre. F-M. Luzel, dans l&rsquo;un de ses contes, d\u00e9crit la sc\u00e8ne&#8230;<\/p><p>\u00a0<em>\u00ab\u00a0Vers minuit, les nouveaux mari\u00e9s se retir\u00e8rent dans leur chambre nuptiale, magnifiquement orn\u00e9e, et le vieux Morgan dit \u00e0 Mona de les y accompagner et d&rsquo;y rester, tenant \u00e0 la main un cierge allum\u00e9. Quand le cierge serait consum\u00e9 jusqu&rsquo;\u00e0 sa main, elle devait \u00eatre mise \u00e0 mort. La pauvre Mona dut ob\u00e9ir. Le vieux Morgan se tenait dans une chambre contigu\u00eb, et, de temps en temps, il demandait :<\/em><\/p><p><em>&#8211; Le cierge est-il consum\u00e9 jusqu&rsquo;\u00e0 votre main ?<\/em><br \/><em>&#8211; Pas encore r\u00e9pondait Mona.<\/em><br \/><em>Il r\u00e9p\u00e9ta la question plusieurs fois. Enfin, lorsque le cierge fut presque enti\u00e8rement consum\u00e9, le nouveau mari\u00e9 dit \u00e0 sa jeune \u00e9pouse :<\/em><br \/><em>&#8211; Prenez, pour un moment, le cierge des mains de Mona, et tenez-le, pendant qu&rsquo;elle nous allumera un feu.<\/em><\/p><p><em>La jeune Morgan\u00e8s, qui ignorait les intentions de son beau-p\u00e8re, prit le cierge. Le vieux Morgan r\u00e9p\u00e9ta au m\u00eame moment sa question :<\/em><br \/><em>&#8211; Le cierge est-il consum\u00e9 jusqu&rsquo;\u00e0 votre main ?<\/em><br \/><em>&#8211; R\u00e9pondez oui, dit le jeune Morgan.<\/em><br \/><em>&#8211; Oui, dit la Morgan\u00e8s.<\/em><br \/><em>Et aussit\u00f4t le vieux Morgan entra dans la chambre, se jeta sur celle qui tenait le cierge, sans la regarder, et lui abattit la t\u00eate, d&rsquo;un coup de sabre; puis il s&rsquo;en alla.\u00a0\u00bb\u00a0Le lendemain, lorsqu&rsquo;il s&rsquo;aper\u00e7ut de sa m\u00e9prise, le roi entra dans une grande col\u00e8re. Puis il s&rsquo;apaisa et donna son consentement au mariage de son fils et de Mona\u00a0\u00bb.<\/em><\/p><p><em>Mais Mona s&rsquo;ennuyait de son \u00eele bretonne. Elle obtint enfin l&rsquo;autorisation de retourner dans sa famille. Elle y fit sensation. Puis le vent chassa jusqu&rsquo;au moindre souvenir de ses aventures sous-marines. Jusqu&rsquo;au jour o\u00f9 le jeune roi vint la chercher. La jeune fille se jeta dans ses bras&#8230; et on ne la vit plus, \u00e0 jamais.<\/em>..\u00a0\u00bb<\/p><p><style>\/*! elementor - v3.7.4 - 31-08-2022 *\/<br \/>.elementor-column .elementor-spacer-inner{height:var(--spacer-size)}.e-container{--container-widget-width:100%}.e-container>.elementor-widget-spacer{width:var(--container-widget-width,var(--spacer-size));-ms-flex-item-align:stretch;align-self:stretch;-ms-flex-negative:0;flex-shrink:0}.e-container>.elementor-widget-spacer>.elementor-widget-container,.e-container>.elementor-widget-spacer>.elementor-widget-container>.elementor-spacer{height:100%}.e-container>.elementor-widget-spacer>.elementor-widget-container>.elementor-spacer>.elementor-spacer-inner{height:var(--container-widget-height,var(--spacer-size))}<\/style><\/p>\t\t\t\t\t\t<\/div>\n\t\t\t\t<\/div>\n\t\t\t\t\t<\/div>\n\t\t<\/div>\n\t\t\t\t\t\t\t<\/div>\n\t\t<\/section>\n\t\t\t\t\t\t\t<\/div>\n\t\t","protected":false},"excerpt":{"rendered":"<p>Un peuple marin hante les profondeurs ouessantines : les Morgans. Ce sont des hommes et des femmes d\u2019une grande beaut\u00e9. Seule, Mona Kerbili, une jeune Ouessantine qu\u2019on disait belle comme une Morgan\u00e8s, vit leur palais au plus profond de l\u2019oc\u00e9an. Le roi des Morgans, \u00e9bloui par\u00a0la beaut\u00e9 de Mona Kerbili, saisit l&rsquo;adolescente et l&#8217;emporta au fond de l&rsquo;eau.\u00a0Dans le palais, au milieu des richesses abyssales, Mona, resplendissait. Le vieux roi en \u00e9tait fou amoureux. Son fils aussi&#8230; Le vieux Morgan refusa l&rsquo;alliance des deux jeunes gens. Il for\u00e7a son fils \u00e0 se marier avec l&rsquo;enfant unique d&rsquo;un des grands de\u2026<\/p>\n","protected":false},"author":1,"featured_media":0,"parent":989,"menu_order":0,"comment_status":"closed","ping_status":"closed","template":"","meta":{"footnotes":""},"class_list":["post-2178","page","type-page","status-publish","hentry"],"blocksy_meta":{"styles_descriptor":{"styles":{"desktop":"","tablet":"","mobile":""},"google_fonts":[],"version":5}},"_links":{"self":[{"href":"https:\/\/lerevedegaia.fr\/index.php?rest_route=\/wp\/v2\/pages\/2178","targetHints":{"allow":["GET"]}}],"collection":[{"href":"https:\/\/lerevedegaia.fr\/index.php?rest_route=\/wp\/v2\/pages"}],"about":[{"href":"https:\/\/lerevedegaia.fr\/index.php?rest_route=\/wp\/v2\/types\/page"}],"author":[{"embeddable":true,"href":"https:\/\/lerevedegaia.fr\/index.php?rest_route=\/wp\/v2\/users\/1"}],"replies":[{"embeddable":true,"href":"https:\/\/lerevedegaia.fr\/index.php?rest_route=%2Fwp%2Fv2%2Fcomments&post=2178"}],"version-history":[{"count":18,"href":"https:\/\/lerevedegaia.fr\/index.php?rest_route=\/wp\/v2\/pages\/2178\/revisions"}],"predecessor-version":[{"id":2208,"href":"https:\/\/lerevedegaia.fr\/index.php?rest_route=\/wp\/v2\/pages\/2178\/revisions\/2208"}],"up":[{"embeddable":true,"href":"https:\/\/lerevedegaia.fr\/index.php?rest_route=\/wp\/v2\/pages\/989"}],"wp:attachment":[{"href":"https:\/\/lerevedegaia.fr\/index.php?rest_route=%2Fwp%2Fv2%2Fmedia&parent=2178"}],"curies":[{"name":"wp","href":"https:\/\/api.w.org\/{rel}","templated":true}]}}