{"id":800,"date":"2022-09-06T13:24:54","date_gmt":"2022-09-06T11:24:54","guid":{"rendered":"https:\/\/lerevedegaia.fr\/?page_id=800"},"modified":"2022-10-08T15:54:36","modified_gmt":"2022-10-08T13:54:36","slug":"accueil-2","status":"publish","type":"page","link":"https:\/\/lerevedegaia.fr\/","title":{"rendered":"ACCUEIL"},"content":{"rendered":"\t\t<div data-elementor-type=\"wp-page\" data-elementor-id=\"800\" class=\"elementor elementor-800\">\n\t\t\t\t\t\t\t\t\t<section class=\"elementor-section elementor-top-section elementor-element elementor-element-a16f415 elementor-section-boxed elementor-section-height-default elementor-section-height-default exad-glass-effect-no exad-sticky-section-no\" data-id=\"a16f415\" data-element_type=\"section\">\n\t\t\t\t\t\t<div class=\"elementor-container elementor-column-gap-default\">\n\t\t\t\t\t<div class=\"elementor-column elementor-col-100 elementor-top-column elementor-element elementor-element-58f0827 exad-glass-effect-no exad-sticky-section-no\" data-id=\"58f0827\" data-element_type=\"column\">\n\t\t\t<div class=\"elementor-widget-wrap elementor-element-populated\">\n\t\t\t\t\t\t\t\t<div class=\"elementor-element elementor-element-2ffc61f elementor-widget-divider--view-line exad-sticky-section-no exad-glass-effect-no elementor-widget elementor-widget-divider\" data-id=\"2ffc61f\" data-element_type=\"widget\" data-widget_type=\"divider.default\">\n\t\t\t\t<div class=\"elementor-widget-container\">\n\t\t\t<style>\/*! elementor - v3.8.0 - 30-10-2022 *\/\n.elementor-widget-divider{--divider-border-style:none;--divider-border-width:1px;--divider-color:#2c2c2c;--divider-icon-size:20px;--divider-element-spacing:10px;--divider-pattern-height:24px;--divider-pattern-size:20px;--divider-pattern-url:none;--divider-pattern-repeat:repeat-x}.elementor-widget-divider .elementor-divider{display:-webkit-box;display:-ms-flexbox;display:flex}.elementor-widget-divider .elementor-divider__text{font-size:15px;line-height:1;max-width:95%}.elementor-widget-divider .elementor-divider__element{margin:0 var(--divider-element-spacing);-ms-flex-negative:0;flex-shrink:0}.elementor-widget-divider .elementor-icon{font-size:var(--divider-icon-size)}.elementor-widget-divider .elementor-divider-separator{display:-webkit-box;display:-ms-flexbox;display:flex;margin:0;direction:ltr}.elementor-widget-divider--view-line_icon .elementor-divider-separator,.elementor-widget-divider--view-line_text .elementor-divider-separator{-webkit-box-align:center;-ms-flex-align:center;align-items:center}.elementor-widget-divider--view-line_icon .elementor-divider-separator:after,.elementor-widget-divider--view-line_icon .elementor-divider-separator:before,.elementor-widget-divider--view-line_text .elementor-divider-separator:after,.elementor-widget-divider--view-line_text .elementor-divider-separator:before{display:block;content:\"\";border-bottom:0;-webkit-box-flex:1;-ms-flex-positive:1;flex-grow:1;border-top:var(--divider-border-width) var(--divider-border-style) var(--divider-color)}.elementor-widget-divider--element-align-left .elementor-divider .elementor-divider-separator>.elementor-divider__svg:first-of-type{-webkit-box-flex:0;-ms-flex-positive:0;flex-grow:0;-ms-flex-negative:100;flex-shrink:100}.elementor-widget-divider--element-align-left .elementor-divider-separator:before{content:none}.elementor-widget-divider--element-align-left .elementor-divider__element{margin-left:0}.elementor-widget-divider--element-align-right .elementor-divider .elementor-divider-separator>.elementor-divider__svg:last-of-type{-webkit-box-flex:0;-ms-flex-positive:0;flex-grow:0;-ms-flex-negative:100;flex-shrink:100}.elementor-widget-divider--element-align-right .elementor-divider-separator:after{content:none}.elementor-widget-divider--element-align-right .elementor-divider__element{margin-right:0}.elementor-widget-divider:not(.elementor-widget-divider--view-line_text):not(.elementor-widget-divider--view-line_icon) .elementor-divider-separator{border-top:var(--divider-border-width) var(--divider-border-style) var(--divider-color)}.elementor-widget-divider--separator-type-pattern{--divider-border-style:none}.elementor-widget-divider--separator-type-pattern.elementor-widget-divider--view-line .elementor-divider-separator,.elementor-widget-divider--separator-type-pattern:not(.elementor-widget-divider--view-line) .elementor-divider-separator:after,.elementor-widget-divider--separator-type-pattern:not(.elementor-widget-divider--view-line) .elementor-divider-separator:before,.elementor-widget-divider--separator-type-pattern:not([class*=elementor-widget-divider--view]) .elementor-divider-separator{width:100%;min-height:var(--divider-pattern-height);-webkit-mask-size:var(--divider-pattern-size) 100%;mask-size:var(--divider-pattern-size) 100%;-webkit-mask-repeat:var(--divider-pattern-repeat);mask-repeat:var(--divider-pattern-repeat);background-color:var(--divider-color);-webkit-mask-image:var(--divider-pattern-url);mask-image:var(--divider-pattern-url)}.elementor-widget-divider--no-spacing{--divider-pattern-size:auto}.elementor-widget-divider--bg-round{--divider-pattern-repeat:round}.rtl .elementor-widget-divider .elementor-divider__text{direction:rtl}.e-con-inner>.elementor-widget-divider,.e-con>.elementor-widget-divider{width:var(--container-widget-width,100%)}<\/style>\t\t<div class=\"elementor-divider\">\n\t\t\t<span class=\"elementor-divider-separator\">\n\t\t\t\t\t\t<\/span>\n\t\t<\/div>\n\t\t\t\t<\/div>\n\t\t\t\t<\/div>\n\t\t\t\t\t<\/div>\n\t\t<\/div>\n\t\t\t\t\t\t\t<\/div>\n\t\t<\/section>\n\t\t\t\t<section class=\"elementor-section elementor-top-section elementor-element elementor-element-42f9426 elementor-section-boxed elementor-section-height-default elementor-section-height-default exad-glass-effect-no exad-sticky-section-no\" data-id=\"42f9426\" data-element_type=\"section\">\n\t\t\t\t\t\t<div class=\"elementor-container elementor-column-gap-default\">\n\t\t\t\t\t<div class=\"elementor-column elementor-col-100 elementor-top-column elementor-element elementor-element-21d490d exad-glass-effect-no exad-sticky-section-no\" data-id=\"21d490d\" data-element_type=\"column\">\n\t\t\t<div class=\"elementor-widget-wrap elementor-element-populated\">\n\t\t\t\t\t\t\t\t<div class=\"elementor-element elementor-element-c1cdbda exad-sticky-section-no exad-glass-effect-no elementor-widget elementor-widget-text-editor\" data-id=\"c1cdbda\" data-element_type=\"widget\" data-widget_type=\"text-editor.default\">\n\t\t\t\t<div class=\"elementor-widget-container\">\n\t\t\t<style>\/*! elementor - v3.8.0 - 30-10-2022 *\/\n.elementor-widget-text-editor.elementor-drop-cap-view-stacked .elementor-drop-cap{background-color:#818a91;color:#fff}.elementor-widget-text-editor.elementor-drop-cap-view-framed .elementor-drop-cap{color:#818a91;border:3px solid;background-color:transparent}.elementor-widget-text-editor:not(.elementor-drop-cap-view-default) .elementor-drop-cap{margin-top:8px}.elementor-widget-text-editor:not(.elementor-drop-cap-view-default) .elementor-drop-cap-letter{width:1em;height:1em}.elementor-widget-text-editor .elementor-drop-cap{float:left;text-align:center;line-height:1;font-size:50px}.elementor-widget-text-editor .elementor-drop-cap-letter{display:inline-block}<\/style>\t\t\t\t<p style=\"caret-color: #000000; color: #000000; font-style: normal; font-variant-caps: normal;\"><em>F\u00e9es et korrigans, myst\u00e9rieuse cit\u00e9 d\u2019Ys emport\u00e9e par les eaux, Ankou et l\u00e9gendes arthuriennes\u2026 le folklore armoricain fait r\u00eaver bien au-del\u00e0 des fronti\u00e8res de la Bretagne historique. Comment expliquer sa persistance et sa vigueur\u00a0? Comment surtout en d\u00e9voiler le sens par-del\u00e0 les diff\u00e9rentes versions qui en ont \u00e9t\u00e9 donn\u00e9es ?<\/em><\/p>\t\t\t\t\t\t<\/div>\n\t\t\t\t<\/div>\n\t\t\t\t\t<\/div>\n\t\t<\/div>\n\t\t\t\t\t\t\t<\/div>\n\t\t<\/section>\n\t\t\t\t<section class=\"elementor-section elementor-top-section elementor-element elementor-element-5c0fc13 elementor-section-boxed elementor-section-height-default elementor-section-height-default exad-glass-effect-no exad-sticky-section-no\" data-id=\"5c0fc13\" data-element_type=\"section\">\n\t\t\t\t\t\t<div class=\"elementor-container elementor-column-gap-default\">\n\t\t\t\t\t<div class=\"elementor-column elementor-col-100 elementor-top-column elementor-element elementor-element-8335363 exad-glass-effect-no exad-sticky-section-no\" data-id=\"8335363\" data-element_type=\"column\">\n\t\t\t<div class=\"elementor-widget-wrap elementor-element-populated\">\n\t\t\t\t\t\t\t\t<div class=\"elementor-element elementor-element-4d6da9d exad-sticky-section-no exad-glass-effect-no elementor-widget elementor-widget-image\" data-id=\"4d6da9d\" data-element_type=\"widget\" data-widget_type=\"image.default\">\n\t\t\t\t<div class=\"elementor-widget-container\">\n\t\t\t<style>\/*! elementor - v3.8.0 - 30-10-2022 *\/\n.elementor-widget-image{text-align:center}.elementor-widget-image a{display:inline-block}.elementor-widget-image a img[src$=\".svg\"]{width:48px}.elementor-widget-image img{vertical-align:middle;display:inline-block}<\/style>\t\t\t\t\t\t\t\t\t\t\t\t\t<a href=\"https:\/\/lerevedegaia.fr\/wp-content\/uploads\/2022\/09\/FredIsa-cadre.jpg\" data-elementor-open-lightbox=\"yes\" data-elementor-lightbox-title=\"Fred&amp;Isa-cadre\" e-action-hash=\"#elementor-action%3Aaction%3Dlightbox%26settings%3DeyJpZCI6MzI5OCwidXJsIjoiaHR0cHM6XC9cL2xlcmV2ZWRlZ2FpYS5mclwvd3AtY29udGVudFwvdXBsb2Fkc1wvMjAyMlwvMDlcL0ZyZWRJc2EtY2FkcmUuanBnIn0%3D\">\n\t\t\t\t\t\t\t<img decoding=\"async\" src=\"https:\/\/lerevedegaia.fr\/wp-content\/uploads\/elementor\/thumbs\/FredIsa-cadre-pvfh869h9bss6a8p1vcje5le9pvmf0wvdo73ihip3c.jpg\" title=\"Fred&#038;Isa-cadre\" alt=\"Fred&amp;Isa-cadre\" \/>\t\t\t\t\t\t\t\t<\/a>\n\t\t\t\t\t\t\t\t\t\t\t\t\t\t\t<\/div>\n\t\t\t\t<\/div>\n\t\t\t\t\t<\/div>\n\t\t<\/div>\n\t\t\t\t\t\t\t<\/div>\n\t\t<\/section>\n\t\t\t\t<section class=\"elementor-section elementor-top-section elementor-element elementor-element-da05dbf elementor-section-boxed elementor-section-height-default elementor-section-height-default exad-glass-effect-no exad-sticky-section-no\" data-id=\"da05dbf\" data-element_type=\"section\">\n\t\t\t\t\t\t<div class=\"elementor-container elementor-column-gap-default\">\n\t\t\t\t\t<div class=\"elementor-column elementor-col-100 elementor-top-column elementor-element elementor-element-53b55a0 exad-glass-effect-no exad-sticky-section-no\" data-id=\"53b55a0\" data-element_type=\"column\">\n\t\t\t<div class=\"elementor-widget-wrap elementor-element-populated\">\n\t\t\t\t\t\t\t\t<div class=\"elementor-element elementor-element-174b1f3 exad-sticky-section-no exad-glass-effect-no elementor-widget elementor-widget-text-editor\" data-id=\"174b1f3\" data-element_type=\"widget\" data-widget_type=\"text-editor.default\">\n\t\t\t\t<div class=\"elementor-widget-container\">\n\t\t\t\t\t\t\t<p>R\u00eaver, ce n&rsquo;est pas dormir. Le r\u00eave n&rsquo;est pas l&rsquo;inverse de la veille, mais, selon les mots du philosophe Edmund Husserl, un \u00ab\u00a0mode anormal de veille\u00a0\u00bb. R\u00eaver, ce n&rsquo;est pas fermer les yeux, mais les ouvrir sur ce que, de jour, nous cherchons \u00e0 fuir, ou n&rsquo;osons pas avouer. Nous ne pensons aux r\u00eaves \u2026 On les raconte parfois, quand ils sont dr\u00f4les, insens\u00e9s, nous hante \u2026 Mais on s&rsquo;arrange pour les ranger du c\u00f4t\u00e9 nocturne de notre vie.<\/p>\n<p>Que se passerait-il si les r\u00eaves venaient occuper le devant de la sc\u00e8ne ? S&rsquo; ils venaient occuper, au c\u00f4t\u00e9 de la raison, la place de choix qui leur revient, y compris en philosophie ?<\/p>\n<p><em>\u00ab\u00a0Le r\u00eave est la r\u00e9alisation parfaite d&rsquo;un imaginaire clos, c&rsquo;est-\u00e0-dire d&rsquo;un imaginaire dont on ne peut absolument plus sortir et sur lequel il est impossible de prendre le moindre point de vue ext\u00e9rieur\u00a0\u00bb<\/em><\/p>\n<p><em>(Sartre, L&rsquo;imaginaire, Gallimard, 1986, p.319)<\/em><\/p>\n<p><em><br><\/em><\/p>\t\t\t\t\t\t<\/div>\n\t\t\t\t<\/div>\n\t\t\t\t\t<\/div>\n\t\t<\/div>\n\t\t\t\t\t\t\t<\/div>\n\t\t<\/section>\n\t\t\t\t<section class=\"elementor-section elementor-top-section elementor-element elementor-element-b2da456 elementor-section-boxed elementor-section-height-default elementor-section-height-default exad-glass-effect-no exad-sticky-section-no\" data-id=\"b2da456\" data-element_type=\"section\">\n\t\t\t\t\t\t<div class=\"elementor-container elementor-column-gap-default\">\n\t\t\t\t\t<div class=\"elementor-column elementor-col-100 elementor-top-column elementor-element elementor-element-efc627b exad-glass-effect-no exad-sticky-section-no\" data-id=\"efc627b\" data-element_type=\"column\">\n\t\t\t<div class=\"elementor-widget-wrap elementor-element-populated\">\n\t\t\t\t\t\t\t\t<div class=\"elementor-element elementor-element-d75d32c exad-sticky-section-no exad-glass-effect-no elementor-widget elementor-widget-image-gallery\" data-id=\"d75d32c\" data-element_type=\"widget\" data-widget_type=\"image-gallery.default\">\n\t\t\t\t<div class=\"elementor-widget-container\">\n\t\t\t<style>\/*! elementor - v3.8.0 - 30-10-2022 *\/\n.elementor-image-gallery .gallery-item{display:inline-block;text-align:center;vertical-align:top;width:100%;max-width:100%;margin:0 auto}.elementor-image-gallery .gallery-item img{margin:0 auto}.elementor-image-gallery .gallery-item .gallery-caption{margin:0}.elementor-image-gallery figure img{display:block}.elementor-image-gallery figure figcaption{width:100%}.gallery-spacing-custom .elementor-image-gallery .gallery-icon{padding:0}@media (min-width:768px){.elementor-image-gallery .gallery-columns-2 .gallery-item{max-width:50%}.elementor-image-gallery .gallery-columns-3 .gallery-item{max-width:33.33%}.elementor-image-gallery .gallery-columns-4 .gallery-item{max-width:25%}.elementor-image-gallery .gallery-columns-5 .gallery-item{max-width:20%}.elementor-image-gallery .gallery-columns-6 .gallery-item{max-width:16.666%}.elementor-image-gallery .gallery-columns-7 .gallery-item{max-width:14.28%}.elementor-image-gallery .gallery-columns-8 .gallery-item{max-width:12.5%}.elementor-image-gallery .gallery-columns-9 .gallery-item{max-width:11.11%}.elementor-image-gallery .gallery-columns-10 .gallery-item{max-width:10%}}@media (min-width:480px) and (max-width:767px){.elementor-image-gallery .gallery.gallery-columns-2 .gallery-item,.elementor-image-gallery .gallery.gallery-columns-3 .gallery-item,.elementor-image-gallery .gallery.gallery-columns-4 .gallery-item,.elementor-image-gallery .gallery.gallery-columns-5 .gallery-item,.elementor-image-gallery .gallery.gallery-columns-6 .gallery-item,.elementor-image-gallery .gallery.gallery-columns-7 .gallery-item,.elementor-image-gallery .gallery.gallery-columns-8 .gallery-item,.elementor-image-gallery .gallery.gallery-columns-9 .gallery-item,.elementor-image-gallery .gallery.gallery-columns-10 .gallery-item{max-width:50%}}@media (max-width:479px){.elementor-image-gallery .gallery.gallery-columns-2 .gallery-item,.elementor-image-gallery .gallery.gallery-columns-3 .gallery-item,.elementor-image-gallery .gallery.gallery-columns-4 .gallery-item,.elementor-image-gallery .gallery.gallery-columns-5 .gallery-item,.elementor-image-gallery .gallery.gallery-columns-6 .gallery-item,.elementor-image-gallery .gallery.gallery-columns-7 .gallery-item,.elementor-image-gallery .gallery.gallery-columns-8 .gallery-item,.elementor-image-gallery .gallery.gallery-columns-9 .gallery-item,.elementor-image-gallery .gallery.gallery-columns-10 .gallery-item{max-width:100%}}<\/style>\t\t<div class=\"elementor-image-gallery\">\n\t\t\t<div id='gallery-1' class='gallery galleryid-800 gallery-columns-8 gallery-size-thumbnail'><figure class='gallery-item'>\n\t\t\t<div class='gallery-icon landscape'>\n\t\t\t\t<a data-elementor-open-lightbox=\"yes\" data-elementor-lightbox-slideshow=\"d75d32c\" data-elementor-lightbox-title=\"Finist\u00e8re\" e-action-hash=\"#elementor-action%3Aaction%3Dlightbox%26settings%3DeyJpZCI6MjUyNywidXJsIjoiaHR0cHM6XC9cL2xlcmV2ZWRlZ2FpYS5mclwvd3AtY29udGVudFwvdXBsb2Fkc1wvMjAyMlwvMDlcL0ZpbmlzdGVyZS0xLmpwZWciLCJzbGlkZXNob3ciOiJkNzVkMzJjIn0%3D\" href='https:\/\/lerevedegaia.fr\/wp-content\/uploads\/2022\/09\/Finistere-1.jpeg'><img loading=\"lazy\" decoding=\"async\" width=\"150\" height=\"150\" src=\"https:\/\/lerevedegaia.fr\/wp-content\/uploads\/2022\/09\/Finistere-1-150x150.jpeg\" class=\"attachment-thumbnail size-thumbnail\" alt=\"\" \/><\/a>\n\t\t\t<\/div><\/figure><figure class='gallery-item'>\n\t\t\t<div class='gallery-icon landscape'>\n\t\t\t\t<a data-elementor-open-lightbox=\"yes\" data-elementor-lightbox-slideshow=\"d75d32c\" data-elementor-lightbox-title=\"Presqu&#039;ile de Crozon\" e-action-hash=\"#elementor-action%3Aaction%3Dlightbox%26settings%3DeyJpZCI6MjUyOCwidXJsIjoiaHR0cHM6XC9cL2xlcmV2ZWRlZ2FpYS5mclwvd3AtY29udGVudFwvdXBsb2Fkc1wvMjAyMlwvMDlcL1ByZXNxdWlsZS1kZS1Dcm96b24tMS5qcGVnIiwic2xpZGVzaG93IjoiZDc1ZDMyYyJ9\" href='https:\/\/lerevedegaia.fr\/wp-content\/uploads\/2022\/09\/Presquile-de-Crozon-1.jpeg'><img loading=\"lazy\" decoding=\"async\" width=\"150\" height=\"150\" src=\"https:\/\/lerevedegaia.fr\/wp-content\/uploads\/2022\/09\/Presquile-de-Crozon-1-150x150.jpeg\" class=\"attachment-thumbnail size-thumbnail\" alt=\"\" \/><\/a>\n\t\t\t<\/div><\/figure><figure class='gallery-item'>\n\t\t\t<div class='gallery-icon landscape'>\n\t\t\t\t<a data-elementor-open-lightbox=\"yes\" data-elementor-lightbox-slideshow=\"d75d32c\" data-elementor-lightbox-title=\"bretagne\" e-action-hash=\"#elementor-action%3Aaction%3Dlightbox%26settings%3DeyJpZCI6MjUyOSwidXJsIjoiaHR0cHM6XC9cL2xlcmV2ZWRlZ2FpYS5mclwvd3AtY29udGVudFwvdXBsb2Fkc1wvMjAyMlwvMDlcL0JydXllcmUtc3VyLWxhdGxhbnRpcXVlLTEuanBlZyIsInNsaWRlc2hvdyI6ImQ3NWQzMmMifQ%3D%3D\" href='https:\/\/lerevedegaia.fr\/wp-content\/uploads\/2022\/09\/Bruyere-sur-latlantique-1.jpeg'><img loading=\"lazy\" decoding=\"async\" width=\"150\" height=\"150\" src=\"https:\/\/lerevedegaia.fr\/wp-content\/uploads\/2022\/09\/Bruyere-sur-latlantique-1-150x150.jpeg\" class=\"attachment-thumbnail size-thumbnail\" alt=\"\" \/><\/a>\n\t\t\t<\/div><\/figure><figure class='gallery-item'>\n\t\t\t<div class='gallery-icon landscape'>\n\t\t\t\t<a data-elementor-open-lightbox=\"yes\" data-elementor-lightbox-slideshow=\"d75d32c\" data-elementor-lightbox-title=\"Rade du petit minou Brest\" e-action-hash=\"#elementor-action%3Aaction%3Dlightbox%26settings%3DeyJpZCI6MjUzMCwidXJsIjoiaHR0cHM6XC9cL2xlcmV2ZWRlZ2FpYS5mclwvd3AtY29udGVudFwvdXBsb2Fkc1wvMjAyMlwvMDlcL1JhZGUtZHUtcGV0aXQtbWlub3UtQnJlc3QtMS5qcGVnIiwic2xpZGVzaG93IjoiZDc1ZDMyYyJ9\" href='https:\/\/lerevedegaia.fr\/wp-content\/uploads\/2022\/09\/Rade-du-petit-minou-Brest-1.jpeg'><img loading=\"lazy\" decoding=\"async\" width=\"150\" height=\"150\" src=\"https:\/\/lerevedegaia.fr\/wp-content\/uploads\/2022\/09\/Rade-du-petit-minou-Brest-1-150x150.jpeg\" class=\"attachment-thumbnail size-thumbnail\" alt=\"\" \/><\/a>\n\t\t\t<\/div><\/figure><figure class='gallery-item'>\n\t\t\t<div class='gallery-icon landscape'>\n\t\t\t\t<a data-elementor-open-lightbox=\"yes\" data-elementor-lightbox-slideshow=\"d75d32c\" data-elementor-lightbox-title=\"plage-du-men-du-vue-du-ciel-morbihan-bretagne\" e-action-hash=\"#elementor-action%3Aaction%3Dlightbox%26settings%3DeyJpZCI6MjUzMSwidXJsIjoiaHR0cHM6XC9cL2xlcmV2ZWRlZ2FpYS5mclwvd3AtY29udGVudFwvdXBsb2Fkc1wvMjAyMlwvMDlcL3BsYWdlLWR1LW1lbi1kdS12dWUtZHUtY2llbC1tb3JiaWhhbi1icmV0YWduZS1zY2FsZWQuanBlZyIsInNsaWRlc2hvdyI6ImQ3NWQzMmMifQ%3D%3D\" href='https:\/\/lerevedegaia.fr\/wp-content\/uploads\/2022\/09\/plage-du-men-du-vue-du-ciel-morbihan-bretagne-scaled.jpeg'><img loading=\"lazy\" decoding=\"async\" width=\"150\" height=\"150\" src=\"https:\/\/lerevedegaia.fr\/wp-content\/uploads\/2022\/09\/plage-du-men-du-vue-du-ciel-morbihan-bretagne-150x150.jpeg\" class=\"attachment-thumbnail size-thumbnail\" alt=\"\" srcset=\"https:\/\/lerevedegaia.fr\/wp-content\/uploads\/2022\/09\/plage-du-men-du-vue-du-ciel-morbihan-bretagne-150x150.jpeg 150w, https:\/\/lerevedegaia.fr\/wp-content\/uploads\/2022\/09\/plage-du-men-du-vue-du-ciel-morbihan-bretagne-300x300.jpeg 300w, https:\/\/lerevedegaia.fr\/wp-content\/uploads\/2022\/09\/plage-du-men-du-vue-du-ciel-morbihan-bretagne-1024x1024.jpeg 1024w, https:\/\/lerevedegaia.fr\/wp-content\/uploads\/2022\/09\/plage-du-men-du-vue-du-ciel-morbihan-bretagne-768x768.jpeg 768w, https:\/\/lerevedegaia.fr\/wp-content\/uploads\/2022\/09\/plage-du-men-du-vue-du-ciel-morbihan-bretagne-1536x1536.jpeg 1536w, https:\/\/lerevedegaia.fr\/wp-content\/uploads\/2022\/09\/plage-du-men-du-vue-du-ciel-morbihan-bretagne-2048x2048.jpeg 2048w, https:\/\/lerevedegaia.fr\/wp-content\/uploads\/2022\/09\/plage-du-men-du-vue-du-ciel-morbihan-bretagne-1320x1320.jpeg 1320w\" sizes=\"auto, (max-width: 150px) 100vw, 150px\" \/><\/a>\n\t\t\t<\/div><\/figure><figure class='gallery-item'>\n\t\t\t<div class='gallery-icon landscape'>\n\t\t\t\t<a data-elementor-open-lightbox=\"yes\" data-elementor-lightbox-slideshow=\"d75d32c\" data-elementor-lightbox-title=\"Phare de K\u00e9r\u00e9on\" e-action-hash=\"#elementor-action%3Aaction%3Dlightbox%26settings%3DeyJpZCI6MjUzMywidXJsIjoiaHR0cHM6XC9cL2xlcmV2ZWRlZ2FpYS5mclwvd3AtY29udGVudFwvdXBsb2Fkc1wvMjAyMlwvMDlcL1BoYXJlLWRlLUtlcmVvbi0xLmpwZWciLCJzbGlkZXNob3ciOiJkNzVkMzJjIn0%3D\" href='https:\/\/lerevedegaia.fr\/wp-content\/uploads\/2022\/09\/Phare-de-Kereon-1.jpeg'><img loading=\"lazy\" decoding=\"async\" width=\"150\" height=\"150\" src=\"https:\/\/lerevedegaia.fr\/wp-content\/uploads\/2022\/09\/Phare-de-Kereon-1-150x150.jpeg\" class=\"attachment-thumbnail size-thumbnail\" alt=\"\" \/><\/a>\n\t\t\t<\/div><\/figure><figure class='gallery-item'>\n\t\t\t<div class='gallery-icon landscape'>\n\t\t\t\t<a data-elementor-open-lightbox=\"yes\" data-elementor-lightbox-slideshow=\"d75d32c\" data-elementor-lightbox-title=\"Acceuil bas\" e-action-hash=\"#elementor-action%3Aaction%3Dlightbox%26settings%3DeyJpZCI6MjUyNiwidXJsIjoiaHR0cHM6XC9cL2xlcmV2ZWRlZ2FpYS5mclwvd3AtY29udGVudFwvdXBsb2Fkc1wvMjAyMlwvMDlcL0FjY2V1aWwtYmFzLmpwZWciLCJzbGlkZXNob3ciOiJkNzVkMzJjIn0%3D\" href='https:\/\/lerevedegaia.fr\/wp-content\/uploads\/2022\/09\/Acceuil-bas.jpeg'><img loading=\"lazy\" decoding=\"async\" width=\"150\" height=\"150\" src=\"https:\/\/lerevedegaia.fr\/wp-content\/uploads\/2022\/09\/Acceuil-bas-150x150.jpeg\" class=\"attachment-thumbnail size-thumbnail\" alt=\"\" \/><\/a>\n\t\t\t<\/div><\/figure><figure class='gallery-item'>\n\t\t\t<div class='gallery-icon landscape'>\n\t\t\t\t<a data-elementor-open-lightbox=\"yes\" data-elementor-lightbox-slideshow=\"d75d32c\" data-elementor-lightbox-title=\"Arbre l\u00e9gendaire de la for\u00eat de Broc\u00e9liande\" e-action-hash=\"#elementor-action%3Aaction%3Dlightbox%26settings%3DeyJpZCI6MTE4LCJ1cmwiOiJodHRwczpcL1wvbGVyZXZlZGVnYWlhLmZyXC93cC1jb250ZW50XC91cGxvYWRzXC8yMDIyXC8wOVwvcG9udGh1c19hcmJyZV9sZWdlbmRhaXJlXzAwMS1mN2Y5ZS5qcGVnIiwic2xpZGVzaG93IjoiZDc1ZDMyYyJ9\" href='https:\/\/lerevedegaia.fr\/wp-content\/uploads\/2022\/09\/ponthus_arbre_legendaire_001-f7f9e.jpeg'><img loading=\"lazy\" decoding=\"async\" width=\"150\" height=\"150\" src=\"https:\/\/lerevedegaia.fr\/wp-content\/uploads\/2022\/09\/ponthus_arbre_legendaire_001-f7f9e-150x150.jpeg\" class=\"attachment-thumbnail size-thumbnail\" alt=\"\" \/><\/a>\n\t\t\t<\/div><\/figure>\n\t\t<\/div>\n\t\t<\/div>\n\t\t\t\t<\/div>\n\t\t\t\t<\/div>\n\t\t\t\t\t<\/div>\n\t\t<\/div>\n\t\t\t\t\t\t\t<\/div>\n\t\t<\/section>\n\t\t\t\t\t\t\t<\/div>\n\t\t","protected":false},"excerpt":{"rendered":"<p>F\u00e9es et korrigans, myst\u00e9rieuse cit\u00e9 d\u2019Ys emport\u00e9e par les eaux, Ankou et l\u00e9gendes arthuriennes\u2026 le folklore armoricain fait r\u00eaver bien au-del\u00e0 des fronti\u00e8res de la Bretagne historique. Comment expliquer sa persistance et sa vigueur\u00a0? Comment surtout en d\u00e9voiler le sens par-del\u00e0 les diff\u00e9rentes versions qui en ont \u00e9t\u00e9 donn\u00e9es ? R\u00eaver, ce n&rsquo;est pas dormir. Le r\u00eave n&rsquo;est pas l&rsquo;inverse de la veille, mais, selon les mots du philosophe Edmund Husserl, un \u00ab\u00a0mode anormal de veille\u00a0\u00bb. R\u00eaver, ce n&rsquo;est pas fermer les yeux, mais les ouvrir sur ce que, de jour, nous cherchons \u00e0 fuir, ou n&rsquo;osons pas avouer. Nous\u2026<\/p>\n","protected":false},"author":1,"featured_media":0,"parent":0,"menu_order":0,"comment_status":"closed","ping_status":"closed","template":"","meta":{"footnotes":""},"class_list":["post-800","page","type-page","status-publish","hentry"],"blocksy_meta":{"styles_descriptor":{"styles":{"desktop":"","tablet":"","mobile":""},"google_fonts":[],"version":5}},"_links":{"self":[{"href":"https:\/\/lerevedegaia.fr\/index.php?rest_route=\/wp\/v2\/pages\/800","targetHints":{"allow":["GET"]}}],"collection":[{"href":"https:\/\/lerevedegaia.fr\/index.php?rest_route=\/wp\/v2\/pages"}],"about":[{"href":"https:\/\/lerevedegaia.fr\/index.php?rest_route=\/wp\/v2\/types\/page"}],"author":[{"embeddable":true,"href":"https:\/\/lerevedegaia.fr\/index.php?rest_route=\/wp\/v2\/users\/1"}],"replies":[{"embeddable":true,"href":"https:\/\/lerevedegaia.fr\/index.php?rest_route=%2Fwp%2Fv2%2Fcomments&post=800"}],"version-history":[{"count":223,"href":"https:\/\/lerevedegaia.fr\/index.php?rest_route=\/wp\/v2\/pages\/800\/revisions"}],"predecessor-version":[{"id":3611,"href":"https:\/\/lerevedegaia.fr\/index.php?rest_route=\/wp\/v2\/pages\/800\/revisions\/3611"}],"wp:attachment":[{"href":"https:\/\/lerevedegaia.fr\/index.php?rest_route=%2Fwp%2Fv2%2Fmedia&parent=800"}],"curies":[{"name":"wp","href":"https:\/\/api.w.org\/{rel}","templated":true}]}}