{"id":830,"date":"2022-09-06T14:21:53","date_gmt":"2022-09-06T12:21:53","guid":{"rendered":"https:\/\/lerevedegaia.fr\/?page_id=830"},"modified":"2022-09-24T18:34:02","modified_gmt":"2022-09-24T16:34:02","slug":"a-propos-2","status":"publish","type":"page","link":"https:\/\/lerevedegaia.fr\/?page_id=830","title":{"rendered":"A PROPOS"},"content":{"rendered":"\t\t<div data-elementor-type=\"wp-page\" data-elementor-id=\"830\" class=\"elementor elementor-830\">\n\t\t\t\t\t\t\t\t\t<section class=\"elementor-section elementor-top-section elementor-element elementor-element-f317547 elementor-section-boxed elementor-section-height-default elementor-section-height-default exad-glass-effect-no exad-sticky-section-no\" data-id=\"f317547\" data-element_type=\"section\">\n\t\t\t\t\t\t<div class=\"elementor-container elementor-column-gap-default\">\n\t\t\t\t\t<div class=\"elementor-column elementor-col-100 elementor-top-column elementor-element elementor-element-24a137a exad-glass-effect-no exad-sticky-section-no\" data-id=\"24a137a\" data-element_type=\"column\">\n\t\t\t<div class=\"elementor-widget-wrap elementor-element-populated\">\n\t\t\t\t\t\t\t\t<div class=\"elementor-element elementor-element-dc6b431 elementor-widget-divider--view-line exad-sticky-section-no exad-glass-effect-no elementor-widget elementor-widget-divider\" data-id=\"dc6b431\" data-element_type=\"widget\" data-widget_type=\"divider.default\">\n\t\t\t\t<div class=\"elementor-widget-container\">\n\t\t\t<style>\/*! elementor - v3.8.0 - 30-10-2022 *\/\n.elementor-widget-divider{--divider-border-style:none;--divider-border-width:1px;--divider-color:#2c2c2c;--divider-icon-size:20px;--divider-element-spacing:10px;--divider-pattern-height:24px;--divider-pattern-size:20px;--divider-pattern-url:none;--divider-pattern-repeat:repeat-x}.elementor-widget-divider .elementor-divider{display:-webkit-box;display:-ms-flexbox;display:flex}.elementor-widget-divider .elementor-divider__text{font-size:15px;line-height:1;max-width:95%}.elementor-widget-divider .elementor-divider__element{margin:0 var(--divider-element-spacing);-ms-flex-negative:0;flex-shrink:0}.elementor-widget-divider .elementor-icon{font-size:var(--divider-icon-size)}.elementor-widget-divider .elementor-divider-separator{display:-webkit-box;display:-ms-flexbox;display:flex;margin:0;direction:ltr}.elementor-widget-divider--view-line_icon .elementor-divider-separator,.elementor-widget-divider--view-line_text .elementor-divider-separator{-webkit-box-align:center;-ms-flex-align:center;align-items:center}.elementor-widget-divider--view-line_icon .elementor-divider-separator:after,.elementor-widget-divider--view-line_icon .elementor-divider-separator:before,.elementor-widget-divider--view-line_text .elementor-divider-separator:after,.elementor-widget-divider--view-line_text .elementor-divider-separator:before{display:block;content:\"\";border-bottom:0;-webkit-box-flex:1;-ms-flex-positive:1;flex-grow:1;border-top:var(--divider-border-width) var(--divider-border-style) var(--divider-color)}.elementor-widget-divider--element-align-left .elementor-divider .elementor-divider-separator>.elementor-divider__svg:first-of-type{-webkit-box-flex:0;-ms-flex-positive:0;flex-grow:0;-ms-flex-negative:100;flex-shrink:100}.elementor-widget-divider--element-align-left .elementor-divider-separator:before{content:none}.elementor-widget-divider--element-align-left .elementor-divider__element{margin-left:0}.elementor-widget-divider--element-align-right .elementor-divider .elementor-divider-separator>.elementor-divider__svg:last-of-type{-webkit-box-flex:0;-ms-flex-positive:0;flex-grow:0;-ms-flex-negative:100;flex-shrink:100}.elementor-widget-divider--element-align-right .elementor-divider-separator:after{content:none}.elementor-widget-divider--element-align-right .elementor-divider__element{margin-right:0}.elementor-widget-divider:not(.elementor-widget-divider--view-line_text):not(.elementor-widget-divider--view-line_icon) .elementor-divider-separator{border-top:var(--divider-border-width) var(--divider-border-style) var(--divider-color)}.elementor-widget-divider--separator-type-pattern{--divider-border-style:none}.elementor-widget-divider--separator-type-pattern.elementor-widget-divider--view-line .elementor-divider-separator,.elementor-widget-divider--separator-type-pattern:not(.elementor-widget-divider--view-line) .elementor-divider-separator:after,.elementor-widget-divider--separator-type-pattern:not(.elementor-widget-divider--view-line) .elementor-divider-separator:before,.elementor-widget-divider--separator-type-pattern:not([class*=elementor-widget-divider--view]) .elementor-divider-separator{width:100%;min-height:var(--divider-pattern-height);-webkit-mask-size:var(--divider-pattern-size) 100%;mask-size:var(--divider-pattern-size) 100%;-webkit-mask-repeat:var(--divider-pattern-repeat);mask-repeat:var(--divider-pattern-repeat);background-color:var(--divider-color);-webkit-mask-image:var(--divider-pattern-url);mask-image:var(--divider-pattern-url)}.elementor-widget-divider--no-spacing{--divider-pattern-size:auto}.elementor-widget-divider--bg-round{--divider-pattern-repeat:round}.rtl .elementor-widget-divider .elementor-divider__text{direction:rtl}.e-con-inner>.elementor-widget-divider,.e-con>.elementor-widget-divider{width:var(--container-widget-width,100%)}<\/style>\t\t<div class=\"elementor-divider\">\n\t\t\t<span class=\"elementor-divider-separator\">\n\t\t\t\t\t\t<\/span>\n\t\t<\/div>\n\t\t\t\t<\/div>\n\t\t\t\t<\/div>\n\t\t\t\t\t<\/div>\n\t\t<\/div>\n\t\t\t\t\t\t\t<\/div>\n\t\t<\/section>\n\t\t\t\t<section class=\"elementor-section elementor-top-section elementor-element elementor-element-75b6dd0 elementor-section-boxed elementor-section-height-default elementor-section-height-default exad-glass-effect-no exad-sticky-section-no\" data-id=\"75b6dd0\" data-element_type=\"section\">\n\t\t\t\t\t\t<div class=\"elementor-container elementor-column-gap-default\">\n\t\t\t\t\t<div class=\"elementor-column elementor-col-100 elementor-top-column elementor-element elementor-element-6d56947 exad-glass-effect-no exad-sticky-section-no\" data-id=\"6d56947\" data-element_type=\"column\">\n\t\t\t<div class=\"elementor-widget-wrap elementor-element-populated\">\n\t\t\t\t\t\t\t\t<div class=\"elementor-element elementor-element-b8a11ec exad-sticky-section-no exad-glass-effect-no elementor-widget elementor-widget-text-editor\" data-id=\"b8a11ec\" data-element_type=\"widget\" data-widget_type=\"text-editor.default\">\n\t\t\t\t<div class=\"elementor-widget-container\">\n\t\t\t<style>\/*! elementor - v3.8.0 - 30-10-2022 *\/\n.elementor-widget-text-editor.elementor-drop-cap-view-stacked .elementor-drop-cap{background-color:#818a91;color:#fff}.elementor-widget-text-editor.elementor-drop-cap-view-framed .elementor-drop-cap{color:#818a91;border:3px solid;background-color:transparent}.elementor-widget-text-editor:not(.elementor-drop-cap-view-default) .elementor-drop-cap{margin-top:8px}.elementor-widget-text-editor:not(.elementor-drop-cap-view-default) .elementor-drop-cap-letter{width:1em;height:1em}.elementor-widget-text-editor .elementor-drop-cap{float:left;text-align:center;line-height:1;font-size:50px}.elementor-widget-text-editor .elementor-drop-cap-letter{display:inline-block}<\/style>\t\t\t\t<p style=\"caret-color: #000000; color: #000000; font-variant-caps: normal;\"><em>\u00a0\u00bb Sans parler de la propagande, parfaitement d&rsquo;\u00e0-propos ou des objets technologiques et leur lot de gros boutons clignotants et de moniteurs monochromes d\u00e9licieusement obsol\u00e8tes.\u00a0\u00bb<\/em><\/p>\t\t\t\t\t\t<\/div>\n\t\t\t\t<\/div>\n\t\t\t\t\t<\/div>\n\t\t<\/div>\n\t\t\t\t\t\t\t<\/div>\n\t\t<\/section>\n\t\t\t\t<section class=\"elementor-section elementor-top-section elementor-element elementor-element-2eedc39 elementor-section-boxed elementor-section-height-default elementor-section-height-default exad-glass-effect-no exad-sticky-section-no\" data-id=\"2eedc39\" data-element_type=\"section\">\n\t\t\t\t\t\t<div class=\"elementor-container elementor-column-gap-default\">\n\t\t\t\t\t<div class=\"elementor-column elementor-col-100 elementor-top-column elementor-element elementor-element-4908e74 exad-glass-effect-no exad-sticky-section-no\" data-id=\"4908e74\" data-element_type=\"column\">\n\t\t\t<div class=\"elementor-widget-wrap elementor-element-populated\">\n\t\t\t\t\t\t\t\t<section class=\"elementor-section elementor-inner-section elementor-element elementor-element-e9ccb5d elementor-section-boxed elementor-section-height-default elementor-section-height-default exad-glass-effect-no exad-sticky-section-no\" data-id=\"e9ccb5d\" data-element_type=\"section\">\n\t\t\t\t\t\t<div class=\"elementor-container elementor-column-gap-default\">\n\t\t\t\t\t<div class=\"elementor-column elementor-col-50 elementor-inner-column elementor-element elementor-element-8afa5ca exad-glass-effect-no exad-sticky-section-no\" data-id=\"8afa5ca\" data-element_type=\"column\">\n\t\t\t<div class=\"elementor-widget-wrap elementor-element-populated\">\n\t\t\t\t\t\t\t\t<div class=\"elementor-element elementor-element-d68df21 exad-sticky-section-no exad-glass-effect-no elementor-widget elementor-widget-image\" data-id=\"d68df21\" data-element_type=\"widget\" data-widget_type=\"image.default\">\n\t\t\t\t<div class=\"elementor-widget-container\">\n\t\t\t<style>\/*! elementor - v3.8.0 - 30-10-2022 *\/\n.elementor-widget-image{text-align:center}.elementor-widget-image a{display:inline-block}.elementor-widget-image a img[src$=\".svg\"]{width:48px}.elementor-widget-image img{vertical-align:middle;display:inline-block}<\/style>\t\t\t\t\t\t\t\t\t<figure class=\"wp-caption\">\n\t\t\t\t\t\t\t\t\t\t\t<a href=\"https:\/\/lerevedegaia.fr\/wp-content\/uploads\/2022\/08\/jardinauxmoines-819-scaled-1.jpeg\" data-elementor-open-lightbox=\"yes\" data-elementor-lightbox-title=\"F\u00f4ret de Broc\u00e9liande\" e-action-hash=\"#elementor-action%3Aaction%3Dlightbox%26settings%3DeyJpZCI6MzMsInVybCI6Imh0dHBzOlwvXC9sZXJldmVkZWdhaWEuZnJcL3dwLWNvbnRlbnRcL3VwbG9hZHNcLzIwMjJcLzA4XC9qYXJkaW5hdXhtb2luZXMtODE5LXNjYWxlZC0xLmpwZWcifQ%3D%3D\">\n\t\t\t\t\t\t\t<img loading=\"lazy\" decoding=\"async\" width=\"1024\" height=\"683\" src=\"https:\/\/lerevedegaia.fr\/wp-content\/uploads\/2022\/08\/jardinauxmoines-819-scaled-1-1024x683.jpeg\" class=\"attachment-large size-large\" alt=\"\" srcset=\"https:\/\/lerevedegaia.fr\/wp-content\/uploads\/2022\/08\/jardinauxmoines-819-scaled-1-1024x683.jpeg 1024w, https:\/\/lerevedegaia.fr\/wp-content\/uploads\/2022\/08\/jardinauxmoines-819-scaled-1-300x200.jpeg 300w, https:\/\/lerevedegaia.fr\/wp-content\/uploads\/2022\/08\/jardinauxmoines-819-scaled-1-768x512.jpeg 768w, https:\/\/lerevedegaia.fr\/wp-content\/uploads\/2022\/08\/jardinauxmoines-819-scaled-1-1536x1024.jpeg 1536w, https:\/\/lerevedegaia.fr\/wp-content\/uploads\/2022\/08\/jardinauxmoines-819-scaled-1-2048x1366.jpeg 2048w, https:\/\/lerevedegaia.fr\/wp-content\/uploads\/2022\/08\/jardinauxmoines-819-scaled-1-1568x1046.jpeg 1568w\" sizes=\"auto, (max-width: 1024px) 100vw, 1024px\" \/>\t\t\t\t\t\t\t\t<\/a>\n\t\t\t\t\t\t\t\t\t\t\t<figcaption class=\"widget-image-caption wp-caption-text\">For\u00eat de Broc\u00e9liande<\/figcaption>\n\t\t\t\t\t\t\t\t\t\t<\/figure>\n\t\t\t\t\t\t\t\t\t<\/div>\n\t\t\t\t<\/div>\n\t\t\t\t\t<\/div>\n\t\t<\/div>\n\t\t\t\t<div class=\"elementor-column elementor-col-50 elementor-inner-column elementor-element elementor-element-555c917 exad-glass-effect-no exad-sticky-section-no\" data-id=\"555c917\" data-element_type=\"column\">\n\t\t\t<div class=\"elementor-widget-wrap elementor-element-populated\">\n\t\t\t\t\t\t\t\t<div class=\"elementor-element elementor-element-cf0a081 exad-sticky-section-no exad-glass-effect-no elementor-widget elementor-widget-heading\" data-id=\"cf0a081\" data-element_type=\"widget\" data-widget_type=\"heading.default\">\n\t\t\t\t<div class=\"elementor-widget-container\">\n\t\t\t<style>\/*! elementor - v3.8.0 - 30-10-2022 *\/\n.elementor-heading-title{padding:0;margin:0;line-height:1}.elementor-widget-heading .elementor-heading-title[class*=elementor-size-]>a{color:inherit;font-size:inherit;line-height:inherit}.elementor-widget-heading .elementor-heading-title.elementor-size-small{font-size:15px}.elementor-widget-heading .elementor-heading-title.elementor-size-medium{font-size:19px}.elementor-widget-heading .elementor-heading-title.elementor-size-large{font-size:29px}.elementor-widget-heading .elementor-heading-title.elementor-size-xl{font-size:39px}.elementor-widget-heading .elementor-heading-title.elementor-size-xxl{font-size:59px}<\/style><h2 class=\"elementor-heading-title elementor-size-large\">Ga\u00efa<\/h2>\t\t<\/div>\n\t\t\t\t<\/div>\n\t\t\t\t<div class=\"elementor-element elementor-element-73377bf exad-sticky-section-no exad-glass-effect-no elementor-widget elementor-widget-text-editor\" data-id=\"73377bf\" data-element_type=\"widget\" data-widget_type=\"text-editor.default\">\n\t\t\t\t<div class=\"elementor-widget-container\">\n\t\t\t\t\t\t\t<p>Au temps de la gen\u00e8se, elle est n\u00e9e avec\u00a0Ouranos\u00a0du\u00a0Chaos, avec qui elle eut beaucoup d&rsquo;enfants tels que des monstres, des\u00a0Cyclopes, des\u00a0H\u00e9catonchires\u00a0et les\u00a0Titans. Un jour, Ouranos enferma les monstres qu&rsquo;ils avaient engendr\u00e9s au\u00a0Tartare. Voulant se venger de son mari, Ga\u00efa demanda de l&rsquo;aide \u00e0 ces enfants, mais seul\u00a0Cronos\u00a0r\u00e9pondit \u00e0 l&rsquo;appel.\u00a0Cronos\u00a0tua son p\u00e8re et l&rsquo;envoya au\u00a0Tartare. Avant d\u2019\u00eatre emprisonn\u00e9, il pr\u00e9dit qu&rsquo;un de ses enfants le d\u00e9tr\u00f4nera.<\/p><p>Apr\u00e8s un long r\u00e8gne des\u00a0Titans\u00a0sur le monde, une nouvelle g\u00e9n\u00e9ration voit le jour et renverse les Titans, il s&rsquo;agit de leurs enfants, les Olympiens. Ga\u00efa fut furieuse que les dieux s&#8217;emparent du pouvoir. Elle prit alors un nouveau mari,\u00a0Tartare, et elle donna naissance \u00e0 une race de g\u00e9ants, mais les dieux r\u00e9ussirent de nouveau \u00e0 les renverser. \u00c9tait-ce cette Ga\u00efa-l\u00e0 qui nous int\u00e9ressait ? <strong>Non du tout \u2026<\/strong><\/p>\t\t\t\t\t\t<\/div>\n\t\t\t\t<\/div>\n\t\t\t\t\t<\/div>\n\t\t<\/div>\n\t\t\t\t\t\t\t<\/div>\n\t\t<\/section>\n\t\t\t\t\t<\/div>\n\t\t<\/div>\n\t\t\t\t\t\t\t<\/div>\n\t\t<\/section>\n\t\t\t\t<section class=\"elementor-section elementor-top-section elementor-element elementor-element-596c35f elementor-section-boxed elementor-section-height-default elementor-section-height-default exad-glass-effect-no exad-sticky-section-no\" data-id=\"596c35f\" data-element_type=\"section\">\n\t\t\t\t\t\t<div class=\"elementor-container elementor-column-gap-default\">\n\t\t\t\t\t<div class=\"elementor-column elementor-col-100 elementor-top-column elementor-element elementor-element-e432a94 exad-glass-effect-no exad-sticky-section-no\" data-id=\"e432a94\" data-element_type=\"column\">\n\t\t\t<div class=\"elementor-widget-wrap elementor-element-populated\">\n\t\t\t\t\t\t\t\t<section class=\"elementor-section elementor-inner-section elementor-element elementor-element-0a796a9 elementor-section-boxed elementor-section-height-default elementor-section-height-default exad-glass-effect-no exad-sticky-section-no\" data-id=\"0a796a9\" data-element_type=\"section\">\n\t\t\t\t\t\t<div class=\"elementor-container elementor-column-gap-default\">\n\t\t\t\t\t<div class=\"elementor-column elementor-col-50 elementor-inner-column elementor-element elementor-element-5211daa exad-glass-effect-no exad-sticky-section-no\" data-id=\"5211daa\" data-element_type=\"column\">\n\t\t\t<div class=\"elementor-widget-wrap elementor-element-populated\">\n\t\t\t\t\t\t\t\t<div class=\"elementor-element elementor-element-254403c exad-sticky-section-no exad-glass-effect-no elementor-widget elementor-widget-heading\" data-id=\"254403c\" data-element_type=\"widget\" data-widget_type=\"heading.default\">\n\t\t\t\t<div class=\"elementor-widget-container\">\n\t\t\t<h2 class=\"elementor-heading-title elementor-size-large\">Un autre regard sur Ga\u00efa<\/h2>\t\t<\/div>\n\t\t\t\t<\/div>\n\t\t\t\t<div class=\"elementor-element elementor-element-f4303b9 exad-sticky-section-no exad-glass-effect-no elementor-widget elementor-widget-text-editor\" data-id=\"f4303b9\" data-element_type=\"widget\" data-widget_type=\"text-editor.default\">\n\t\t\t\t<div class=\"elementor-widget-container\">\n\t\t\t\t\t\t\t<p><span style=\"caret-color: #4a4a4a; color: #4a4a4a; font-family: serif; font-size: 14px; font-style: normal; font-variant-caps: normal; white-space: pre-wrap;\">Ga\u00efa, la fameuse d\u00e9esse de la mythologie grecque, est de retour. Depuis quelques d\u00e9cennies, il n\u2019est en effet pas rare de la voir invoqu\u00e9e \u00e0 la fois par des mouvements&nbsp;\u00ab\u00a0New Age\u00a0\u00bb, par des mouvements \u00e9cologistes mais aussi par des scientifiques. Ce sont d\u2019ailleurs ces derniers qui l\u2019ont remise au go\u00fbt du jour en donnant son nom \u00e0 une hypoth\u00e8se scientifique postulant que<strong> l\u2019interaction de l\u2019ensemble des organismes vivants maintiendrait des conditions optimales \u00e0 la vie sur Terre<\/strong>. Gr\u00e2ce aux travaux de vulgarisation, cette hypoth\u00e8se tr\u00e8s controvers\u00e9e \u00e0 son apparition a rapidement trouv\u00e9 \u00e9cho en Occident, en particulier au sein de certains mouvements \u00e9cologistes ou spirituels. Tout en la simplifiant parfois \u00e0 outrance, ces mouvements l\u2019ont ainsi mobilis\u00e9e pour inciter \u00e0 plus de r\u00e9v\u00e9rences vis-\u00e0-vis de Ga\u00efa, souvent entendu comme un synonyme d\u2019une Terre-M\u00e8re protectrice et nourrici\u00e8re. L\u2019hypoth\u00e8se apportait la preuve scientifique que les humains \u00e9taient interconnect\u00e9s et d\u00e9pendants des autres \u00eatres vivants sur Terre, et que par cons\u00e9quent, il fallait retrouver, respecter, voir v\u00e9n\u00e9rer ces liens d\u2019interd\u00e9pendances, conditions de notre propre survie en tant qu\u2019esp\u00e8ce.<\/span><\/p>\t\t\t\t\t\t<\/div>\n\t\t\t\t<\/div>\n\t\t\t\t\t<\/div>\n\t\t<\/div>\n\t\t\t\t<div class=\"elementor-column elementor-col-50 elementor-inner-column elementor-element elementor-element-fb70e59 exad-glass-effect-no exad-sticky-section-no\" data-id=\"fb70e59\" data-element_type=\"column\">\n\t\t\t<div class=\"elementor-widget-wrap elementor-element-populated\">\n\t\t\t\t\t\t\t\t<div class=\"elementor-element elementor-element-77982e4 exad-sticky-section-no exad-glass-effect-no elementor-widget elementor-widget-image\" data-id=\"77982e4\" data-element_type=\"widget\" data-widget_type=\"image.default\">\n\t\t\t\t<div class=\"elementor-widget-container\">\n\t\t\t\t\t\t\t\t\t\t\t\t\t\t\t\t<a href=\"https:\/\/lerevedegaia.fr\/wp-content\/uploads\/2022\/09\/depositphotos_382197360-stock-photo-diversity-hands-evoking-interconnection-ecology.jpeg\" data-elementor-open-lightbox=\"yes\" data-elementor-lightbox-title=\"Ensemble\" e-action-hash=\"#elementor-action%3Aaction%3Dlightbox%26settings%3DeyJpZCI6MjYxLCJ1cmwiOiJodHRwczpcL1wvbGVyZXZlZGVnYWlhLmZyXC93cC1jb250ZW50XC91cGxvYWRzXC8yMDIyXC8wOVwvZGVwb3NpdHBob3Rvc18zODIxOTczNjAtc3RvY2stcGhvdG8tZGl2ZXJzaXR5LWhhbmRzLWV2b2tpbmctaW50ZXJjb25uZWN0aW9uLWVjb2xvZ3kuanBlZyJ9\">\n\t\t\t\t\t\t\t<img loading=\"lazy\" decoding=\"async\" width=\"600\" height=\"337\" src=\"https:\/\/lerevedegaia.fr\/wp-content\/uploads\/2022\/09\/depositphotos_382197360-stock-photo-diversity-hands-evoking-interconnection-ecology.jpeg\" class=\"attachment-large size-large\" alt=\"\" srcset=\"https:\/\/lerevedegaia.fr\/wp-content\/uploads\/2022\/09\/depositphotos_382197360-stock-photo-diversity-hands-evoking-interconnection-ecology.jpeg 600w, https:\/\/lerevedegaia.fr\/wp-content\/uploads\/2022\/09\/depositphotos_382197360-stock-photo-diversity-hands-evoking-interconnection-ecology-300x169.jpeg 300w, https:\/\/lerevedegaia.fr\/wp-content\/uploads\/2022\/09\/depositphotos_382197360-stock-photo-diversity-hands-evoking-interconnection-ecology-107x60.jpeg 107w\" sizes=\"auto, (max-width: 600px) 100vw, 600px\" \/>\t\t\t\t\t\t\t\t<\/a>\n\t\t\t\t\t\t\t\t\t\t\t\t\t\t\t<\/div>\n\t\t\t\t<\/div>\n\t\t\t\t\t<\/div>\n\t\t<\/div>\n\t\t\t\t\t\t\t<\/div>\n\t\t<\/section>\n\t\t\t\t\t<\/div>\n\t\t<\/div>\n\t\t\t\t\t\t\t<\/div>\n\t\t<\/section>\n\t\t\t\t\t\t\t<\/div>\n\t\t","protected":false},"excerpt":{"rendered":"<p>\u00a0\u00bb Sans parler de la propagande, parfaitement d&rsquo;\u00e0-propos ou des objets technologiques et leur lot de gros boutons clignotants et de moniteurs monochromes d\u00e9licieusement obsol\u00e8tes.\u00a0\u00bb For\u00eat de Broc\u00e9liande Ga\u00efa Au temps de la gen\u00e8se, elle est n\u00e9e avec\u00a0Ouranos\u00a0du\u00a0Chaos, avec qui elle eut beaucoup d&rsquo;enfants tels que des monstres, des\u00a0Cyclopes, des\u00a0H\u00e9catonchires\u00a0et les\u00a0Titans. Un jour, Ouranos enferma les monstres qu&rsquo;ils avaient engendr\u00e9s au\u00a0Tartare. Voulant se venger de son mari, Ga\u00efa demanda de l&rsquo;aide \u00e0 ces enfants, mais seul\u00a0Cronos\u00a0r\u00e9pondit \u00e0 l&rsquo;appel.\u00a0Cronos\u00a0tua son p\u00e8re et l&rsquo;envoya au\u00a0Tartare. Avant d\u2019\u00eatre emprisonn\u00e9, il pr\u00e9dit qu&rsquo;un de ses enfants le d\u00e9tr\u00f4nera. Apr\u00e8s un long r\u00e8gne des\u00a0Titans\u00a0sur le\u2026<\/p>\n","protected":false},"author":1,"featured_media":0,"parent":0,"menu_order":0,"comment_status":"closed","ping_status":"closed","template":"","meta":{"footnotes":""},"class_list":["post-830","page","type-page","status-publish","hentry"],"blocksy_meta":{"styles_descriptor":{"styles":{"desktop":"","tablet":"","mobile":""},"google_fonts":[],"version":5}},"_links":{"self":[{"href":"https:\/\/lerevedegaia.fr\/index.php?rest_route=\/wp\/v2\/pages\/830","targetHints":{"allow":["GET"]}}],"collection":[{"href":"https:\/\/lerevedegaia.fr\/index.php?rest_route=\/wp\/v2\/pages"}],"about":[{"href":"https:\/\/lerevedegaia.fr\/index.php?rest_route=\/wp\/v2\/types\/page"}],"author":[{"embeddable":true,"href":"https:\/\/lerevedegaia.fr\/index.php?rest_route=\/wp\/v2\/users\/1"}],"replies":[{"embeddable":true,"href":"https:\/\/lerevedegaia.fr\/index.php?rest_route=%2Fwp%2Fv2%2Fcomments&post=830"}],"version-history":[{"count":58,"href":"https:\/\/lerevedegaia.fr\/index.php?rest_route=\/wp\/v2\/pages\/830\/revisions"}],"predecessor-version":[{"id":3140,"href":"https:\/\/lerevedegaia.fr\/index.php?rest_route=\/wp\/v2\/pages\/830\/revisions\/3140"}],"wp:attachment":[{"href":"https:\/\/lerevedegaia.fr\/index.php?rest_route=%2Fwp%2Fv2%2Fmedia&parent=830"}],"curies":[{"name":"wp","href":"https:\/\/api.w.org\/{rel}","templated":true}]}}