{"id":969,"date":"2022-09-07T08:56:10","date_gmt":"2022-09-07T06:56:10","guid":{"rendered":"https:\/\/lerevedegaia.fr\/?page_id=969"},"modified":"2022-09-27T11:19:20","modified_gmt":"2022-09-27T09:19:20","slug":"merci","status":"publish","type":"page","link":"https:\/\/lerevedegaia.fr\/?page_id=969","title":{"rendered":"MERCI"},"content":{"rendered":"\t\t<div data-elementor-type=\"wp-page\" data-elementor-id=\"969\" class=\"elementor elementor-969\">\n\t\t\t\t\t\t\t\t\t<section class=\"elementor-section elementor-top-section elementor-element elementor-element-b6ba1e5 elementor-section-boxed elementor-section-height-default elementor-section-height-default exad-glass-effect-no exad-sticky-section-no\" data-id=\"b6ba1e5\" data-element_type=\"section\">\n\t\t\t\t\t\t<div class=\"elementor-container elementor-column-gap-default\">\n\t\t\t\t\t<div class=\"elementor-column elementor-col-100 elementor-top-column elementor-element elementor-element-5eeaaf5 exad-glass-effect-no exad-sticky-section-no\" data-id=\"5eeaaf5\" data-element_type=\"column\">\n\t\t\t<div class=\"elementor-widget-wrap elementor-element-populated\">\n\t\t\t\t\t\t\t\t<div class=\"elementor-element elementor-element-34bd3f6 elementor-widget-divider--view-line exad-sticky-section-no exad-glass-effect-no elementor-widget elementor-widget-divider\" data-id=\"34bd3f6\" data-element_type=\"widget\" data-widget_type=\"divider.default\">\n\t\t\t\t<div class=\"elementor-widget-container\">\n\t\t\t<style>\/*! elementor - v3.8.0 - 30-10-2022 *\/\n.elementor-widget-divider{--divider-border-style:none;--divider-border-width:1px;--divider-color:#2c2c2c;--divider-icon-size:20px;--divider-element-spacing:10px;--divider-pattern-height:24px;--divider-pattern-size:20px;--divider-pattern-url:none;--divider-pattern-repeat:repeat-x}.elementor-widget-divider .elementor-divider{display:-webkit-box;display:-ms-flexbox;display:flex}.elementor-widget-divider .elementor-divider__text{font-size:15px;line-height:1;max-width:95%}.elementor-widget-divider .elementor-divider__element{margin:0 var(--divider-element-spacing);-ms-flex-negative:0;flex-shrink:0}.elementor-widget-divider .elementor-icon{font-size:var(--divider-icon-size)}.elementor-widget-divider .elementor-divider-separator{display:-webkit-box;display:-ms-flexbox;display:flex;margin:0;direction:ltr}.elementor-widget-divider--view-line_icon .elementor-divider-separator,.elementor-widget-divider--view-line_text .elementor-divider-separator{-webkit-box-align:center;-ms-flex-align:center;align-items:center}.elementor-widget-divider--view-line_icon .elementor-divider-separator:after,.elementor-widget-divider--view-line_icon .elementor-divider-separator:before,.elementor-widget-divider--view-line_text .elementor-divider-separator:after,.elementor-widget-divider--view-line_text .elementor-divider-separator:before{display:block;content:\"\";border-bottom:0;-webkit-box-flex:1;-ms-flex-positive:1;flex-grow:1;border-top:var(--divider-border-width) var(--divider-border-style) var(--divider-color)}.elementor-widget-divider--element-align-left .elementor-divider .elementor-divider-separator>.elementor-divider__svg:first-of-type{-webkit-box-flex:0;-ms-flex-positive:0;flex-grow:0;-ms-flex-negative:100;flex-shrink:100}.elementor-widget-divider--element-align-left .elementor-divider-separator:before{content:none}.elementor-widget-divider--element-align-left .elementor-divider__element{margin-left:0}.elementor-widget-divider--element-align-right .elementor-divider .elementor-divider-separator>.elementor-divider__svg:last-of-type{-webkit-box-flex:0;-ms-flex-positive:0;flex-grow:0;-ms-flex-negative:100;flex-shrink:100}.elementor-widget-divider--element-align-right .elementor-divider-separator:after{content:none}.elementor-widget-divider--element-align-right .elementor-divider__element{margin-right:0}.elementor-widget-divider:not(.elementor-widget-divider--view-line_text):not(.elementor-widget-divider--view-line_icon) .elementor-divider-separator{border-top:var(--divider-border-width) var(--divider-border-style) var(--divider-color)}.elementor-widget-divider--separator-type-pattern{--divider-border-style:none}.elementor-widget-divider--separator-type-pattern.elementor-widget-divider--view-line .elementor-divider-separator,.elementor-widget-divider--separator-type-pattern:not(.elementor-widget-divider--view-line) .elementor-divider-separator:after,.elementor-widget-divider--separator-type-pattern:not(.elementor-widget-divider--view-line) .elementor-divider-separator:before,.elementor-widget-divider--separator-type-pattern:not([class*=elementor-widget-divider--view]) .elementor-divider-separator{width:100%;min-height:var(--divider-pattern-height);-webkit-mask-size:var(--divider-pattern-size) 100%;mask-size:var(--divider-pattern-size) 100%;-webkit-mask-repeat:var(--divider-pattern-repeat);mask-repeat:var(--divider-pattern-repeat);background-color:var(--divider-color);-webkit-mask-image:var(--divider-pattern-url);mask-image:var(--divider-pattern-url)}.elementor-widget-divider--no-spacing{--divider-pattern-size:auto}.elementor-widget-divider--bg-round{--divider-pattern-repeat:round}.rtl .elementor-widget-divider .elementor-divider__text{direction:rtl}.e-con-inner>.elementor-widget-divider,.e-con>.elementor-widget-divider{width:var(--container-widget-width,100%)}<\/style>\t\t<div class=\"elementor-divider\">\n\t\t\t<span class=\"elementor-divider-separator\">\n\t\t\t\t\t\t<\/span>\n\t\t<\/div>\n\t\t\t\t<\/div>\n\t\t\t\t<\/div>\n\t\t\t\t\t<\/div>\n\t\t<\/div>\n\t\t\t\t\t\t\t<\/div>\n\t\t<\/section>\n\t\t\t\t<section class=\"elementor-section elementor-top-section elementor-element elementor-element-dd8c30b elementor-section-boxed elementor-section-height-default elementor-section-height-default exad-glass-effect-no exad-sticky-section-no\" data-id=\"dd8c30b\" data-element_type=\"section\">\n\t\t\t\t\t\t<div class=\"elementor-container elementor-column-gap-default\">\n\t\t\t\t\t<div class=\"elementor-column elementor-col-100 elementor-top-column elementor-element elementor-element-3396d90 exad-glass-effect-no exad-sticky-section-no\" data-id=\"3396d90\" data-element_type=\"column\">\n\t\t\t<div class=\"elementor-widget-wrap elementor-element-populated\">\n\t\t\t\t\t\t\t\t<div class=\"elementor-element elementor-element-c926b77 exad-sticky-section-no exad-glass-effect-no elementor-widget elementor-widget-text-editor\" data-id=\"c926b77\" data-element_type=\"widget\" data-widget_type=\"text-editor.default\">\n\t\t\t\t<div class=\"elementor-widget-container\">\n\t\t\t<style>\/*! elementor - v3.8.0 - 30-10-2022 *\/\n.elementor-widget-text-editor.elementor-drop-cap-view-stacked .elementor-drop-cap{background-color:#818a91;color:#fff}.elementor-widget-text-editor.elementor-drop-cap-view-framed .elementor-drop-cap{color:#818a91;border:3px solid;background-color:transparent}.elementor-widget-text-editor:not(.elementor-drop-cap-view-default) .elementor-drop-cap{margin-top:8px}.elementor-widget-text-editor:not(.elementor-drop-cap-view-default) .elementor-drop-cap-letter{width:1em;height:1em}.elementor-widget-text-editor .elementor-drop-cap{float:left;text-align:center;line-height:1;font-size:50px}.elementor-widget-text-editor .elementor-drop-cap-letter{display:inline-block}<\/style>\t\t\t\t<p style=\"caret-color: #000000; color: #000000; font-style: normal; font-variant-caps: normal;\"><em>L\u2019 expression\u00a0de la gratitude commence par un petit mot dont les enfants apprennent \u00e0 tester les vertus magiques : \u00ab\u00a0merci\u00a0\u00bb. Encore faut-il savoir le dire pour que s\u2019ouvre le s\u00e9same de la gratitude qui r\u00e9jouit tout autant celui qui donne que celui qui re\u00e7oit. Dire merci du bout des l\u00e8vres ou en maugr\u00e9ant, ce n\u2019est pas exprimer sa gratitude mais se soumettre \u00e0 un code de politesse \u00e9l\u00e9mentaire en passant \u00e0 c\u00f4t\u00e9 de l\u2019essentiel, la pr\u00e9sence de son bienfaiteur.<\/em><\/p>\t\t\t\t\t\t<\/div>\n\t\t\t\t<\/div>\n\t\t\t\t\t<\/div>\n\t\t<\/div>\n\t\t\t\t\t\t\t<\/div>\n\t\t<\/section>\n\t\t\t\t<section class=\"elementor-section elementor-top-section elementor-element elementor-element-dcd1ce8 elementor-section-boxed elementor-section-height-default elementor-section-height-default exad-glass-effect-no exad-sticky-section-no\" data-id=\"dcd1ce8\" data-element_type=\"section\">\n\t\t\t\t\t\t<div class=\"elementor-container elementor-column-gap-default\">\n\t\t\t\t\t<div class=\"elementor-column elementor-col-100 elementor-top-column elementor-element elementor-element-9bbe879 exad-glass-effect-no exad-sticky-section-no\" data-id=\"9bbe879\" data-element_type=\"column\">\n\t\t\t<div class=\"elementor-widget-wrap elementor-element-populated\">\n\t\t\t\t\t\t\t\t<div class=\"elementor-element elementor-element-f247191 exad-sticky-section-no exad-glass-effect-no elementor-widget elementor-widget-text-editor\" data-id=\"f247191\" data-element_type=\"widget\" data-widget_type=\"text-editor.default\">\n\t\t\t\t<div class=\"elementor-widget-container\">\n\t\t\t\t\t\t\t<p><em>J\u2019ai eu la chance de vous rencontrer dans diff\u00e9rentes p\u00e9riodes de ma vie. Sans vous, je ne serais pas celui que je suis. J\u2019ai toujours essay\u00e9 de garder le contact avec vous, mais voil\u00e0, il est temps pour moi de tourner une page et de rencontrer d\u2019autres personnes dans une autre r\u00e9gion. Je suis conscient que la distance va estomper nos visites, certains d\u2019entre vous continueront \u00e0 venir nous voir en Bretagne, mais je sais que je vais perdre des amis qui me sont chers. Alors merci, oui merci du fond du coeur, pour tous ces projets, ces fous rires, ces petits moments de plaisir, ces tranches de vie, bref merci \u00e0 vous .<\/em><\/p><p><em>Je ne garde que les bons souvenirs, le reste est d\u00e9j\u00e0 aux oubliettes depuis tr\u00e8s longtemps. Je vais essayer d&rsquo;enrichir, au fur et \u00e0 mesure du temps, mes petites tranches de vie bretonnes sur ce site. Je vous pr\u00e9senterai notre r\u00e9gion, nos l\u00e9gumes du jardin, nos nouveaux amis que nous rencontrerons et tant d&rsquo;autres choses.<\/em><\/p><p><em><strong>Nous vous accueillerons les bras ouverts, il y aura toujours un\u00a0caf\u00e9 chaud sur la table et un lit douillet pour vous reposer.<\/strong><\/em><\/p><p><em>Fr\u00e9d\u00e9ric<\/em><\/p>\t\t\t\t\t\t<\/div>\n\t\t\t\t<\/div>\n\t\t\t\t\t<\/div>\n\t\t<\/div>\n\t\t\t\t\t\t\t<\/div>\n\t\t<\/section>\n\t\t\t\t<section class=\"elementor-section elementor-top-section elementor-element elementor-element-b7f68cb elementor-section-boxed elementor-section-height-default elementor-section-height-default exad-glass-effect-no exad-sticky-section-no\" data-id=\"b7f68cb\" data-element_type=\"section\">\n\t\t\t\t\t\t<div class=\"elementor-container elementor-column-gap-default\">\n\t\t\t\t\t<div class=\"elementor-column elementor-col-100 elementor-top-column elementor-element elementor-element-3dd2f36 exad-glass-effect-no exad-sticky-section-no\" data-id=\"3dd2f36\" data-element_type=\"column\">\n\t\t\t<div class=\"elementor-widget-wrap elementor-element-populated\">\n\t\t\t\t\t\t\t\t<div class=\"elementor-element elementor-element-e43f762 exad-sticky-section-no exad-glass-effect-no elementor-widget elementor-widget-slide-compact-player\" data-id=\"e43f762\" data-element_type=\"widget\" data-widget_type=\"slide-compact-player.default\">\n\t\t\t\t<div class=\"elementor-widget-container\">\n\t\t\t\r\n\t\t<div class=\"swp_music_player compact-player\" id=\"mpfe_69d6e42d70e67\" data-autoplay=\"no\" data-playmode=\"repeat\" data-stopplaylistend=\"no\" data-repeatmode=\"unset\">\r\n\t\t\t<div class=\"swp-compact-player\">\r\n\t\t\t\t<div class=\"swp-compact-cover\">\r\n\t\t\t\t\t<div class=\"swp-compact-cover-container\"><\/div>\r\n\t\t\t\t\t<div class=\"compact-cover-overlay album_left_overlay lc_swp_overlay\"><\/div>\r\n\t\t\t\t<\/div>\r\n\r\n\t\t\t\t<div class=\"swp-compact-player-info\">\r\n\t\t\t\t\t<div class=\"compact-info-overlay album_right_overlay lc_swp_overlay\"><\/div>\r\n\t\t\t\t\t<div class=\"compact-info-content\">\r\n\t\t\t\t\t\t<div class=\"compact-info-top clearfix\">\r\n\t\t\t\t\t\t\t<div class=\"compact-song-details\">\r\n\t\t\t\t\t\t\t\t<div class=\"current_song_name compact-song-name\"><\/div>\r\n\t\t\t\t\t\t\t\t<div class=\"current_album_name compact-album-name\"><\/div>\r\n\t\t\t\t\t\t\t<\/div>\r\n\t\t\t\t\t\t\t<div class=\"compact-play-pause\">\r\n\t\t\t\t\t\t\t\t<span class=\"compact-play-container \">\r\n\t\t\t\t\t\t\t\t\t<i class=\"fas fa-play player_play compact_play compact-playpause\"><\/i>\r\n\t\t\t\t\t\t\t\t<\/span>\r\n\t\t\t\t\t\t\t\t<span class=\"compact-pause-container\">\r\n\t\t\t\t\t\t\t\t\t<i class=\"fas fa-pause compact_pause compact-playpause display_none\"><\/i>\r\n\t\t\t\t\t\t\t\t<\/span>\r\n\t\t\t\t\t\t\t<\/div>\r\n\t\t\t\t\t\t<\/div>\r\n\r\n\t\t\t\t\t\t<div class=\"smc_player_progress_bar compact-progress-bar\">\r\n\t\t\t\t\t\t\t<div class=\"player_time_slider_base compact-player-slider-base\"><\/div>\r\n\t\t\t\t\t\t\t<div class=\"player_time_slider compact-player-slider\"><\/div>\r\n\t\t\t\t\t\t<\/div>\r\n\r\n\t\t\t\t\t\t<div class=\"compact-info-bottom clearfix\">\r\n\t\t\t\t\t\t\t<div class=\"compact-timeline\">\r\n\t\t\t\t\t\t\t\t<span class=\"song_current_progress compact_current_progress\">0:00<\/span>\r\n\t\t\t\t\t\t\t\t<span class=\"player_duration_sep compact_duration_sep\">&#47;<\/span>\r\n\t\t\t\t\t\t\t\t<span class=\"song_duration compact_song_duration\">0:00<\/span>\r\n\t\t\t\t\t\t\t<\/div>\r\n\r\n\t\t\t\t\t\t\t\t\t\t\t\t\t\t<div class=\"compact-promo-links\">\r\n\t\t\t\t\t\t\t\t\t\t\t\t\t\t\t\t\t\t<div class=\"compact-promo-single\">\r\n\t\t\t\t\t\t\t\t\t\t\t<a href=\"https:\/\/open.spotify.com\/track\/7qFFfD6G3x5aCKvD1wrtEx\" target=\"_blank\" class=\"compact-promo-link\">\r\n\t\t\t\t\t\t\t\t\t\t\t\t<i aria-hidden=\"true\" class=\"fab fa-spotify\"><\/i>\t\t\t\t\t\t\t\t\t\t\t<\/a>\r\n\t\t\t\t\t\t\t\t\t\t<\/div>\r\n\t\t\t\t\t\t\t\t\t\t\t\t\t\t\t\t\t\t\t\t\t\t\t\t<\/div>\r\n\t\t\t\t\t\t\t\r\n\t\t\t\t\t\t\t<div class=\"compact-controls\">\r\n\t\t\t\t\t\t\t\t\t\t\t\t\t\t\t\t<i class=\"fas fa-step-backward mpfe-compact-bottom-player-icon\"><\/i>\r\n\t\t\t\t\t\t\t\t<i class=\"fas fa-step-forward mpfe-compact-bottom-player-icon\"><\/i>\r\n\t\t\t\t\t\t\t\t\t\t\t\t\t\t\t\t\t\t\t\t\t\t\t\t\r\n\t\t\t\t\t\t\t\t<i class=\"fas fa-list-ul mpfe-compact-list\"><\/i>\r\n\t\t\t\t\t\t\t<\/div>\r\n\t\t\t\t\t\t<\/div>\r\n\t\t\t\t\t<\/div>\r\n\t\t\t\t<\/div>\r\n\t\t\t<\/div>\r\n\r\n\t\t\t<div class=\"swp-compact-playlist\">\r\n\t\t\t\t<div class=\"compact-close-playlist-container\">\r\n\t\t\t\t<\/div>\r\n\t\t\t\t<div class=\"swp-compact-playlist-inner-container\">\r\n\t\t\t\t\t<div class=\"swp-compact-playlist-inner\">\r\n\t\t\t\t\t\t\t<div class=\"swp_music_player_entry compact-player-entry clearfix\" data-mediafile=\"https:\/\/lerevedegaia.fr\/wp-content\/uploads\/2022\/09\/2-02-Chez-nous.mp3\">\r\n\t\t\t<span class=\"swp_song_details player_entry_left\">\r\n\t\t\t\t<span class=\"play_icon\">\r\n\t\t\t\t\t<i class=\"fas fa-play before_song compact_bs\"><\/i>\r\n\t\t\t\t<\/span>\r\n\t\t\t\t<span class=\"player_song_name transition3\" data-albumname=\"Isabelle et Fr\u00e9d\u00e9ric\">\r\n\t\t\t\t\tChez nous\t\t\t\t<\/span>\r\n\t\t\t<\/span>\r\n\r\n\t\t\t<span class=\"entry_duration mpfe_fix_lh\"><\/span>\t\t\r\n\r\n\t\t\t<span class=\"song_buy_icons compact_buy_icons transition3 mobile_visibility_hide\">\r\n\t\t\t\t\t\t\t\t\t\t\t\t\t\t\t\t\t\t\t<\/span>\r\n\t\t<\/div>\r\n\r\n\t\t\t\t\t\t\t<\/div>\r\n\t\t\t\t<\/div>\r\n\t\t\t<\/div>\r\n\t\t<\/div>\r\n\r\n\t\t\t\t<\/div>\n\t\t\t\t<\/div>\n\t\t\t\t\t<\/div>\n\t\t<\/div>\n\t\t\t\t\t\t\t<\/div>\n\t\t<\/section>\n\t\t\t\t<section class=\"elementor-section elementor-top-section elementor-element elementor-element-3e8cbcc elementor-section-boxed elementor-section-height-default elementor-section-height-default exad-glass-effect-no exad-sticky-section-no\" data-id=\"3e8cbcc\" data-element_type=\"section\">\n\t\t\t\t\t\t<div class=\"elementor-container elementor-column-gap-default\">\n\t\t\t\t\t<div class=\"elementor-column elementor-col-100 elementor-top-column elementor-element elementor-element-007b094 exad-glass-effect-no exad-sticky-section-no\" data-id=\"007b094\" data-element_type=\"column\">\n\t\t\t<div class=\"elementor-widget-wrap elementor-element-populated\">\n\t\t\t\t\t\t\t\t<div class=\"elementor-element elementor-element-f983290 exad-sticky-section-no exad-glass-effect-no elementor-widget elementor-widget-spacer\" data-id=\"f983290\" data-element_type=\"widget\" data-widget_type=\"spacer.default\">\n\t\t\t\t<div class=\"elementor-widget-container\">\n\t\t\t<style>\/*! elementor - v3.8.0 - 30-10-2022 *\/\n.elementor-column .elementor-spacer-inner{height:var(--spacer-size)}.e-con{--container-widget-width:100%}.e-con-inner>.elementor-widget-spacer,.e-con>.elementor-widget-spacer{width:var(--container-widget-width,var(--spacer-size));-ms-flex-item-align:stretch;align-self:stretch;-ms-flex-negative:0;flex-shrink:0}.e-con-inner>.elementor-widget-spacer>.elementor-widget-container,.e-con-inner>.elementor-widget-spacer>.elementor-widget-container>.elementor-spacer,.e-con>.elementor-widget-spacer>.elementor-widget-container,.e-con>.elementor-widget-spacer>.elementor-widget-container>.elementor-spacer{height:100%}.e-con-inner>.elementor-widget-spacer>.elementor-widget-container>.elementor-spacer>.elementor-spacer-inner,.e-con>.elementor-widget-spacer>.elementor-widget-container>.elementor-spacer>.elementor-spacer-inner{height:var(--container-widget-height,var(--spacer-size))}<\/style>\t\t<div class=\"elementor-spacer\">\n\t\t\t<div class=\"elementor-spacer-inner\"><\/div>\n\t\t<\/div>\n\t\t\t\t<\/div>\n\t\t\t\t<\/div>\n\t\t\t\t\t<\/div>\n\t\t<\/div>\n\t\t\t\t\t\t\t<\/div>\n\t\t<\/section>\n\t\t\t\t\t\t\t<\/div>\n\t\t","protected":false},"excerpt":{"rendered":"<p>L\u2019 expression\u00a0de la gratitude commence par un petit mot dont les enfants apprennent \u00e0 tester les vertus magiques : \u00ab\u00a0merci\u00a0\u00bb. Encore faut-il savoir le dire pour que s\u2019ouvre le s\u00e9same de la gratitude qui r\u00e9jouit tout autant celui qui donne que celui qui re\u00e7oit. Dire merci du bout des l\u00e8vres ou en maugr\u00e9ant, ce n\u2019est pas exprimer sa gratitude mais se soumettre \u00e0 un code de politesse \u00e9l\u00e9mentaire en passant \u00e0 c\u00f4t\u00e9 de l\u2019essentiel, la pr\u00e9sence de son bienfaiteur. J\u2019ai eu la chance de vous rencontrer dans diff\u00e9rentes p\u00e9riodes de ma vie. Sans vous, je ne serais pas celui que\u2026<\/p>\n","protected":false},"author":1,"featured_media":0,"parent":0,"menu_order":0,"comment_status":"closed","ping_status":"closed","template":"","meta":{"footnotes":""},"class_list":["post-969","page","type-page","status-publish","hentry"],"blocksy_meta":{"styles_descriptor":{"styles":{"desktop":"","tablet":"","mobile":""},"google_fonts":[],"version":5}},"_links":{"self":[{"href":"https:\/\/lerevedegaia.fr\/index.php?rest_route=\/wp\/v2\/pages\/969","targetHints":{"allow":["GET"]}}],"collection":[{"href":"https:\/\/lerevedegaia.fr\/index.php?rest_route=\/wp\/v2\/pages"}],"about":[{"href":"https:\/\/lerevedegaia.fr\/index.php?rest_route=\/wp\/v2\/types\/page"}],"author":[{"embeddable":true,"href":"https:\/\/lerevedegaia.fr\/index.php?rest_route=\/wp\/v2\/users\/1"}],"replies":[{"embeddable":true,"href":"https:\/\/lerevedegaia.fr\/index.php?rest_route=%2Fwp%2Fv2%2Fcomments&post=969"}],"version-history":[{"count":46,"href":"https:\/\/lerevedegaia.fr\/index.php?rest_route=\/wp\/v2\/pages\/969\/revisions"}],"predecessor-version":[{"id":3259,"href":"https:\/\/lerevedegaia.fr\/index.php?rest_route=\/wp\/v2\/pages\/969\/revisions\/3259"}],"wp:attachment":[{"href":"https:\/\/lerevedegaia.fr\/index.php?rest_route=%2Fwp%2Fv2%2Fmedia&parent=969"}],"curies":[{"name":"wp","href":"https:\/\/api.w.org\/{rel}","templated":true}]}}